{"id":462,"date":"2013-12-04T12:57:45","date_gmt":"2013-12-04T10:57:45","guid":{"rendered":"http:\/\/www3.icmm.csic.es\/superconductividad\/?page_id=462"},"modified":"2013-12-04T12:57:45","modified_gmt":"2013-12-04T10:57:45","slug":"nuevos-superconductores","status":"publish","type":"page","link":"https:\/\/wp.icmm.csic.es\/superconductividad\/materiales-superconductores\/nuevos-superconductores\/","title":{"rendered":"Nuevos Superconductores"},"content":{"rendered":"<p style=\"text-align: justify\"><span style=\"color: #000000\">Aunque la superconductividad se descubri\u00f3 en 1911, a\u00fan hoy siguen descubri\u00e9ndose nuevos superconductores. La b\u00fasqueda de nuevos materiales superconductores es un campo muy activo de investigaci\u00f3n que d\u00eda a d\u00eda nos sorprende con nuevos materiales.<\/span><\/p>\n<p style=\"text-align: justify\">Uno de los descubrimientos m\u00e1s interesantes mostr\u00f3 la aparici\u00f3n de superconductividad en la interfaz entre dos \u00f3xidos, el \u00f3xido de lantano y el \u00f3xido de titanio.<\/p>\n<p style=\"text-align: justify\"><span style=\"color: #000000\">Entre los superconductores descubiertos m\u00e1s recientemente encontramos los sulfuros de bismuto. Una vez m\u00e1s encontramos superconductividad en compuestos formados por capas, en este caso con bismuto y azufre. En julio de 2012 se demostr\u00f3 la existencia de superconductividad en estos materiales a bajas temperaturas, aproximadamente -265\u00baC. Ya se han descubierto varios compuestos superconductores que tienen estas capas de bismuto y azufre en com\u00fan. Entre las propiedades interesantes destacan lo resistente que es la superconductividad a la presencia de momentos magn\u00e9ticos. En la mayor\u00eda de los casos si la superconductividad es debida a vibraciones de la red de \u00e1tomos los momentos magn\u00e9ticos la destruyen. Podr\u00edamos encontrarnos ante un nuevo tipo de superconductor no convencional. Las primeras teor\u00edas sin embargo apuntan a que el origen de la superconductividad se encuentra en la interacci\u00f3n entre los electrones y la red de \u00e1tomos.<\/span><\/p>\n<p style=\"text-align: justify\"><span style=\"color: #000000\">Tambi\u00e9n en 2012 se ha descubierto superconductividad a temperaturas no demasiado bajas (-252\u00ba) en compuestos que contienen capas de titanio que presentan otras fases adem\u00e1s de la superconductividad, lo que nos recuerda a los superconductores no convencionales.<\/span><\/p>\n<p style=\"text-align: justify\"><span style=\"color: #000000\">En octubre de 2012, se ha descubierto superconductividad en compuestos de selenio o teluro e iridio y en compuestos de platino y lantano.<\/span><\/p>\n<p style=\"text-align: justify\">El disulfuro de Molibdeno es un compuesto que ha atra\u00eddo mucha atenci\u00f3n recientemente ya que se cree que puede jugar un papel muy relevante en la electr\u00f3nica del futuro, sustituyendo o complementando al silicio. \u00a0En diciembre de 2012 se descubri\u00f3 que cuando se a\u00f1ad\u00edan portadores a este material mediante un campo el\u00e9ctrico muy fuerte se volv\u00eda superconductor.<\/p>\n","protected":false},"excerpt":{"rendered":"<p>Aunque la superconductividad se descubri\u00f3 en 1911, a\u00fan hoy siguen descubri\u00e9ndose nuevos superconductores. La b\u00fasqueda de nuevos materiales superconductores es un campo muy activo de investigaci\u00f3n que d\u00eda a d\u00eda nos sorprende con nuevos materiales. Uno de los descubrimientos m\u00e1s interesantes mostr\u00f3 la aparici\u00f3n de superconductividad en la interfaz entre dos \u00f3xidos, el \u00f3xido de &hellip; <\/p>\n<p class=\"link-more\"><a href=\"https:\/\/wp.icmm.csic.es\/superconductividad\/materiales-superconductores\/nuevos-superconductores\/\" class=\"more-link\">Continuar leyendo<span class=\"screen-reader-text\"> \u00abNuevos Superconductores\u00bb<\/span><\/a><\/p>\n","protected":false},"author":1,"featured_media":0,"parent":456,"menu_order":4,"comment_status":"closed","ping_status":"closed","template":"","meta":{"ngg_post_thumbnail":0,"footnotes":""},"class_list":["post-462","page","type-page","status-publish","hentry"],"_links":{"self":[{"href":"https:\/\/wp.icmm.csic.es\/superconductividad\/wp-json\/wp\/v2\/pages\/462","targetHints":{"allow":["GET"]}}],"collection":[{"href":"https:\/\/wp.icmm.csic.es\/superconductividad\/wp-json\/wp\/v2\/pages"}],"about":[{"href":"https:\/\/wp.icmm.csic.es\/superconductividad\/wp-json\/wp\/v2\/types\/page"}],"author":[{"embeddable":true,"href":"https:\/\/wp.icmm.csic.es\/superconductividad\/wp-json\/wp\/v2\/users\/1"}],"replies":[{"embeddable":true,"href":"https:\/\/wp.icmm.csic.es\/superconductividad\/wp-json\/wp\/v2\/comments?post=462"}],"version-history":[{"count":1,"href":"https:\/\/wp.icmm.csic.es\/superconductividad\/wp-json\/wp\/v2\/pages\/462\/revisions"}],"predecessor-version":[{"id":1632,"href":"https:\/\/wp.icmm.csic.es\/superconductividad\/wp-json\/wp\/v2\/pages\/462\/revisions\/1632"}],"up":[{"embeddable":true,"href":"https:\/\/wp.icmm.csic.es\/superconductividad\/wp-json\/wp\/v2\/pages\/456"}],"wp:attachment":[{"href":"https:\/\/wp.icmm.csic.es\/superconductividad\/wp-json\/wp\/v2\/media?parent=462"}],"curies":[{"name":"wp","href":"https:\/\/api.w.org\/{rel}","templated":true}]}}