{"id":465,"date":"2013-12-04T12:58:44","date_gmt":"2013-12-04T10:58:44","guid":{"rendered":"http:\/\/www3.icmm.csic.es\/superconductividad\/?page_id=465"},"modified":"2018-02-26T12:12:56","modified_gmt":"2018-02-26T12:12:56","slug":"quienes-somos","status":"publish","type":"page","link":"https:\/\/wp.icmm.csic.es\/superconductividad\/quienes-somos\/","title":{"rendered":"Qui\u00e9nes somos"},"content":{"rendered":"<p>Somos un grupo de investigadoras de Instituto de Ciencia de Materiales de Madrid, perteneciente al Consejo Superior de Investigaciones Cient\u00edficas. Parte de <a title=\"Nuestra investigaci\u00f3n\" href=\"https:\/\/wp.icmm.csic.es\/superconductividad\/?page_id=490\">nuestra actividad investigadora<\/a> se centra en el estudio te\u00f3rico de las propiedades electr\u00f3nicas de materiales superconductores.\u00a0Hemos creado esta web porque queremos contarle a todos por qu\u00e9 nos fascina la superconductividad. Esperamos que disfrutes de ella.<br \/>\n<a href=\"https:\/\/wp.icmm.csic.es\/superconductividad\/wp-content\/uploads\/sites\/17\/2013\/12\/foto-grupo-spc-icmm-red.jpg\" rel=\"attachment wp-att-1455\"><img loading=\"lazy\" decoding=\"async\" class=\"aligncenter size-full wp-image-1455\" src=\"https:\/\/wp.icmm.csic.es\/superconductividad\/wp-content\/uploads\/sites\/17\/2013\/12\/foto-grupo-spc-icmm-red.jpg\" alt=\"foto-grupo-spc-icmm-red\" width=\"1000\" height=\"622\" srcset=\"https:\/\/wp.icmm.csic.es\/superconductividad\/wp-content\/uploads\/sites\/17\/2013\/12\/foto-grupo-spc-icmm-red.jpg 1000w, https:\/\/wp.icmm.csic.es\/superconductividad\/wp-content\/uploads\/sites\/17\/2013\/12\/foto-grupo-spc-icmm-red-300x187.jpg 300w, https:\/\/wp.icmm.csic.es\/superconductividad\/wp-content\/uploads\/sites\/17\/2013\/12\/foto-grupo-spc-icmm-red-768x478.jpg 768w\" sizes=\"auto, (max-width: 767px) 89vw, (max-width: 1000px) 54vw, (max-width: 1071px) 543px, 580px\" \/><\/a><br \/>\nDe izquierda a derecha en la foto: \u00a0<a href=\"http:\/\/www.icmm.csic.es\/lenibascones\">Leni Bascones<\/a>, <a href=\"http:\/\/www.icmm.csic.es\/belenvalenzuela\">Bel\u00e9n Valenzuela<\/a>\u00a0y\u00a0<a href=\"http:\/\/www.icmm.csic.es\/mjcalderon\">Mar\u00eda Jos\u00e9 Calder\u00f3n<\/a>.<\/p>\n","protected":false},"excerpt":{"rendered":"<p>Somos un grupo de investigadoras de Instituto de Ciencia de Materiales de Madrid, perteneciente al Consejo Superior de Investigaciones Cient\u00edficas. Parte de nuestra actividad investigadora se centra en el estudio te\u00f3rico de las propiedades electr\u00f3nicas de materiales superconductores.\u00a0Hemos creado esta web porque queremos contarle a todos por qu\u00e9 nos fascina la superconductividad. Esperamos que disfrutes &hellip; <\/p>\n<p class=\"link-more\"><a href=\"https:\/\/wp.icmm.csic.es\/superconductividad\/quienes-somos\/\" class=\"more-link\">Continuar leyendo<span class=\"screen-reader-text\"> \u00abQui\u00e9nes somos\u00bb<\/span><\/a><\/p>\n","protected":false},"author":1,"featured_media":0,"parent":0,"menu_order":10,"comment_status":"closed","ping_status":"closed","template":"","meta":{"ngg_post_thumbnail":0,"footnotes":""},"class_list":["post-465","page","type-page","status-publish","hentry"],"_links":{"self":[{"href":"https:\/\/wp.icmm.csic.es\/superconductividad\/wp-json\/wp\/v2\/pages\/465","targetHints":{"allow":["GET"]}}],"collection":[{"href":"https:\/\/wp.icmm.csic.es\/superconductividad\/wp-json\/wp\/v2\/pages"}],"about":[{"href":"https:\/\/wp.icmm.csic.es\/superconductividad\/wp-json\/wp\/v2\/types\/page"}],"author":[{"embeddable":true,"href":"https:\/\/wp.icmm.csic.es\/superconductividad\/wp-json\/wp\/v2\/users\/1"}],"replies":[{"embeddable":true,"href":"https:\/\/wp.icmm.csic.es\/superconductividad\/wp-json\/wp\/v2\/comments?post=465"}],"version-history":[{"count":2,"href":"https:\/\/wp.icmm.csic.es\/superconductividad\/wp-json\/wp\/v2\/pages\/465\/revisions"}],"predecessor-version":[{"id":1600,"href":"https:\/\/wp.icmm.csic.es\/superconductividad\/wp-json\/wp\/v2\/pages\/465\/revisions\/1600"}],"wp:attachment":[{"href":"https:\/\/wp.icmm.csic.es\/superconductividad\/wp-json\/wp\/v2\/media?parent=465"}],"curies":[{"name":"wp","href":"https:\/\/api.w.org\/{rel}","templated":true}]}}