{"id":490,"date":"2013-12-04T13:11:04","date_gmt":"2013-12-04T11:11:04","guid":{"rendered":"http:\/\/www3.icmm.csic.es\/superconductividad\/?page_id=490"},"modified":"2018-02-26T12:14:24","modified_gmt":"2018-02-26T12:14:24","slug":"investigacion","status":"publish","type":"page","link":"https:\/\/wp.icmm.csic.es\/superconductividad\/quienes-somos\/investigacion\/","title":{"rendered":"Nuestra investigaci\u00f3n"},"content":{"rendered":"<p style=\"text-align: justify;\">Nuestra investigaci\u00f3n en el \u00e1mbito de la superconductividad se centra fundamentalmente en el estudio te\u00f3rico de <a title=\"Superconductores No Convencionales\" href=\"https:\/\/wp.icmm.csic.es\/superconductividad\/?page_id=460\">superconductores no convencionales<\/a>.\u00a0Desde que en 2008 se descubrieron los <a title=\"Superconductores de hierro\" href=\"https:\/\/wp.icmm.csic.es\/superconductividad\/?page_id=935\">superconductores de hierro<\/a> nos hemos dedicado fundamentalmente a entender estos nuevos materiales.<\/p>\n<p>En nuestra investigaci\u00f3n partimos de los modelos electr\u00f3nicos m\u00e1s sencillos que creemos que pueden explicar las propiedades m\u00e1s importantes de los materiales bajo estudio. Analizamos las propiedades electr\u00f3nicas de estos modelos y las comparamos con resultados experimentales medidos en laboratorios de todo el mundo. Entre otras cantidades estudiamos las posibles fases (magn\u00e9ticas, superconductoras, etc) que presenta el modelo y propiedades medibles experimentalmente: propiedades de transporte electr\u00f3nico, propiedades \u00f3pticas, magn\u00e9ticas, etc.<\/p>\n<p style=\"text-align: justify;\">Nuestro trabajo en <a title=\"Superconductores de hierro\" href=\"https:\/\/wp.icmm.csic.es\/superconductividad\/?page_id=935\">superconductores de hierro<\/a> ha ayudado a entender la naturaleza del magnetismo y la importancia de las <a title=\"Sistemas de electrones fuertemente correlacionados\" href=\"https:\/\/wp.icmm.csic.es\/superconductividad\/?page_id=756\">correlaciones entre los electrones<\/a>, que se creen claves para explicar la superconductividad en estos sistemas. Tambi\u00e9n hemos desarrollado c\u00e1lculos te\u00f3ricos que han explicado algunas de las medidas en las que se ha observado anisotrop\u00eda. Las propiedades anisotr\u00f3picas son de inter\u00e9s por su posible relaci\u00f3n con la aparici\u00f3n en estos materiales de estados nem\u00e1ticos, poco comunes en sistemas electr\u00f3nicos. En menor medida hemos estudiado el acoplo entre el antiferromagnetismo y las vibraciones de la red de \u00e1tomos.<\/p>\n<p style=\"text-align: justify;\">Anteriormente al descubrimiento de los <a title=\"Superconductores de hierro\" href=\"https:\/\/wp.icmm.csic.es\/superconductividad\/?page_id=935\">superconductores de hierro<\/a> trabajamos en el estudio de los <a title=\"Cupratos\" href=\"https:\/\/wp.icmm.csic.es\/superconductividad\/?page_id=932\">cupratos<\/a>, muy especialmente en la relaci\u00f3n entre la superconductividad y el pseudogap. Nuestros trabajos incluyeron el an\u00e1lisis de experimentos de conductividad \u00f3ptica, espectroscop\u00eda Raman, fotoemisi\u00f3n, espectroscop\u00eda de neutrones o medidas con el microscopio de efecto t\u00fanel, as\u00ed como las fases que presentan algunos de los modelos propuestos.<\/p>\n<p style=\"text-align: justify;\">Otros trabajos anteriores se centraron en las propiedades de transporte de superconductores de tama\u00f1o nanom\u00e9trico y de sistemas h\u00edbridos (met\u00e1lico-superconductor), en los superconductores org\u00e1nicos y en el diboruro de magnesio;<\/p>\n<p>Puedes saber m\u00e1s de nuestra investigaci\u00f3n <a title=\"Art\u00edculos de investigaci\u00f3n\" href=\"https:\/\/wp.icmm.csic.es\/superconductividad\/?page_id=1052\">aqu\u00ed<\/a>, donde listamos los art\u00edculos que hemos publicado en superconductividad o mirando nuestras p\u00e1ginas web personales (en ingl\u00e9s): <a href=\"http:\/\/www.icmm.csic.es\/belenvalenzuela\/\">Bel\u00e9n Valenzuela<\/a>, <a href=\"http:\/\/www.icmm.csic.es\/tqe\/people\/maria-jose-calderon\">Mar\u00eda Jos\u00e9 Calder\u00f3n<\/a>, <a href=\"http:\/\/www.icmm.csic.es\/lenibascones\/\">Leni Bascones<\/a>.<\/p>\n","protected":false},"excerpt":{"rendered":"<p>Nuestra investigaci\u00f3n en el \u00e1mbito de la superconductividad se centra fundamentalmente en el estudio te\u00f3rico de superconductores no convencionales.\u00a0Desde que en 2008 se descubrieron los superconductores de hierro nos hemos dedicado fundamentalmente a entender estos nuevos materiales. En nuestra investigaci\u00f3n partimos de los modelos electr\u00f3nicos m\u00e1s sencillos que creemos que pueden explicar las propiedades m\u00e1s &hellip; <\/p>\n<p class=\"link-more\"><a href=\"https:\/\/wp.icmm.csic.es\/superconductividad\/quienes-somos\/investigacion\/\" class=\"more-link\">Continuar leyendo<span class=\"screen-reader-text\"> \u00abNuestra investigaci\u00f3n\u00bb<\/span><\/a><\/p>\n","protected":false},"author":1,"featured_media":0,"parent":465,"menu_order":0,"comment_status":"closed","ping_status":"closed","template":"","meta":{"ngg_post_thumbnail":0,"footnotes":""},"class_list":["post-490","page","type-page","status-publish","hentry"],"_links":{"self":[{"href":"https:\/\/wp.icmm.csic.es\/superconductividad\/wp-json\/wp\/v2\/pages\/490","targetHints":{"allow":["GET"]}}],"collection":[{"href":"https:\/\/wp.icmm.csic.es\/superconductividad\/wp-json\/wp\/v2\/pages"}],"about":[{"href":"https:\/\/wp.icmm.csic.es\/superconductividad\/wp-json\/wp\/v2\/types\/page"}],"author":[{"embeddable":true,"href":"https:\/\/wp.icmm.csic.es\/superconductividad\/wp-json\/wp\/v2\/users\/1"}],"replies":[{"embeddable":true,"href":"https:\/\/wp.icmm.csic.es\/superconductividad\/wp-json\/wp\/v2\/comments?post=490"}],"version-history":[{"count":2,"href":"https:\/\/wp.icmm.csic.es\/superconductividad\/wp-json\/wp\/v2\/pages\/490\/revisions"}],"predecessor-version":[{"id":1602,"href":"https:\/\/wp.icmm.csic.es\/superconductividad\/wp-json\/wp\/v2\/pages\/490\/revisions\/1602"}],"up":[{"embeddable":true,"href":"https:\/\/wp.icmm.csic.es\/superconductividad\/wp-json\/wp\/v2\/pages\/465"}],"wp:attachment":[{"href":"https:\/\/wp.icmm.csic.es\/superconductividad\/wp-json\/wp\/v2\/media?parent=490"}],"curies":[{"name":"wp","href":"https:\/\/api.w.org\/{rel}","templated":true}]}}