{"id":492,"date":"2013-12-04T13:11:21","date_gmt":"2013-12-04T11:11:21","guid":{"rendered":"http:\/\/www3.icmm.csic.es\/superconductividad\/?page_id=492"},"modified":"2019-11-23T12:14:03","modified_gmt":"2019-11-23T12:14:03","slug":"actividades","status":"publish","type":"page","link":"https:\/\/wp.icmm.csic.es\/superconductividad\/quienes-somos\/actividades\/","title":{"rendered":"Actividades de divulgaci\u00f3n"},"content":{"rendered":"<p>Adem\u00e1s de difundir la superconductividad a trav\u00e9s de esta p\u00e1gina web, participamos en actividades de divulgaci\u00f3n en nuestro instituto y en otros centros.<\/p>\n<p style=\"text-align: justify\">El Instituto de Ciencia de Materiales de Madrid organiza cada mes <a href=\"http:\/\/www.icmm.csic.es\/eng\/outreach\/visitas.htm\">visitas guiadas<\/a>&nbsp;para alumnos de bachillerato o secundaria en las que los estudiantes visitan varios grupos de investigaci\u00f3n (<a href=\"https:\/\/youtu.be\/Ir978DpkNms\" target=\"_blank\" rel=\"noopener noreferrer\">aqu\u00ed pod\u00e9is ver un v\u00eddeo sobre estas visitas<\/a>). Si quer\u00e9is participar en las visitas al Instituto de Ciencia de Materiales de Madrid pod\u00e9is escribir a: visitas@icmm.csic.es. Nosotras participamos en estos circuitos de visitas con una explicaci\u00f3n de la superconductividad y la demostraci\u00f3n de la levitaci\u00f3n magn\u00e9tico superconductora (15 minutos de duraci\u00f3n).<\/p>\n<p style=\"text-align: justify\">En ocasiones especiales, como la Semana de la Ciencia, desarrollamos talleres m\u00e1s largos, de aproximadamente una hora y media de duraci\u00f3n, en los que los participantes, adem\u00e1s de asistir a una peque\u00f1a charla introductoria y ver el fen\u00f3meno de la levitaci\u00f3n superconductora in-situ, tienen la posibilidad de aprender cuestiones de magnetismo y electricidad a trav\u00e9s de peque\u00f1os experimentos caseros que realizan ellos mismos. Los talleres se adaptan al p\u00fablico que participa en ellos: infantil, bachillerato, p\u00fablico general&#8230; Tambi\u00e9n participamos en eventos especiales de divulgaci\u00f3n organizadas por otros colectivos.<\/p>\n<p style=\"text-align: justify\"><strong>Actividades en Museos, Centros Culturales y otras colaboraciones<\/strong><\/p>\n<ul>\n<li><strong>Septiembre 2019<\/strong>: Hemos participado en la actividad <a href=\"https:\/\/www.icmm.csic.es\/Noche-Investigadores\/\">\u00abInvestiga con el CSIC en Medialab Prado\u00bb<\/a> en la Noche Europea de los Investigadores.<\/li>\n<li><strong>Julio 2019<\/strong>: Sacamos la superconductividad a la calle en Zaragoza como parte de las actividades de divulgaci\u00f3n de la Bienal de la RSEF. <a href=\"http:\/\/madeinzaragoza.es\/blog\/ciencia-en-la-calle-la-superconductividad-a-escena\/\">Ciencia en la calle: la superconductividad a escena.<\/a><\/li>\n<li><strong>Julio 2018: <\/strong>Colaboraci\u00f3n con Javier Santaolalla en su canal de divulgaci\u00f3n <a href=\"https:\/\/www.youtube.com\/channel\/UCQX_MZRCaluNKxkywkLEgfA\">Date un Vlog<\/a> con el v\u00eddeo: <a href=\"https:\/\/youtu.be\/MkuT7NShdiQ\">Los materiales del futuro &#8211; superconductividad a alta temperatura<\/a>.<\/li>\n<li><strong>Septiembre 2017<\/strong>: Participaci\u00f3n en Naukas Pro Bilbao 2017 con una<a href=\"http:\/\/euskalpmdeushd-vh.akamaihd.net\/multimediahd\/videos\/2017\/09\/15\/2185346\/20170915_11152500_0010364359_005_001_NAUKAS_PRO__.mp4\"> charla de Superconductividad<\/a>.<\/li>\n<li><strong>Mayo 2016:<\/strong> Participaci\u00f3n en el canal de divulgaci\u00f3n <a href=\"https:\/\/www.youtube.com\/channel\/UCns-8DssCBba7M4nu7wk7Aw\" target=\"_blank\" rel=\"noopener noreferrer\">Date un Voltio<\/a> con el video \u00ab<a href=\"https:\/\/www.youtube.com\/watch?v=t9JF8LAIcxA\" target=\"_blank\" rel=\"noopener noreferrer\">\u00bfQu\u00e9 es un superconductor?<\/a>\u00ab.<\/li>\n<li style=\"text-align: justify\"><strong>12 de Septiembre de 2015<\/strong>: Participaci\u00f3n en Naukas con la charla \u00abSuperconductores\u00bb (<a href=\"http:\/\/euskalpmdeushd-vh.akamaihd.net\/multimediahd\/videos\/2015\/09\/14\/1766346\/20150914_16503517_0007955070_003_001_B_LEN_VALENZ.mp4\" target=\"_blank\" rel=\"noopener noreferrer\">v\u00eddeo<\/a>).<\/li>\n<li><strong>23 de febrero 2013:<\/strong>&nbsp;charla y taller en el Museo Nacional de Ciencia y Tecnolog\u00eda \u201cSuperconductividad, un asombroso fen\u00f3meno cu\u00e1ntico\u201d dentro del ciclo de Talleres para ni\u00f1os de 11 a 14 a\u00f1os.<\/li>\n<li><strong>15 de diciembre 2012:<\/strong>&nbsp;Conferencia invitada en la serie \u00abLos s\u00e1bados en Principia\u00bb del Museo Principia (M\u00e1laga). T\u00edtulo: <a href=\"https:\/\/www.youtube.com\/watch?v=YkrzkPFDWN4\">\u00abLa superconductividad: un problema centenario y un reto cient\u00edfico y tecnol\u00f3gico\u00bb<\/a>.<\/li>\n<li><strong>11 de diciembre 2012:<\/strong>&nbsp;Entrevista sobre superconductividad en el programa \u00abUniverso Paralelo\u00bb de la radio del C\u00edrculo de Bellas Artes, Madrid.<\/li>\n<li><strong>27 de Octubre 2012:<\/strong>&nbsp;Charla invitada en el evento TEDxRETIRO en la Casa \u00c1rabe del Retiro, Madrid. T\u00edtulo:&nbsp;<a href=\"http:\/\/www.youtube.com\/watch?v=smVTYMIYxhk&amp;playnext=1&amp;list=PLsRNoUx8w3rOl-UITdb6OKMNa6V_FPKGX&amp;feature=results_main\">Cuando mil m\u00e1s mil son m\u00e1s de dos mil.<\/a><\/li>\n<\/ul>\n<div style=\"text-align: justify\"><strong>Semana de la Ciencia<\/strong><\/div>\n<div style=\"text-align: justify\">&nbsp;<\/div>\n<div style=\"text-align: justify\">Desde 2012 organizamos talleres durante la Semana de la Ciencia en el Instituto de Ciencia de Materiales de Madrid, ICMM-CSIC. Por la ma\u00f1ana, el taller \u201cSuperconductividad\u201d para alumnos de 6\u00ba de primaria y por la tarde, el taller&nbsp;\u201cSuperconductores: energ\u00eda y sociedad\u201d para el p\u00fablico general.<\/div>\n<div style=\"text-align: justify\">&nbsp;<\/div>\n<div style=\"text-align: justify\">Colegios participantes:<\/div>\n<div>&nbsp;<\/div>\n<ul>\n<li>Diciembre 2019: CEIP Tirso de Molina<\/li>\n<li>Noviembre 2018: CEIP P\u00e1rrico Don Victoriano (Alcorc\u00f3n).<\/li>\n<li>Noviembre 2017: CEIP Josep Tarradellas<\/li>\n<li>Noviembre 2016: CEIP La Latina<\/li>\n<li style=\"text-align: justify\">Noviembre 2015: CEIP P\u00e1rroco D. Victoriano de Alcorc\u00f3n (alumnos de 5\u00ba de E.P.).<\/li>\n<li style=\"text-align: justify\">Febrero 2015: CEIP Pr\u00edncipe de Asturias de Madrid.<\/li>\n<li>Noviembre 2014:&nbsp;CEIP Emilio Casado de Alcobendas.<\/li>\n<li>Noviembre 2013:&nbsp;CEIP Pr\u00edncipe de Asturias de Madrid.<\/li>\n<li>Noviembre 2012:&nbsp;CEIP Eugenio Mar\u00eda de Hostos de Madrid<\/li>\n<\/ul>\n<p>Desde 2015 hemos ampliado la oferta a estudiantes de secundaria y bachillerato. Colegios e institutos participantes:<\/p>\n<ul>\n<li>Noviembre 2019: IES Salvador Dal\u00ed (Madrid), IES Giner de los R\u00edos (Alcobendas), IES \u00c1gora (Alcobendas), IES Antonio de Nebrija (M\u00f3stoles), Collegio Vallmont, Liceo San Pablo (Legan\u00e9s), Escuela IDEO.<\/li>\n<li>Noviembre 2018: IES Prado Santo Domingo (Alcorc\u00f3n), IES Joaqu\u00edn Araujo (Fuenlabrada), IES Jos\u00e9 Luis Sampedro (Tres Cantos), IES Antonio de Nebrija (M\u00f3stoles), Santa Mar\u00eda del Valle, IES Marqu\u00e9s de Santillana (Colmenar Viejo), IES Diego Vel\u00e1zquez (Torrelodones), IES Gabriel Garc\u00eda M\u00e1rquez, Colegio Santa Rita<\/li>\n<li>Noviembre 2017: IES Ramiro de Maeztu, IES Pradolongo, IES Jaime Vera, Colegio Sagrado Coraz\u00f3n, IES G\u00f3mez Moreno, IES Alfonso XIII de la Vall d\u2019Alba (Castell\u00f3n) e IES de Vilafranca de Vilafranca (Castell\u00f3n), IES n\u00ba1 de Gij\u00f3n<\/li>\n<li>Noviembre 2016: IES Pablo Picasso (Pinto), IES Jos\u00e9 Luis L\u00f3pez Aranguren (Fuenlabrada), Colegio Divina Pastora, IES San Mateo.<\/li>\n<li>Noviembre 2015: Colegio Estudiantes Las Tablas, IES Juan de Mairena (S. S. de los Reyes), Colegio Natividad.<\/li>\n<\/ul>\n<p style=\"text-align: justify\"><strong>Centenario del descubrimiento de la Superconductividad (2011).<\/strong>&nbsp;Jornada de introducci\u00f3n al fen\u00f3meno de la superconductividad en el Instituto de Ciencia de Materiales de Madrid ICMM-CSIC (Alumnos de 6\u00ba de Primaria -CEIP Eugenio Mar\u00eda de Hostos de Madrid).<\/p>\n<div><strong>11 de Febrero<\/strong><\/div>\n<div>&nbsp;<\/div>\n<div>Tambi\u00e9n realizamos talleres de superconductividad como parte de las actividades del D\u00eda Internacional de la Mujer y la Ni\u00f1a en la Ciencia dentro de la <a href=\"https:\/\/11defebrero.org\/\">iniciativa 11 de Febrero<\/a>.<\/div>\n<div>&nbsp;<\/div>\n<div>Centros participantes<\/div>\n<div>&nbsp;<\/div>\n<ul>\n<li>Febrero 2017: IES Julio Verne (Legan\u00e9s), IES Lope de Vega, Colegio San Viator.<\/li>\n<li>Febrero 2018: Escuela IDEO. La actividad form\u00f3 parte del programa de radio \u00abDe lo m\u00e1s Natural\u00bb con Mamen Asencio retrasmitido el 11 de febrero de 2018.<\/li>\n<li>Febrero 2019: IES Prado Santo Domingo (Alcorc\u00f3n)<\/li>\n<\/ul>\n<div style=\"text-align: justify\"><strong>Pr\u00e1cticas con estudiantes de secundaria<\/strong><\/div>\n<div style=\"text-align: justify\">&nbsp;<\/div>\n<ul style=\"text-align: justify\">\n<li><strong>11 de Junio 2014:&nbsp;<\/strong>participaci\u00f3n en el programa de observaci\u00f3n del entorno laboral del Liceo Franc\u00e9s de Madrid con la acogida de 3 estudiantes de secundaria.<\/li>\n<li><strong>8 de Abril 2014:<\/strong>&nbsp;participaci\u00f3n en el programa 4\u00baESO+empresa de la Comunidad de Madrid.<\/li>\n<li><strong>13 de Marzo 2013:<\/strong> participaci\u00f3n en el programa de observaci\u00f3n del entorno laboral del Liceo Franc\u00e9s de Madrid con la acogida de 3 estudiantes de secundaria.<\/li>\n<li><strong>14 de Marzo 2012:<\/strong>&nbsp;participaci\u00f3n en el programa de observaci\u00f3n del entorno laboral del Liceo Franc\u00e9s de Madrid con la acogida a 3 estudiantes de secundaria.<\/li>\n<\/ul>\n<div style=\"text-align: justify\"><strong>Charlas en colegios e institutos<\/strong><\/div>\n<div style=\"text-align: justify\">&nbsp;<\/div>\n<ul>\n<li style=\"text-align: justify\"><strong>13 de Abril de 2015:&nbsp;<\/strong>charla divulgativa sobre \u00abSuperconductividad\u00bb en el IES Giner de los R\u00edos.<\/li>\n<li style=\"text-align: justify\"><strong>27 de Marzo de 2014:<\/strong> charla divulgativa sobre \u00abSuperconductividad\u00bb en el IES Giner de los R\u00edos.<\/li>\n<li style=\"text-align: justify\"><strong>12 de Abril 2013:<\/strong>&nbsp;charla sobre \u201cSuperconductividad\u201d en el d\u00eda de la Ciencia del Centro Escolar Balder en Las Rozas, Madrid. Para estudiantes de la ESO.<\/li>\n<\/ul>\n<p><strong>Art\u00edculos de divulgaci\u00f3n<\/strong><\/p>\n<ul>\n<li>\u00ab<a href=\"http:\/\/blogs.20minutos.es\/ciencia-para-llevar-csic\/2015\/04\/08\/superconductividad-fisica-cuantica-que-puedes-ver\/\" target=\"_blank\" rel=\"noopener noreferrer\">Superconductividad: f\u00edsica cu\u00e1ntica que puedes ver<\/a>\u00ab. En <em>Ciencia para llevar<\/em>. El blog de divulgaci\u00f3n del CSIC en <a href=\"http:\/\/www.20minutos.es\" target=\"_blank\" rel=\"noopener noreferrer\">20minutos.es<\/a>.<\/li>\n<li><a href=\"http:\/\/blogs.20minutos.es\/ciencia-para-llevar-csic\/2016\/01\/27\/superconductividad-de-alta-temperatura-el-enigma-que-desafia-a-los-cientificos\/\" target=\"_blank\" rel=\"noopener noreferrer\">\u00abSuperconductividad de alta temperatura, el enigma que desaf\u00eda a los cient\u00edficos\u00bb<\/a>. En Ciencia para llevar.&nbsp;El blog de divulgaci\u00f3n del CSIC en <a href=\"http:\/\/www.20minutos.es\" target=\"_blank\" rel=\"noopener noreferrer\">20minutos.es<\/a>.<\/li>\n<\/ul>\n","protected":false},"excerpt":{"rendered":"<p>Adem\u00e1s de difundir la superconductividad a trav\u00e9s de esta p\u00e1gina web, participamos en actividades de divulgaci\u00f3n en nuestro instituto y en otros centros. El Instituto de Ciencia de Materiales de Madrid organiza cada mes visitas guiadas&nbsp;para alumnos de bachillerato o secundaria en las que los estudiantes visitan varios grupos de investigaci\u00f3n (aqu\u00ed pod\u00e9is ver un &hellip; <\/p>\n<p class=\"link-more\"><a href=\"https:\/\/wp.icmm.csic.es\/superconductividad\/quienes-somos\/actividades\/\" class=\"more-link\">Continuar leyendo<span class=\"screen-reader-text\"> \u00abActividades de divulgaci\u00f3n\u00bb<\/span><\/a><\/p>\n","protected":false},"author":1,"featured_media":0,"parent":465,"menu_order":1,"comment_status":"closed","ping_status":"closed","template":"","meta":{"ngg_post_thumbnail":0,"footnotes":""},"class_list":["post-492","page","type-page","status-publish","hentry"],"_links":{"self":[{"href":"https:\/\/wp.icmm.csic.es\/superconductividad\/wp-json\/wp\/v2\/pages\/492","targetHints":{"allow":["GET"]}}],"collection":[{"href":"https:\/\/wp.icmm.csic.es\/superconductividad\/wp-json\/wp\/v2\/pages"}],"about":[{"href":"https:\/\/wp.icmm.csic.es\/superconductividad\/wp-json\/wp\/v2\/types\/page"}],"author":[{"embeddable":true,"href":"https:\/\/wp.icmm.csic.es\/superconductividad\/wp-json\/wp\/v2\/users\/1"}],"replies":[{"embeddable":true,"href":"https:\/\/wp.icmm.csic.es\/superconductividad\/wp-json\/wp\/v2\/comments?post=492"}],"version-history":[{"count":6,"href":"https:\/\/wp.icmm.csic.es\/superconductividad\/wp-json\/wp\/v2\/pages\/492\/revisions"}],"predecessor-version":[{"id":1713,"href":"https:\/\/wp.icmm.csic.es\/superconductividad\/wp-json\/wp\/v2\/pages\/492\/revisions\/1713"}],"up":[{"embeddable":true,"href":"https:\/\/wp.icmm.csic.es\/superconductividad\/wp-json\/wp\/v2\/pages\/465"}],"wp:attachment":[{"href":"https:\/\/wp.icmm.csic.es\/superconductividad\/wp-json\/wp\/v2\/media?parent=492"}],"curies":[{"name":"wp","href":"https:\/\/api.w.org\/{rel}","templated":true}]}}