{"id":594,"date":"2013-12-23T21:52:18","date_gmt":"2013-12-23T20:52:18","guid":{"rendered":"http:\/\/www3.icmm.csic.es\/superconductividad\/?page_id=594"},"modified":"2018-02-26T12:45:25","modified_gmt":"2018-02-26T12:45:25","slug":"transportes","status":"publish","type":"page","link":"https:\/\/wp.icmm.csic.es\/superconductividad\/aplicaciones\/transportes\/","title":{"rendered":"Transportes"},"content":{"rendered":"<p style=\"text-align: justify;\">Aunque actualmente su uso es muy limitado se espera que los superconductores tengan un gran impacto en el transporte. Por una parte la posibilidad de construir <strong>motores<\/strong> superconductores mucho m\u00e1s peque\u00f1os y ligeros es muy interesante para la navegaci\u00f3n mar\u00edtima. La empresa americana American Superconductors ya ha construido un prototipo de barco impulsado mediante un motor superconductor. De forma similar los motores superconductores pueden utilizarse en autom\u00f3viles como el construido por la empresa japonesa Sumitomo.<\/p>\n<p style=\"text-align: justify;\">En el \u00e1mbito ferroviario los superconductores pueden utilizarse para construir <strong>trenes que levitan<\/strong> sobre v\u00edas magn\u00e9ticas. Los superconductores se colocan en los bajos del tren y pueden utilizarse en la levitaci\u00f3n de dos formas. En el tren maglev de Jap\u00f3n los superconductores se utilizan para generar campos magn\u00e9ticos y el tren levita sobre las v\u00edas por levitaci\u00f3n magn\u00e9tica aprovechando que los polos magn\u00e9ticos iguales se repelen. Por el contrario en el prototipo de tren urbano que se est\u00e1 construyendo en Brasil se utiliza la <a href=\"https:\/\/wp.icmm.csic.es\/superconductividad\/?page_id=65\">levitaci\u00f3n magn\u00e9tica superconductora<\/a>. Los trenes que levitan son m\u00e1s seguros y pueden alcanzar altas velocidades.<\/p>\n<p style=\"text-align: justify;\">\n","protected":false},"excerpt":{"rendered":"<p>Aunque actualmente su uso es muy limitado se espera que los superconductores tengan un gran impacto en el transporte. Por una parte la posibilidad de construir motores superconductores mucho m\u00e1s peque\u00f1os y ligeros es muy interesante para la navegaci\u00f3n mar\u00edtima. La empresa americana American Superconductors ya ha construido un prototipo de barco impulsado mediante un &hellip; <\/p>\n<p class=\"link-more\"><a href=\"https:\/\/wp.icmm.csic.es\/superconductividad\/aplicaciones\/transportes\/\" class=\"more-link\">Continuar leyendo<span class=\"screen-reader-text\"> \u00abTransportes\u00bb<\/span><\/a><\/p>\n","protected":false},"author":1,"featured_media":0,"parent":24,"menu_order":3,"comment_status":"closed","ping_status":"closed","template":"","meta":{"ngg_post_thumbnail":0,"footnotes":""},"class_list":["post-594","page","type-page","status-publish","hentry"],"_links":{"self":[{"href":"https:\/\/wp.icmm.csic.es\/superconductividad\/wp-json\/wp\/v2\/pages\/594","targetHints":{"allow":["GET"]}}],"collection":[{"href":"https:\/\/wp.icmm.csic.es\/superconductividad\/wp-json\/wp\/v2\/pages"}],"about":[{"href":"https:\/\/wp.icmm.csic.es\/superconductividad\/wp-json\/wp\/v2\/types\/page"}],"author":[{"embeddable":true,"href":"https:\/\/wp.icmm.csic.es\/superconductividad\/wp-json\/wp\/v2\/users\/1"}],"replies":[{"embeddable":true,"href":"https:\/\/wp.icmm.csic.es\/superconductividad\/wp-json\/wp\/v2\/comments?post=594"}],"version-history":[{"count":3,"href":"https:\/\/wp.icmm.csic.es\/superconductividad\/wp-json\/wp\/v2\/pages\/594\/revisions"}],"predecessor-version":[{"id":1635,"href":"https:\/\/wp.icmm.csic.es\/superconductividad\/wp-json\/wp\/v2\/pages\/594\/revisions\/1635"}],"up":[{"embeddable":true,"href":"https:\/\/wp.icmm.csic.es\/superconductividad\/wp-json\/wp\/v2\/pages\/24"}],"wp:attachment":[{"href":"https:\/\/wp.icmm.csic.es\/superconductividad\/wp-json\/wp\/v2\/media?parent=594"}],"curies":[{"name":"wp","href":"https:\/\/api.w.org\/{rel}","templated":true}]}}