{"id":616,"date":"2013-12-29T22:13:53","date_gmt":"2013-12-29T21:13:53","guid":{"rendered":"http:\/\/www3.icmm.csic.es\/superconductividad\/?page_id=616"},"modified":"2018-02-26T12:47:18","modified_gmt":"2018-02-26T12:47:18","slug":"investigacion","status":"publish","type":"page","link":"https:\/\/wp.icmm.csic.es\/superconductividad\/investigacion\/","title":{"rendered":"Investigaci\u00f3n"},"content":{"rendered":"<p style=\"text-align: justify;\">Han pasado m\u00e1s de cien a\u00f1os desde que se descubriera la superconductividad y sin embargo contin\u00faa siendo un campo muy activo de investigaci\u00f3n. Durante este siglo se han producido hitos importantes entre los que destacan el descubrimiento del efecto Meissner, la teor\u00eda BCS \u00a0y la de Landau-Ginzburg, el efecto Josephson, la aparici\u00f3n de superconductores de alta temperatura o los avances en el estudio de la superconductividad en la nano-escala. Asimismo se han desarrollado muchas aplicaciones \u00fatiles en medicina, transporte, energ\u00eda, etc.<\/p>\n<p style=\"text-align: justify;\">Conocemos muchos materiales superconductores y\u00a0 sabemos que en los superconductores convencionales, la superconductividad est\u00e1 mediada por las vibraciones de la red de \u00e1tomos. Sin embargo hay muchos materiales superconductores que a\u00fan no hemos descubierto. La mayor\u00eda de las nuevas familias de superconductores se descubren por casualidad. No tenemos capacidad para predecir sus temperaturas cr\u00edticas. Ni siquiera sabemos la raz\u00f3n por la que muchos materiales superconducen. \u00a0Una parte muy activa de la investigaci\u00f3n actual se dedica a estudiar las propiedades de los superconductores, en particular de los llamados <a title=\"Superconductores No Convencionales\" href=\"https:\/\/wp.icmm.csic.es\/superconductividad\/?page_id=460\">no-convencionales<\/a>. \u00a0Entender el origen de la <a title=\"Superconductores de alta temperatura\" href=\"https:\/\/wp.icmm.csic.es\/superconductividad\/?page_id=929\">superconductividad de alta temperatura<\/a> se suele incluir entre uno de los diez problemas m\u00e1s importantes de la ciencia.<\/p>\n<p>Existen adem\u00e1s superconductores cuya misma fase superconductora es un misterio. Este es el caso de los <a title=\"Superconductores topol\u00f3gicos\" href=\"https:\/\/wp.icmm.csic.es\/superconductividad\/?page_id=1173\">superconductores topol\u00f3gicos<\/a> que junto con otras <a title=\"Fases topol\u00f3gicas\" href=\"https:\/\/wp.icmm.csic.es\/superconductividad\/?page_id=1163\">fases topol\u00f3gicas<\/a> son un campo de investigaci\u00f3n actual muy activo en la frontera del conocimiento humano.<\/p>\n<p style=\"text-align: justify;\">Los superconductores se aplican fundamentalmente en la construcci\u00f3n de imanes. Pero hay muchas otras aplicaciones como los limitadores de corriente o los generadores superconductores que a\u00fan est\u00e1n en fase prototipo. Algunas aplicaciones de los superconductores se han visto limitadas por la dificultad de trabajar los materiales, sobre todo los \u00f3xidos de cobre, que son los que presentan las mayores temperaturas cr\u00edticas. Las aplicaciones y la mejora de las propiedades de los materiales superconductores constituyen otro de los campos de investigaci\u00f3n activos.<\/p>\n<p style=\"text-align: justify;\">Por otra parte en las dos \u00faltimas d\u00e9cadas la tecnolog\u00eda nos han permitido estudiar y manejar los superconductores y otros materiales a escalas nanom\u00e9tricas. Ello ha abierto un nuevo campo de investigaci\u00f3n que nos permite visualizar la formaci\u00f3n de v\u00f3rtices o confinar a los pares de Cooper en un espacio tan reducido como su tama\u00f1o.<\/p>\n<p style=\"text-align: justify;\">En Espa\u00f1a existen grupos de investigaci\u00f3n que se dedican a entender los superconductores de alta temperatura y los superconductores topol\u00f3gicos, a mejorar las propiedades de los materiales para que se puedan aplicar, a desarrollar aplicaciones y estudiar los superconductores a escala nanom\u00e9trica.<\/p>\n","protected":false},"excerpt":{"rendered":"<p>Han pasado m\u00e1s de cien a\u00f1os desde que se descubriera la superconductividad y sin embargo contin\u00faa siendo un campo muy activo de investigaci\u00f3n. Durante este siglo se han producido hitos importantes entre los que destacan el descubrimiento del efecto Meissner, la teor\u00eda BCS \u00a0y la de Landau-Ginzburg, el efecto Josephson, la aparici\u00f3n de superconductores de &hellip; <\/p>\n<p class=\"link-more\"><a href=\"https:\/\/wp.icmm.csic.es\/superconductividad\/investigacion\/\" class=\"more-link\">Continuar leyendo<span class=\"screen-reader-text\"> \u00abInvestigaci\u00f3n\u00bb<\/span><\/a><\/p>\n","protected":false},"author":1,"featured_media":0,"parent":0,"menu_order":3,"comment_status":"closed","ping_status":"closed","template":"","meta":{"ngg_post_thumbnail":0,"footnotes":""},"class_list":["post-616","page","type-page","status-publish","hentry"],"_links":{"self":[{"href":"https:\/\/wp.icmm.csic.es\/superconductividad\/wp-json\/wp\/v2\/pages\/616","targetHints":{"allow":["GET"]}}],"collection":[{"href":"https:\/\/wp.icmm.csic.es\/superconductividad\/wp-json\/wp\/v2\/pages"}],"about":[{"href":"https:\/\/wp.icmm.csic.es\/superconductividad\/wp-json\/wp\/v2\/types\/page"}],"author":[{"embeddable":true,"href":"https:\/\/wp.icmm.csic.es\/superconductividad\/wp-json\/wp\/v2\/users\/1"}],"replies":[{"embeddable":true,"href":"https:\/\/wp.icmm.csic.es\/superconductividad\/wp-json\/wp\/v2\/comments?post=616"}],"version-history":[{"count":2,"href":"https:\/\/wp.icmm.csic.es\/superconductividad\/wp-json\/wp\/v2\/pages\/616\/revisions"}],"predecessor-version":[{"id":1639,"href":"https:\/\/wp.icmm.csic.es\/superconductividad\/wp-json\/wp\/v2\/pages\/616\/revisions\/1639"}],"wp:attachment":[{"href":"https:\/\/wp.icmm.csic.es\/superconductividad\/wp-json\/wp\/v2\/media?parent=616"}],"curies":[{"name":"wp","href":"https:\/\/api.w.org\/{rel}","templated":true}]}}