{"id":65,"date":"2012-05-18T09:55:13","date_gmt":"2012-05-18T09:55:13","guid":{"rendered":"http:\/\/www3.icmm.csic.es\/superconductividad\/?page_id=65"},"modified":"2018-02-26T12:24:59","modified_gmt":"2018-02-26T12:24:59","slug":"levitacion","status":"publish","type":"page","link":"https:\/\/wp.icmm.csic.es\/superconductividad\/superconductividad\/levitacion\/","title":{"rendered":"Levitaci\u00f3n"},"content":{"rendered":"<p style=\"text-align: justify;\">Hay dos tipos de superconductores seg\u00fan se comportan en presencia de un campo magn\u00e9tico:<\/p>\n<ul style=\"text-align: justify;\">\n<li>Los superconductores de tipo I expulsan los campos magn\u00e9ticos. Este fen\u00f3meno se denomina efecto Meissner. El efecto Meissner es una propiedad de los superconductores tan importante como la <a title=\"Resistencia nula\" href=\"https:\/\/wp.icmm.csic.es\/superconductividad\/?page_id=103\">resistencia nula<\/a>. La expulsi\u00f3n del campo magn\u00e9tico se debe a la formaci\u00f3n de corrientes superficiales en el superconductor que crean un campo magn\u00e9tico igual y opuesto al campo externo. Los imanes producen campos magn\u00e9ticos. El efecto Meissner da lugar a repulsi\u00f3n entre un im\u00e1n y un superconductor de forma que levitan uno sobre el otro. Si el campo magn\u00e9tico es suficientemente fuerte o la temperatura es alta se destruye la superconductividad y la levitaci\u00f3n no ocurre.<\/li>\n<\/ul>\n<p style=\"text-align: justify;\">Efecto Meissner: En este v\u00eddeo (cortes\u00eda de Julien Bobroff, Universit\u00e9 Paris-Sud) se muestra un im\u00e1n con sus l\u00edneas de campo magn\u00e9tico situado encima de un material superconductor de tipo II. A una temperatura alta, el superconductor es un conductor normal y permite que el campo magn\u00e9tico lo atraviese. Cuando bajamos la temperatura, el superconductor superconduce y expulsa el campo magn\u00e9tico del im\u00e1n haciendo que levite.<\/p>\n<ul>\n<li style=\"text-align: justify;\">Los superconductores de tipo II tambi\u00e9n presentan el efecto Meissner con campos magn\u00e9ticos peque\u00f1os pero cuando el campo magn\u00e9tico supera una determinada magnitud permiten que el campo lo penetre parcialmente formando <a title=\"V\u00f3rtices\" href=\"https:\/\/wp.icmm.csic.es\/superconductividad\/?page_id=681\">v\u00f3rtices<\/a>. \u00a0Es decir, el superconductor en este caso atrapa parte del campo magn\u00e9tico. Para que pueda penetrar el campo magn\u00e9tico en los v\u00f3rtices se destruye la superconductividad. Los v\u00f3rtices pueden anclarse en un superconductor debido a defectos en la red de \u00e1tomos. Cuando esto ocurre, el im\u00e1n que est\u00e1 levitando encima del superconductor tambi\u00e9n est\u00e1 anclado y cuesta mucho separarlos. El fen\u00f3meno del anclaje de v\u00f3rtices permite que podamos construir un tren superconductor que levite sobre una v\u00eda magn\u00e9tica sin descarrilar. En el v\u00eddeo que se muestra a continuaci\u00f3n se muestra la levitaci\u00f3n magn\u00e9tica sobre un superconductor tipo II.<\/li>\n<\/ul>\n","protected":false},"excerpt":{"rendered":"<p>Hay dos tipos de superconductores seg\u00fan se comportan en presencia de un campo magn\u00e9tico: Los superconductores de tipo I expulsan los campos magn\u00e9ticos. Este fen\u00f3meno se denomina efecto Meissner. El efecto Meissner es una propiedad de los superconductores tan importante como la resistencia nula. La expulsi\u00f3n del campo magn\u00e9tico se debe a la formaci\u00f3n de &hellip; <\/p>\n<p class=\"link-more\"><a href=\"https:\/\/wp.icmm.csic.es\/superconductividad\/superconductividad\/levitacion\/\" class=\"more-link\">Continuar leyendo<span class=\"screen-reader-text\"> \u00abLevitaci\u00f3n\u00bb<\/span><\/a><\/p>\n","protected":false},"author":1,"featured_media":0,"parent":371,"menu_order":2,"comment_status":"closed","ping_status":"closed","template":"","meta":{"ngg_post_thumbnail":0,"footnotes":""},"class_list":["post-65","page","type-page","status-publish","hentry"],"_links":{"self":[{"href":"https:\/\/wp.icmm.csic.es\/superconductividad\/wp-json\/wp\/v2\/pages\/65","targetHints":{"allow":["GET"]}}],"collection":[{"href":"https:\/\/wp.icmm.csic.es\/superconductividad\/wp-json\/wp\/v2\/pages"}],"about":[{"href":"https:\/\/wp.icmm.csic.es\/superconductividad\/wp-json\/wp\/v2\/types\/page"}],"author":[{"embeddable":true,"href":"https:\/\/wp.icmm.csic.es\/superconductividad\/wp-json\/wp\/v2\/users\/1"}],"replies":[{"embeddable":true,"href":"https:\/\/wp.icmm.csic.es\/superconductividad\/wp-json\/wp\/v2\/comments?post=65"}],"version-history":[{"count":3,"href":"https:\/\/wp.icmm.csic.es\/superconductividad\/wp-json\/wp\/v2\/pages\/65\/revisions"}],"predecessor-version":[{"id":1616,"href":"https:\/\/wp.icmm.csic.es\/superconductividad\/wp-json\/wp\/v2\/pages\/65\/revisions\/1616"}],"up":[{"embeddable":true,"href":"https:\/\/wp.icmm.csic.es\/superconductividad\/wp-json\/wp\/v2\/pages\/371"}],"wp:attachment":[{"href":"https:\/\/wp.icmm.csic.es\/superconductividad\/wp-json\/wp\/v2\/media?parent=65"}],"curies":[{"name":"wp","href":"https:\/\/api.w.org\/{rel}","templated":true}]}}