{"id":681,"date":"2014-01-03T17:19:09","date_gmt":"2014-01-03T16:19:09","guid":{"rendered":"http:\/\/www3.icmm.csic.es\/superconductividad\/?page_id=681"},"modified":"2018-04-03T08:14:02","modified_gmt":"2018-04-03T08:14:02","slug":"vortices","status":"publish","type":"page","link":"https:\/\/wp.icmm.csic.es\/superconductividad\/superconductividad\/levitacion\/vortices\/","title":{"rendered":"V\u00f3rtices"},"content":{"rendered":"<p style=\"text-align: justify;\">Los superconductores de tipo II expulsan totalmente el campo magn\u00e9tico (diamagnetismo perfecto) hasta un <a title=\"Par\u00e1metros cr\u00edticos\" href=\"https:\/\/wp.icmm.csic.es\/superconductividad\/?page_id=432\">campo magn\u00e9tico cr\u00edtico Hc1<\/a>. Por encima de Hc1 el superconductor y el campo magn\u00e9tico llegan a un compromiso y el superconductor deja pasar parte del campo magn\u00e9tico a trav\u00e9s de los v\u00f3rtices, en los que se destruye la superconductividad. De esta forma el material sigue siendo superconductor con resistencia cero pero sin diamagnetismo perfecto hasta campos cr\u00edticos magn\u00e9ticos mucho mayores (<a title=\"Par\u00e1metros cr\u00edticos\" href=\"https:\/\/wp.icmm.csic.es\/superconductividad\/?page_id=432\">Hc2<\/a>). Al estado entre Hc1 y Hc2 se le denomina estado mixto. Hc2 es mucho mayor que Hc1 por lo que esta propiedad ha hecho posible que los superconductores se puedan utilizar para crear campos magn\u00e9ticos muy intensos.<\/p>\n<figure id=\"attachment_196\" aria-describedby=\"caption-attachment-196\" style=\"width: 242px\" class=\"wp-caption aligncenter\"><a href=\"https:\/\/wp.icmm.csic.es\/superconductividad\/wp-content\/uploads\/sites\/17\/2014\/01\/vortexmixstate.jpg\"><img loading=\"lazy\" decoding=\"async\" class=\" wp-image-868 \" title=\"vortexmixstate\" src=\"https:\/\/wp.icmm.csic.es\/superconductividad\/wp-content\/uploads\/sites\/17\/2014\/01\/vortexmixstate.jpg\" alt=\"\" width=\"242\" height=\"286\" srcset=\"https:\/\/wp.icmm.csic.es\/superconductividad\/wp-content\/uploads\/sites\/17\/2014\/01\/vortexmixstate.jpg 302w, https:\/\/wp.icmm.csic.es\/superconductividad\/wp-content\/uploads\/sites\/17\/2014\/01\/vortexmixstate-254x300.jpg 254w\" sizes=\"auto, (max-width: 242px) 100vw, 242px\" \/><\/a><figcaption id=\"caption-attachment-196\" class=\"wp-caption-text\">Estado mixto en un superconductor tipo II. Figura cortes\u00eda de Julien Bobroff, Universit\u00e9 Paris-Sud.<\/figcaption><\/figure>\n<p style=\"text-align: justify;\">El estado mixto se parece a un colador ya que los v\u00f3rtices son como tubos por los que pasa el campo magn\u00e9tico. Se denominan v\u00f3rtices porque la corriente del superconductor circula en movimiento espiral de tal forma que permite el paso del campo magn\u00e9tico (ver figura). El estado mixto fue propuesto por <a href=\"http:\/\/wp.icmm.csic.es\/superconductividad\/?page_id=14\">Abrikosov<\/a> en 1956 y m\u00e1s tarde se observ\u00f3 experimentalmente. Muchas t\u00e9cnicas experimentales ponen de manifiesto este estado mixto entre las que cabe destacar las im\u00e1genes de STM (microscop\u00eda de efecto t\u00fanel).<\/p>\n<figure id=\"attachment_196\" aria-describedby=\"caption-attachment-196\" style=\"width: 258px\" class=\"wp-caption aligncenter\"><a href=\"https:\/\/wp.icmm.csic.es\/superconductividad\/wp-content\/uploads\/sites\/17\/2012\/05\/vortices_cut.png\"><img loading=\"lazy\" decoding=\"async\" class=\"size-full wp-image-196 \" title=\"vortices_cut\" src=\"https:\/\/wp.icmm.csic.es\/superconductividad\/wp-content\/uploads\/sites\/17\/2012\/05\/vortices_cut.png\" alt=\"\" width=\"258\" height=\"248\" \/><\/a><figcaption id=\"caption-attachment-196\" class=\"wp-caption-text\">V\u00f3rtices vistos mediante STM por cortes\u00eda de la UAM. Tesis de Isabel Guillam\u00f3n.<\/figcaption><\/figure>\n<p style=\"text-align: justify;\">La teor\u00eda de Abrikosov muestra que el flujo magn\u00e9tico que va a trav\u00e9s de los v\u00f3rtices est\u00e1 cuantizado \u03a6<sub>0<\/sub>=h\/2e y este valor de \u03a6<sub>0<\/sub> es una prueba experimental de que los electrones est\u00e1n apareados (<a title=\"Pares de Cooper\" href=\"https:\/\/wp.icmm.csic.es\/superconductividad\/?page_id=703\">pares de Cooper<\/a>).<\/p>\n<p style=\"text-align: justify;\">En presencia de una corriente los v\u00f3rtices experimentan una fuerza (la fuerza de Lorentz) que tiende a moverlos hacia un lado en cuyo caso se produce un voltaje resistivo longitudinal. Por lo tanto la <a title=\"Par\u00e1metros cr\u00edticos\" href=\"https:\/\/wp.icmm.csic.es\/superconductividad\/?page_id=432\">corriente cr\u00edtica<\/a> disminuye y ya no es un conductor perfecto. La resistencia producida por los v\u00f3rtices es uno de los problemas t\u00e9cnicos m\u00e1s desafiantes que hay que solventar para la construcci\u00f3n de los cables e imanes superconductores. Un campo activo en investigaci\u00f3n es conseguir que las impurezas del material puedan anclar los v\u00f3rtices de tal forma que aumente la corriente cr\u00edtica (v\u00e9ase Aplicaciones y <a title=\"Retos\" href=\"https:\/\/wp.icmm.csic.es\/superconductividad\/?page_id=487\">Optimizaci\u00f3n de Materiales<\/a> en <a href=\"https:\/\/wp.icmm.csic.es\/superconductividad\/?page_id=453\">Investigaci\u00f3n actual<\/a>).<\/p>\n","protected":false},"excerpt":{"rendered":"<p>Los superconductores de tipo II expulsan totalmente el campo magn\u00e9tico (diamagnetismo perfecto) hasta un campo magn\u00e9tico cr\u00edtico Hc1. Por encima de Hc1 el superconductor y el campo magn\u00e9tico llegan a un compromiso y el superconductor deja pasar parte del campo magn\u00e9tico a trav\u00e9s de los v\u00f3rtices, en los que se destruye la superconductividad. De esta &hellip; <\/p>\n<p class=\"link-more\"><a href=\"https:\/\/wp.icmm.csic.es\/superconductividad\/superconductividad\/levitacion\/vortices\/\" class=\"more-link\">Continuar leyendo<span class=\"screen-reader-text\"> \u00abV\u00f3rtices\u00bb<\/span><\/a><\/p>\n","protected":false},"author":1,"featured_media":0,"parent":65,"menu_order":0,"comment_status":"closed","ping_status":"closed","template":"","meta":{"ngg_post_thumbnail":0,"footnotes":""},"class_list":["post-681","page","type-page","status-publish","hentry"],"_links":{"self":[{"href":"https:\/\/wp.icmm.csic.es\/superconductividad\/wp-json\/wp\/v2\/pages\/681","targetHints":{"allow":["GET"]}}],"collection":[{"href":"https:\/\/wp.icmm.csic.es\/superconductividad\/wp-json\/wp\/v2\/pages"}],"about":[{"href":"https:\/\/wp.icmm.csic.es\/superconductividad\/wp-json\/wp\/v2\/types\/page"}],"author":[{"embeddable":true,"href":"https:\/\/wp.icmm.csic.es\/superconductividad\/wp-json\/wp\/v2\/users\/1"}],"replies":[{"embeddable":true,"href":"https:\/\/wp.icmm.csic.es\/superconductividad\/wp-json\/wp\/v2\/comments?post=681"}],"version-history":[{"count":4,"href":"https:\/\/wp.icmm.csic.es\/superconductividad\/wp-json\/wp\/v2\/pages\/681\/revisions"}],"predecessor-version":[{"id":1682,"href":"https:\/\/wp.icmm.csic.es\/superconductividad\/wp-json\/wp\/v2\/pages\/681\/revisions\/1682"}],"up":[{"embeddable":true,"href":"https:\/\/wp.icmm.csic.es\/superconductividad\/wp-json\/wp\/v2\/pages\/65"}],"wp:attachment":[{"href":"https:\/\/wp.icmm.csic.es\/superconductividad\/wp-json\/wp\/v2\/media?parent=681"}],"curies":[{"name":"wp","href":"https:\/\/api.w.org\/{rel}","templated":true}]}}