{"id":69,"date":"2012-05-18T09:56:13","date_gmt":"2012-05-18T09:56:13","guid":{"rendered":"http:\/\/www3.icmm.csic.es\/superconductividad\/?page_id=69"},"modified":"2018-04-03T08:20:18","modified_gmt":"2018-04-03T08:20:18","slug":"temperatura","status":"publish","type":"page","link":"https:\/\/wp.icmm.csic.es\/superconductividad\/fisica-cuantica-y-transiciones\/temperatura\/","title":{"rendered":"Temperatura y Transici\u00f3n de Fase"},"content":{"rendered":"<p style=\"text-align: justify;\"><span style=\"color: #000000;\">La temperatura juega un papel crucial en la comprensi\u00f3n de la superconductividad. En f\u00edsica estad\u00edstica la temperatura es igual a la energ\u00eda cin\u00e9tica media de las part\u00edculas, es decir mide la capacidad de movimiento de las part\u00edculas. Al bajar la temperatura las part\u00edculas se mueven cada vez m\u00e1s lentamente y se producen transiciones de fase de gas a l\u00edquido y de l\u00edquido a s\u00f3lido. En el <a title=\"Los s\u00f3lidos cristalinos\" href=\"https:\/\/wp.icmm.csic.es\/superconductividad\/?page_id=749\">s\u00f3lido<\/a> el movimiento de las part\u00edculas se reduce a las vibraciones de los \u00e1tomos o iones en su posici\u00f3n dentro de la red i\u00f3nica: son las llamadas vibraciones t\u00e9rmicas. T\u00edpicamente el material pasa de un estado m\u00e1s desordenado a alta temperatura (m\u00e1xima entrop\u00eda) a un estado a baja temperatura m\u00e1s ordenado (energ\u00eda m\u00ednima).<\/span><\/p>\n<p style=\"text-align: justify;\"><span style=\"color: #000000;\">En el caso de la <a title=\"Transiciones de fases cl\u00e1sicas\" href=\"https:\/\/wp.icmm.csic.es\/superconductividad\/?page_id=1156\">transici\u00f3n de fases<\/a> a un estado superconductor al disminuir la temperatura tambi\u00e9n ocurre que el estado superconductor es m\u00e1s ordenado pero el orden es en el espacio de velocidades (o m\u00e1s precisamente espacio de momentos con momento igual a masa por velocidad). Este orden es posible gracias a la <a href=\"https:\/\/wp.icmm.csic.es\/superconductividad\/?page_id=436\">f\u00edsica cu\u00e1ntica<\/a> siendo el estado superconductor un <a href=\"https:\/\/wp.icmm.csic.es\/superconductividad\/?page_id=707\">estado cu\u00e1ntico colectivo<\/a>. Las vibraciones t\u00e9rmicas de los iones tienen un papel esencial en el apareamiento de dos electrones para formar <a href=\"https:\/\/wp.icmm.csic.es\/superconductividad\/?page_id=703\">pares de Cooper<\/a> que dan lugar a este estado colectivo.<\/span><\/p>\n<p style=\"text-align: justify;\">El primer superconductor que descubri\u00f3 Karmelingh Onnes estaba a una temperatura de -269\u00baC, cerca del cero absoluto, y fue posible gracias a que previamente consigui\u00f3 la licuefacci\u00f3n del helio en 1908. Actualmente el r\u00e9cord en temperatura cr\u00edtica est\u00e1 en la familia de los cupratos con -135\u00baC para lo que es suficiente enfriar con nitr\u00f3geno l\u00edquido cuyo punto de licuefacci\u00f3n es de -196\u00baC. En vez de grados cent\u00edgrados los f\u00edsicos prefieren utilizar grados Kelvin siendo 0\u00baC=273.15 K. De esta forma el cero absoluto de temperatura (m\u00ednimo valor posible de temperatura con m\u00ednima entrop\u00eda) es el 0K.<\/p>\n<p style=\"text-align: justify;\">Saber m\u00e1s:\u00a0<a href=\"https:\/\/wp.icmm.csic.es\/superconductividad\/?page_id=798\">diagrama de fases<\/a>,\u00a0<a href=\"https:\/\/wp.icmm.csic.es\/superconductividad\/?page_id=794\">fen\u00f3meno emergente<\/a>, <a title=\"Transiciones de fases cl\u00e1sicas\" href=\"https:\/\/wp.icmm.csic.es\/superconductividad\/?page_id=1156\">transiciones de fase cl\u00e1sicas<\/a>,\u00a0<a href=\"https:\/\/wp.icmm.csic.es\/superconductividad\/?page_id=805\">transiciones de fase cu\u00e1nticas<\/a>\u00a0y <a title=\"Fases topol\u00f3gicas\" href=\"https:\/\/wp.icmm.csic.es\/superconductividad\/?page_id=1163\">fases topol\u00f3gicas<\/a>.<\/p>\n<p><img loading=\"lazy\" decoding=\"async\" class=\"size-full wp-image-191\" title=\"cold_en\" src=\"https:\/\/wp.icmm.csic.es\/superconductividad\/wp-content\/uploads\/sites\/17\/2012\/05\/cold_en.jpg\" alt=\"\" width=\"560\" height=\"818\" srcset=\"https:\/\/wp.icmm.csic.es\/superconductividad\/wp-content\/uploads\/sites\/17\/2012\/05\/cold_en.jpg 560w, https:\/\/wp.icmm.csic.es\/superconductividad\/wp-content\/uploads\/sites\/17\/2012\/05\/cold_en-205x300.jpg 205w\" sizes=\"auto, (max-width: 560px) 100vw, 560px\" \/><\/p>\n<p style=\"text-align: center;\">\n","protected":false},"excerpt":{"rendered":"<p>La temperatura juega un papel crucial en la comprensi\u00f3n de la superconductividad. En f\u00edsica estad\u00edstica la temperatura es igual a la energ\u00eda cin\u00e9tica media de las part\u00edculas, es decir mide la capacidad de movimiento de las part\u00edculas. Al bajar la temperatura las part\u00edculas se mueven cada vez m\u00e1s lentamente y se producen transiciones de fase &hellip; <\/p>\n<p class=\"link-more\"><a href=\"https:\/\/wp.icmm.csic.es\/superconductividad\/fisica-cuantica-y-transiciones\/temperatura\/\" class=\"more-link\">Continuar leyendo<span class=\"screen-reader-text\"> \u00abTemperatura y Transici\u00f3n de Fase\u00bb<\/span><\/a><\/p>\n","protected":false},"author":1,"featured_media":0,"parent":1276,"menu_order":1,"comment_status":"closed","ping_status":"closed","template":"","meta":{"ngg_post_thumbnail":0,"footnotes":""},"class_list":["post-69","page","type-page","status-publish","hentry"],"_links":{"self":[{"href":"https:\/\/wp.icmm.csic.es\/superconductividad\/wp-json\/wp\/v2\/pages\/69","targetHints":{"allow":["GET"]}}],"collection":[{"href":"https:\/\/wp.icmm.csic.es\/superconductividad\/wp-json\/wp\/v2\/pages"}],"about":[{"href":"https:\/\/wp.icmm.csic.es\/superconductividad\/wp-json\/wp\/v2\/types\/page"}],"author":[{"embeddable":true,"href":"https:\/\/wp.icmm.csic.es\/superconductividad\/wp-json\/wp\/v2\/users\/1"}],"replies":[{"embeddable":true,"href":"https:\/\/wp.icmm.csic.es\/superconductividad\/wp-json\/wp\/v2\/comments?post=69"}],"version-history":[{"count":2,"href":"https:\/\/wp.icmm.csic.es\/superconductividad\/wp-json\/wp\/v2\/pages\/69\/revisions"}],"predecessor-version":[{"id":1685,"href":"https:\/\/wp.icmm.csic.es\/superconductividad\/wp-json\/wp\/v2\/pages\/69\/revisions\/1685"}],"up":[{"embeddable":true,"href":"https:\/\/wp.icmm.csic.es\/superconductividad\/wp-json\/wp\/v2\/pages\/1276"}],"wp:attachment":[{"href":"https:\/\/wp.icmm.csic.es\/superconductividad\/wp-json\/wp\/v2\/media?parent=69"}],"curies":[{"name":"wp","href":"https:\/\/api.w.org\/{rel}","templated":true}]}}