{"id":703,"date":"2014-01-03T20:38:58","date_gmt":"2014-01-03T19:38:58","guid":{"rendered":"http:\/\/www3.icmm.csic.es\/superconductividad\/?page_id=703"},"modified":"2018-02-26T12:33:12","modified_gmt":"2018-02-26T12:33:12","slug":"pares-de-cooper","status":"publish","type":"page","link":"https:\/\/wp.icmm.csic.es\/superconductividad\/superconductividad\/explicacion-bcs\/pares-de-cooper\/","title":{"rendered":"Pares de Cooper"},"content":{"rendered":"<p style=\"text-align: justify;\">Un par de Cooper est\u00e1 formado por un par de electrones. Seg\u00fan la f\u00edsica cu\u00e1ntica los electrones son <a title=\"Fermiones y bosones\" href=\"https:\/\/wp.icmm.csic.es\/superconductividad\/?page_id=742\">fermiones<\/a> y cumplen el <a title=\"Fermiones, bosones y anyones\" href=\"https:\/\/wp.icmm.csic.es\/superconductividad\/?page_id=742\">Principio de exclusi\u00f3n de Pauli <\/a>y sin embargo los pares de Cooper tienen otra entidad, son <a title=\"Fermiones y bosones\" href=\"https:\/\/wp.icmm.csic.es\/superconductividad\/?page_id=742\">bosones<\/a>. Esto es crucial para la formaci\u00f3n del <a title=\"Estado cu\u00e1ntico colectivo\" href=\"https:\/\/wp.icmm.csic.es\/superconductividad\/?page_id=707\">estado cu\u00e1ntico colectivo<\/a> porque los <a title=\"Fermiones, bosones y anyones\" href=\"https:\/\/wp.icmm.csic.es\/superconductividad\/?page_id=742\">bosones <\/a>pueden condensar en una funci\u00f3n de onda cu\u00e1ntica macrosc\u00f3pica y los electrones no. De hecho llegar a esta conclusi\u00f3n fue uno de los pasos que m\u00e1s retrasaron la soluci\u00f3n al problema de la superconductividad. Le\u00f3n Cooper resolvi\u00f3 este problema en 1956.<\/p>\n<p style=\"text-align: justify;\">Los electrones de los pares de Cooper de la <a title=\"Explicaci\u00f3n BCS\" href=\"https:\/\/wp.icmm.csic.es\/superconductividad\/?page_id=63\">teor\u00eda BCS<\/a> pueden formarse proveyendo una peque\u00f1a atracci\u00f3n entre ellos. Forman una esfera con velocidades opuestas y espines (momento magn\u00e9tico cuantizado) opuestos para cumplir el <a title=\"Fermiones, bosones y anyones\" href=\"https:\/\/wp.icmm.csic.es\/superconductividad\/?page_id=742\">principio de exclusi\u00f3n de Pauli<\/a>. El tama\u00f1o del par de Cooper se denomina <a title=\"Par\u00e1metros Cr\u00edticos\" href=\"https:\/\/wp.icmm.csic.es\/superconductividad\/?page_id=432\">longitud de coherencia<\/a>. Los pares de Cooper sin embargo no se rigen por el principio de exclusi\u00f3n de Pauli por ser <a title=\"Fermiones, bosones y anyones\" href=\"http:\/\/wp.icmm.csic.es\/superconductividad\/?page_id=742\">bosones<\/a> y se mueven todos a la misma velocidad y con la misma fase en el <a title=\"Estado cu\u00e1ntico colectivo\" href=\"https:\/\/wp.icmm.csic.es\/superconductividad\/?page_id=707\">estado colectivo cu\u00e1ntico<\/a>.<br \/>\nUno de los grandes logros de la <a title=\"Explicaci\u00f3n BCS\" href=\"https:\/\/wp.icmm.csic.es\/superconductividad\/?page_id=63\">teor\u00eda BCS<\/a> fue la derivaci\u00f3n del <a title=\"Gap superconductor\" href=\"https:\/\/wp.icmm.csic.es\/superconductividad\/?page_id=1191\">gap superconductor<\/a> que es la energ\u00eda necesaria para romper un par de Cooper.<\/p>\n","protected":false},"excerpt":{"rendered":"<p>Un par de Cooper est\u00e1 formado por un par de electrones. Seg\u00fan la f\u00edsica cu\u00e1ntica los electrones son fermiones y cumplen el Principio de exclusi\u00f3n de Pauli y sin embargo los pares de Cooper tienen otra entidad, son bosones. Esto es crucial para la formaci\u00f3n del estado cu\u00e1ntico colectivo porque los bosones pueden condensar en &hellip; <\/p>\n<p class=\"link-more\"><a href=\"https:\/\/wp.icmm.csic.es\/superconductividad\/superconductividad\/explicacion-bcs\/pares-de-cooper\/\" class=\"more-link\">Continuar leyendo<span class=\"screen-reader-text\"> \u00abPares de Cooper\u00bb<\/span><\/a><\/p>\n","protected":false},"author":1,"featured_media":0,"parent":63,"menu_order":0,"comment_status":"closed","ping_status":"closed","template":"","meta":{"ngg_post_thumbnail":0,"footnotes":""},"class_list":["post-703","page","type-page","status-publish","hentry"],"_links":{"self":[{"href":"https:\/\/wp.icmm.csic.es\/superconductividad\/wp-json\/wp\/v2\/pages\/703","targetHints":{"allow":["GET"]}}],"collection":[{"href":"https:\/\/wp.icmm.csic.es\/superconductividad\/wp-json\/wp\/v2\/pages"}],"about":[{"href":"https:\/\/wp.icmm.csic.es\/superconductividad\/wp-json\/wp\/v2\/types\/page"}],"author":[{"embeddable":true,"href":"https:\/\/wp.icmm.csic.es\/superconductividad\/wp-json\/wp\/v2\/users\/1"}],"replies":[{"embeddable":true,"href":"https:\/\/wp.icmm.csic.es\/superconductividad\/wp-json\/wp\/v2\/comments?post=703"}],"version-history":[{"count":3,"href":"https:\/\/wp.icmm.csic.es\/superconductividad\/wp-json\/wp\/v2\/pages\/703\/revisions"}],"predecessor-version":[{"id":1621,"href":"https:\/\/wp.icmm.csic.es\/superconductividad\/wp-json\/wp\/v2\/pages\/703\/revisions\/1621"}],"up":[{"embeddable":true,"href":"https:\/\/wp.icmm.csic.es\/superconductividad\/wp-json\/wp\/v2\/pages\/63"}],"wp:attachment":[{"href":"https:\/\/wp.icmm.csic.es\/superconductividad\/wp-json\/wp\/v2\/media?parent=703"}],"curies":[{"name":"wp","href":"https:\/\/api.w.org\/{rel}","templated":true}]}}