{"id":707,"date":"2014-01-03T20:40:39","date_gmt":"2014-01-03T19:40:39","guid":{"rendered":"http:\/\/www3.icmm.csic.es\/superconductividad\/?page_id=707"},"modified":"2018-02-26T12:29:43","modified_gmt":"2018-02-26T12:29:43","slug":"estado-cuantico-colectivo","status":"publish","type":"page","link":"https:\/\/wp.icmm.csic.es\/superconductividad\/superconductividad\/explicacion-bcs\/estado-cuantico-colectivo\/","title":{"rendered":"Estado cu\u00e1ntico colectivo"},"content":{"rendered":"<p style=\"text-align: justify;\">En el estado superconductor los electrones se aparean formando <a title=\"Pares de Cooper\" href=\"https:\/\/wp.icmm.csic.es\/superconductividad\/?page_id=703\">pares de Cooper<\/a>. Los pares de Cooper tienen otra entidad (son <a title=\"Fermiones y bosones\" href=\"https:\/\/wp.icmm.csic.es\/superconductividad\/?page_id=742\">bosones<\/a>) diferente a la de los electrones (<a title=\"Fermiones y bosones\" href=\"https:\/\/wp.icmm.csic.es\/superconductividad\/?page_id=742\">fermiones<\/a>). Los bosones pueden condensar en un estado cu\u00e1ntico colectivo. Es cu\u00e1ntico porque viene descrito por una <a title=\"F\u00edsica Cu\u00e1ntica\" href=\"https:\/\/wp.icmm.csic.es\/superconductividad\/?page_id=436\">funci\u00f3n de onda<\/a> y es colectivo porque participan en este estado todos los pares de Cooper. Adem\u00e1s los <a title=\"Pares de Cooper\" href=\"https:\/\/wp.icmm.csic.es\/superconductividad\/?page_id=703\">pares de Cooper<\/a> est\u00e1n ligados y tienen la misma energ\u00eda y la misma <a title=\"Cuantizaci\u00f3n\" href=\"https:\/\/wp.icmm.csic.es\/superconductividad\/?page_id=730\">fase<\/a> de tal forma que cada <a title=\"Pares de Cooper\" href=\"https:\/\/wp.icmm.csic.es\/superconductividad\/?page_id=703\">par de Cooper<\/a> sabe qu\u00e9 est\u00e1 haciendo su vecino. El estado cu\u00e1ntico colectivo se extiende por todo el material por lo que nos provee con una oportunidad de ver a escala humana un estado cu\u00e1ntico.<br \/>\nLa cantidad esencial en el estado superconductor clave para explicar sus propiedades es esta funci\u00f3n de onda colectiva macrosc\u00f3pica con su amplitud y su fase.<\/p>\n<p style=\"text-align: justify;\">El estudio de los fen\u00f3menos colectivos es un campo de investigaci\u00f3n muy amplio que se sit\u00faa dentro de los <a title=\"Fen\u00f3meno emergente\" href=\"https:\/\/wp.icmm.csic.es\/superconductividad\/?page_id=794\">fen\u00f3menos emergentes<\/a> y va m\u00e1s all\u00e1 de la f\u00edsica.<\/p>\n","protected":false},"excerpt":{"rendered":"<p>En el estado superconductor los electrones se aparean formando pares de Cooper. Los pares de Cooper tienen otra entidad (son bosones) diferente a la de los electrones (fermiones). Los bosones pueden condensar en un estado cu\u00e1ntico colectivo. Es cu\u00e1ntico porque viene descrito por una funci\u00f3n de onda y es colectivo porque participan en este estado &hellip; <\/p>\n<p class=\"link-more\"><a href=\"https:\/\/wp.icmm.csic.es\/superconductividad\/superconductividad\/explicacion-bcs\/estado-cuantico-colectivo\/\" class=\"more-link\">Continuar leyendo<span class=\"screen-reader-text\"> \u00abEstado cu\u00e1ntico colectivo\u00bb<\/span><\/a><\/p>\n","protected":false},"author":1,"featured_media":0,"parent":63,"menu_order":0,"comment_status":"closed","ping_status":"closed","template":"","meta":{"ngg_post_thumbnail":0,"footnotes":""},"class_list":["post-707","page","type-page","status-publish","hentry"],"_links":{"self":[{"href":"https:\/\/wp.icmm.csic.es\/superconductividad\/wp-json\/wp\/v2\/pages\/707","targetHints":{"allow":["GET"]}}],"collection":[{"href":"https:\/\/wp.icmm.csic.es\/superconductividad\/wp-json\/wp\/v2\/pages"}],"about":[{"href":"https:\/\/wp.icmm.csic.es\/superconductividad\/wp-json\/wp\/v2\/types\/page"}],"author":[{"embeddable":true,"href":"https:\/\/wp.icmm.csic.es\/superconductividad\/wp-json\/wp\/v2\/users\/1"}],"replies":[{"embeddable":true,"href":"https:\/\/wp.icmm.csic.es\/superconductividad\/wp-json\/wp\/v2\/comments?post=707"}],"version-history":[{"count":3,"href":"https:\/\/wp.icmm.csic.es\/superconductividad\/wp-json\/wp\/v2\/pages\/707\/revisions"}],"predecessor-version":[{"id":1619,"href":"https:\/\/wp.icmm.csic.es\/superconductividad\/wp-json\/wp\/v2\/pages\/707\/revisions\/1619"}],"up":[{"embeddable":true,"href":"https:\/\/wp.icmm.csic.es\/superconductividad\/wp-json\/wp\/v2\/pages\/63"}],"wp:attachment":[{"href":"https:\/\/wp.icmm.csic.es\/superconductividad\/wp-json\/wp\/v2\/media?parent=707"}],"curies":[{"name":"wp","href":"https:\/\/api.w.org\/{rel}","templated":true}]}}