{"id":730,"date":"2014-01-04T13:12:22","date_gmt":"2014-01-04T12:12:22","guid":{"rendered":"http:\/\/www3.icmm.csic.es\/superconductividad\/?page_id=730"},"modified":"2014-01-04T13:12:22","modified_gmt":"2014-01-04T12:12:22","slug":"cuantizacion","status":"publish","type":"page","link":"https:\/\/wp.icmm.csic.es\/superconductividad\/fisica-cuantica-y-transiciones\/fisica-cuantica\/cuantizacion\/","title":{"rendered":"Cuantizaci\u00f3n"},"content":{"rendered":"<p>Una part\u00edcula descrita por f\u00edsica cu\u00e1ntica tiene sus propiedades cuantizadas tales como la energ\u00eda, el momento, el momento angular, el esp\u00edn (momento angular intr\u00ednseco del electr\u00f3n). Esto significa que estas propiedades no pueden tomar cualquier valor sino s\u00f3lo ciertos valores permitidos. Por ejemplo en un \u00e1tomo los electrones s\u00f3lo pueden tener ciertas energ\u00edas espec\u00edficas.<\/p>\n<p>De especial relevancia es el estado cu\u00e1ntico de m\u00ednima energ\u00eda (que no puede tomar el valor cero) denominado estado fundamental. Este es el estado en el que se encuentra el sistema de estudio a la temperatura del cero absoluto.<br \/>\nEn un principio la cuantizaci\u00f3n de la energ\u00eda se propuso como una relaci\u00f3n emp\u00edrica para entender la radiaci\u00f3n t\u00e9rmica o el \u00e1tomo. M\u00e1s tarde se dedujo de describir la part\u00edcula como una funci\u00f3n de onda con condiciones de contorno adecuadas. El problema es similar a las ondas estacionarias generadas en un tambor o a las vibraciones en la cuerda de una guitarra. La funci\u00f3n de onda es una cantidad compleja que se caracteriza por una amplitud y una fase.<\/p>\n<figure id=\"attachment_847\" aria-describedby=\"caption-attachment-847\" style=\"width: 370px\" class=\"wp-caption aligncenter\"><a href=\"https:\/\/wp.icmm.csic.es\/superconductividad\/wp-content\/uploads\/sites\/17\/2014\/01\/guitarra1.jpg\"><img loading=\"lazy\" decoding=\"async\" class=\"wp-image-847 \" title=\"guitarra\" src=\"https:\/\/wp.icmm.csic.es\/superconductividad\/wp-content\/uploads\/sites\/17\/2014\/01\/guitarra1.jpg\" alt=\"\" width=\"370\" height=\"252\" srcset=\"https:\/\/wp.icmm.csic.es\/superconductividad\/wp-content\/uploads\/sites\/17\/2014\/01\/guitarra1.jpg 528w, https:\/\/wp.icmm.csic.es\/superconductividad\/wp-content\/uploads\/sites\/17\/2014\/01\/guitarra1-300x205.jpg 300w\" sizes=\"auto, (max-width: 370px) 100vw, 370px\" \/><\/a><figcaption id=\"caption-attachment-847\" class=\"wp-caption-text\">Fuente: Departamento de f\u00edsica de Universidad de la Plata, Argentina.<\/figcaption><\/figure>\n<p style=\"text-align: justify\"><span style=\"color: #ffffff\">[Figura]<\/span><\/p>\n<p style=\"text-align: justify\">Las vibraciones de los iones tambi\u00e9n est\u00e1n cuantizadas y se denominan fonones. Los fonones son claves en el pegamento de los pares de Cooper en los superconductores convencionales.<\/p>\n","protected":false},"excerpt":{"rendered":"<p>Una part\u00edcula descrita por f\u00edsica cu\u00e1ntica tiene sus propiedades cuantizadas tales como la energ\u00eda, el momento, el momento angular, el esp\u00edn (momento angular intr\u00ednseco del electr\u00f3n). Esto significa que estas propiedades no pueden tomar cualquier valor sino s\u00f3lo ciertos valores permitidos. Por ejemplo en un \u00e1tomo los electrones s\u00f3lo pueden tener ciertas energ\u00edas espec\u00edficas. De &hellip; <\/p>\n<p class=\"link-more\"><a href=\"https:\/\/wp.icmm.csic.es\/superconductividad\/fisica-cuantica-y-transiciones\/fisica-cuantica\/cuantizacion\/\" class=\"more-link\">Continuar leyendo<span class=\"screen-reader-text\"> \u00abCuantizaci\u00f3n\u00bb<\/span><\/a><\/p>\n","protected":false},"author":1,"featured_media":0,"parent":436,"menu_order":0,"comment_status":"closed","ping_status":"closed","template":"","meta":{"ngg_post_thumbnail":0,"footnotes":""},"class_list":["post-730","page","type-page","status-publish","hentry"],"_links":{"self":[{"href":"https:\/\/wp.icmm.csic.es\/superconductividad\/wp-json\/wp\/v2\/pages\/730","targetHints":{"allow":["GET"]}}],"collection":[{"href":"https:\/\/wp.icmm.csic.es\/superconductividad\/wp-json\/wp\/v2\/pages"}],"about":[{"href":"https:\/\/wp.icmm.csic.es\/superconductividad\/wp-json\/wp\/v2\/types\/page"}],"author":[{"embeddable":true,"href":"https:\/\/wp.icmm.csic.es\/superconductividad\/wp-json\/wp\/v2\/users\/1"}],"replies":[{"embeddable":true,"href":"https:\/\/wp.icmm.csic.es\/superconductividad\/wp-json\/wp\/v2\/comments?post=730"}],"version-history":[{"count":0,"href":"https:\/\/wp.icmm.csic.es\/superconductividad\/wp-json\/wp\/v2\/pages\/730\/revisions"}],"up":[{"embeddable":true,"href":"https:\/\/wp.icmm.csic.es\/superconductividad\/wp-json\/wp\/v2\/pages\/436"}],"wp:attachment":[{"href":"https:\/\/wp.icmm.csic.es\/superconductividad\/wp-json\/wp\/v2\/media?parent=730"}],"curies":[{"name":"wp","href":"https:\/\/api.w.org\/{rel}","templated":true}]}}