{"id":737,"date":"2014-01-04T13:15:51","date_gmt":"2014-01-04T12:15:51","guid":{"rendered":"http:\/\/www3.icmm.csic.es\/superconductividad\/?page_id=737"},"modified":"2018-02-26T08:44:12","modified_gmt":"2018-02-26T08:44:12","slug":"efecto-tunel","status":"publish","type":"page","link":"https:\/\/wp.icmm.csic.es\/superconductividad\/fisica-cuantica-y-transiciones\/fisica-cuantica\/efecto-tunel\/","title":{"rendered":"Efecto t\u00fanel"},"content":{"rendered":"<p style=\"text-align: justify;\">El efecto t\u00fanel ocurre cuando un electr\u00f3n puede atravesar una barrera de potencial lo que estar\u00eda prohibido en f\u00edsica cl\u00e1sica ya que el electr\u00f3n rebotar\u00eda como una pelota de front\u00f3n. Esto es posible debido al car\u00e1cter ondulatorio del electr\u00f3n.<\/p>\n<figure id=\"attachment_844\" aria-describedby=\"caption-attachment-844\" style=\"width: 600px\" class=\"wp-caption alignright\"><a href=\"https:\/\/wp.icmm.csic.es\/superconductividad\/wp-content\/uploads\/sites\/17\/2014\/01\/Quantum_Tunnelling_animation1.gif\"><img loading=\"lazy\" decoding=\"async\" class=\"size-full wp-image-844\" title=\"Quantum_Tunnelling_animation\" src=\"https:\/\/wp.icmm.csic.es\/superconductividad\/wp-content\/uploads\/sites\/17\/2014\/01\/Quantum_Tunnelling_animation1.gif\" alt=\"\" width=\"600\" height=\"300\" \/><\/a><figcaption id=\"caption-attachment-844\" class=\"wp-caption-text\">Efecto t\u00fanel. Fuente: Wikipedia<\/figcaption><\/figure>\n<p style=\"text-align: justify;\">La mayor parte de la electr\u00f3nica tiene su base en el efecto t\u00fanel. El efecto t\u00fanel tambi\u00e9n es la base del microscopio de efecto t\u00fanel (STM por sus siglas en ingl\u00e9s) que toma im\u00e1genes de superficies a nivel at\u00f3mico.<\/p>\n<p style=\"text-align: justify;\">Los pares de Cooper tambi\u00e9n pueden atravesar una barrera de potencial como fue demostrado por <a href=\"https:\/\/wp.icmm.csic.es\/superconductividad\/?page_id=14\">Giaver y Josephson<\/a>.<\/p>\n<p style=\"text-align: justify;\">\n","protected":false},"excerpt":{"rendered":"<p>El efecto t\u00fanel ocurre cuando un electr\u00f3n puede atravesar una barrera de potencial lo que estar\u00eda prohibido en f\u00edsica cl\u00e1sica ya que el electr\u00f3n rebotar\u00eda como una pelota de front\u00f3n. Esto es posible debido al car\u00e1cter ondulatorio del electr\u00f3n. La mayor parte de la electr\u00f3nica tiene su base en el efecto t\u00fanel. El efecto t\u00fanel &hellip; <\/p>\n<p class=\"link-more\"><a href=\"https:\/\/wp.icmm.csic.es\/superconductividad\/fisica-cuantica-y-transiciones\/fisica-cuantica\/efecto-tunel\/\" class=\"more-link\">Continuar leyendo<span class=\"screen-reader-text\"> \u00abEfecto t\u00fanel\u00bb<\/span><\/a><\/p>\n","protected":false},"author":1,"featured_media":0,"parent":436,"menu_order":0,"comment_status":"closed","ping_status":"closed","template":"","meta":{"ngg_post_thumbnail":0,"footnotes":""},"class_list":["post-737","page","type-page","status-publish","hentry"],"_links":{"self":[{"href":"https:\/\/wp.icmm.csic.es\/superconductividad\/wp-json\/wp\/v2\/pages\/737","targetHints":{"allow":["GET"]}}],"collection":[{"href":"https:\/\/wp.icmm.csic.es\/superconductividad\/wp-json\/wp\/v2\/pages"}],"about":[{"href":"https:\/\/wp.icmm.csic.es\/superconductividad\/wp-json\/wp\/v2\/types\/page"}],"author":[{"embeddable":true,"href":"https:\/\/wp.icmm.csic.es\/superconductividad\/wp-json\/wp\/v2\/users\/1"}],"replies":[{"embeddable":true,"href":"https:\/\/wp.icmm.csic.es\/superconductividad\/wp-json\/wp\/v2\/comments?post=737"}],"version-history":[{"count":1,"href":"https:\/\/wp.icmm.csic.es\/superconductividad\/wp-json\/wp\/v2\/pages\/737\/revisions"}],"predecessor-version":[{"id":1588,"href":"https:\/\/wp.icmm.csic.es\/superconductividad\/wp-json\/wp\/v2\/pages\/737\/revisions\/1588"}],"up":[{"embeddable":true,"href":"https:\/\/wp.icmm.csic.es\/superconductividad\/wp-json\/wp\/v2\/pages\/436"}],"wp:attachment":[{"href":"https:\/\/wp.icmm.csic.es\/superconductividad\/wp-json\/wp\/v2\/media?parent=737"}],"curies":[{"name":"wp","href":"https:\/\/api.w.org\/{rel}","templated":true}]}}