{"id":756,"date":"2014-01-04T13:33:06","date_gmt":"2014-01-04T12:33:06","guid":{"rendered":"http:\/\/www3.icmm.csic.es\/superconductividad\/?page_id=756"},"modified":"2018-02-26T12:09:50","modified_gmt":"2018-02-26T12:09:50","slug":"sistemas-de-electrones-fuertemente-correlacionados","status":"publish","type":"page","link":"https:\/\/wp.icmm.csic.es\/superconductividad\/fisica-cuantica-y-transiciones\/fisica-cuantica\/sistemas-de-electrones-fuertemente-correlacionados\/","title":{"rendered":"Sistemas de electrones fuertemente correlacionados"},"content":{"rendered":"<p style=\"text-align: justify;\">En los sistemas de electrones fuertemente correlacionados la interacci\u00f3n entre los electrones no se puede despreciar lo que hace que el problema sea muy dif\u00edcil de resolver puesto que no se puede simplificar a una teor\u00eda efectiva de una part\u00edcula como en los metales descritos por la teor\u00eda del l\u00edquido de Fermi (v\u00e9ase metales en <a href=\"https:\/\/wp.icmm.csic.es\/superconductividad\/?page_id=749\">s\u00f3lidos cristalinos<\/a>). Sin embargo la interacci\u00f3n entre los electrones es lo que da lugar a fen\u00f3menos de emergencia sorprendentes inconcebibles desde sus elementos constituyentes. Estos sistemas presentan diagramas de fase muy ricos con diversas fases que compiten o coexisten entre s\u00ed. Entre las fases que se encuentran est\u00e1n las fases magn\u00e9ticas, superconductoras y otras fases que presentan f\u00edsica nueva. Los diagramas de fase presentan transiciones de fase al variar la temperatura y tambi\u00e9n transiciones de fase cu\u00e1nticas. Un ejemplo ser\u00eda el aislante de Mott que se encuentra en los cupratos. El aislante de Mott es un claro ejemplo de fallo de teor\u00eda de bandas, que predice el sistema como metal. Su car\u00e1cter aislante proviene de la interacci\u00f3n entre los electrones. La caracterizaci\u00f3n y la descripci\u00f3n microsc\u00f3pica de los electrones fuertemente correlacionados es un campo de investigaci\u00f3n muy activo.<\/p>\n","protected":false},"excerpt":{"rendered":"<p>En los sistemas de electrones fuertemente correlacionados la interacci\u00f3n entre los electrones no se puede despreciar lo que hace que el problema sea muy dif\u00edcil de resolver puesto que no se puede simplificar a una teor\u00eda efectiva de una part\u00edcula como en los metales descritos por la teor\u00eda del l\u00edquido de Fermi (v\u00e9ase metales en &hellip; <\/p>\n<p class=\"link-more\"><a href=\"https:\/\/wp.icmm.csic.es\/superconductividad\/fisica-cuantica-y-transiciones\/fisica-cuantica\/sistemas-de-electrones-fuertemente-correlacionados\/\" class=\"more-link\">Continuar leyendo<span class=\"screen-reader-text\"> \u00abSistemas de electrones fuertemente correlacionados\u00bb<\/span><\/a><\/p>\n","protected":false},"author":1,"featured_media":0,"parent":436,"menu_order":0,"comment_status":"closed","ping_status":"closed","template":"","meta":{"ngg_post_thumbnail":0,"footnotes":""},"class_list":["post-756","page","type-page","status-publish","hentry"],"_links":{"self":[{"href":"https:\/\/wp.icmm.csic.es\/superconductividad\/wp-json\/wp\/v2\/pages\/756","targetHints":{"allow":["GET"]}}],"collection":[{"href":"https:\/\/wp.icmm.csic.es\/superconductividad\/wp-json\/wp\/v2\/pages"}],"about":[{"href":"https:\/\/wp.icmm.csic.es\/superconductividad\/wp-json\/wp\/v2\/types\/page"}],"author":[{"embeddable":true,"href":"https:\/\/wp.icmm.csic.es\/superconductividad\/wp-json\/wp\/v2\/users\/1"}],"replies":[{"embeddable":true,"href":"https:\/\/wp.icmm.csic.es\/superconductividad\/wp-json\/wp\/v2\/comments?post=756"}],"version-history":[{"count":1,"href":"https:\/\/wp.icmm.csic.es\/superconductividad\/wp-json\/wp\/v2\/pages\/756\/revisions"}],"predecessor-version":[{"id":1596,"href":"https:\/\/wp.icmm.csic.es\/superconductividad\/wp-json\/wp\/v2\/pages\/756\/revisions\/1596"}],"up":[{"embeddable":true,"href":"https:\/\/wp.icmm.csic.es\/superconductividad\/wp-json\/wp\/v2\/pages\/436"}],"wp:attachment":[{"href":"https:\/\/wp.icmm.csic.es\/superconductividad\/wp-json\/wp\/v2\/media?parent=756"}],"curies":[{"name":"wp","href":"https:\/\/api.w.org\/{rel}","templated":true}]}}