{"id":77,"date":"2012-05-18T09:58:40","date_gmt":"2012-05-18T09:58:40","guid":{"rendered":"http:\/\/www3.icmm.csic.es\/superconductividad\/?page_id=77"},"modified":"2018-02-26T12:45:56","modified_gmt":"2018-02-26T12:45:56","slug":"energia","status":"publish","type":"page","link":"https:\/\/wp.icmm.csic.es\/superconductividad\/aplicaciones\/energia\/","title":{"rendered":"Energ\u00eda"},"content":{"rendered":"<p style=\"text-align: justify;\">Los superconductores suponen una gran promesa para combatir el problema de la demanda energ\u00e9tica: nos pueden permitir generar, conducir y almacenar la electricidad de forma m\u00e1s eficiente.<\/p>\n<p style=\"text-align: justify;\">Una forma de <strong>generar<\/strong> energ\u00eda es convertir energ\u00eda mec\u00e1nica en el\u00e9ctrica, como en los generadores e\u00f3licos e hidr\u00e1ulicos. El uso de imanes producidos por bobinas superconductoras en estos generadores disminuye su peso y dimensiones, as\u00ed como las p\u00e9rdidas mec\u00e1nicas en la producci\u00f3n de energ\u00edas alternativas. Adem\u00e1s el uso de generadores superconductores disminuye la dependencia en las escasas tierras raras que componen los imanes convencionales.<\/p>\n<address><em>La energ\u00eda e\u00f3lica es una de las grandes promesas de energ\u00eda verde debido a que es una energ\u00eda limpia, renovable y abundante. Espa\u00f1a es la segunda potencia mundial detr\u00e1s de Alemania y seguido de Estados Unidos. En los \u00faltimos a\u00f1os ha aumentado much\u00edsimo su producci\u00f3n. China est\u00e1 haciendo una enorme inversi\u00f3n en este sector.<\/em><\/address>\n<address>\u00a0<\/address>\n<address><em>Actualmente se est\u00e1 trabajando mucho en mejorar el aerogenerador que transforma la energ\u00eda cin\u00e9tica del viento en energ\u00eda el\u00e9ctrica y minimizar el problema de la intermitencia del viento. Se busca conseguir una mayor eficiencia y potencia. Hasta ahora se ha conseguido aumentar la potencia haciendo molinos cada vez mayores (tienen aproximadamente 114m de altura y el tama\u00f1o de las aspas es de 62m) haciendo que el manejo de esta infraestructura sea complejo. As\u00edmismo se ha logrado mayor eficiencia con el uso de generadores de imanes permanentes. El inconveniente de estos generadores es que su peso es aproximadamente 180 toneladas. Adem\u00e1s estos imanes se hacen con tierras raras, cada vez m\u00e1s escasas, y cuyo monopolio (97% de la producci\u00f3n) lo posee China. Por otro lado el viento es m\u00e1s estable en el mar y para la construcci\u00f3n de parques e\u00f3licos en el mar es crucial la reducci\u00f3n del tama\u00f1o.<\/em><\/address>\n<address>\u00a0<\/address>\n<address><em>Los aerogeneradores superconductores han surgido como una propuesta muy prometedora para solventar estos problemas. Por debajo de una temperatura cr\u00edtica los materiales superconductores no presentan resistencia el\u00e9ctrica y tienen capacidad para transportar grandes densidades de corriente. Estas propiedades son id\u00f3neas para la generaci\u00f3n de campos magn\u00e9ticos y su uso en motores y generadores. La baja temperatura cr\u00edtica de gran parte de los superconductores precisa refrigerar con helio l\u00edquido, muy costoso para aplicaciones a gran escala. Hace 25 a\u00f1os se descubrieron materiales que son superconductores a una temperatura superior a la de la ebullici\u00f3n del nitr\u00f3geno l\u00edquido, reduciendo notablemente el coste del sistema de refrigeraci\u00f3n criog\u00e9nico.<\/em><\/address>\n<address>\u00a0<\/address>\n<address><em>El aerogenerador superconductor es un 75% m\u00e1s ligero y un 50% m\u00e1s peque\u00f1o. Esto se debe a que una vez cargados la corriente no se deteriora con lo que se elimina el peso adicional de los cargadores. Un molino de viento superconductor equivaldr\u00eda a entre 3 y 6 molinos de viento convencionales. El aerogenerador superconductor presenta adem\u00e1s un bajo nivel de ruido.<\/em><\/address>\n<address>\u00a0<\/address>\n<address><em>Por todo esto los aerogeneradores superconductores son una posibilidad muy atractiva para mejorar la optimizaci\u00f3n de la energ\u00eda e\u00f3lica, la potencia, y minimizar la contaminaci\u00f3n ac\u00fastica y visual y la dependencia de las escasas tierras raras necesarias para el aerogenerador convencional.\u00a0El departamento de energ\u00eda de los Estados Unidos ha invertido millones de d\u00f3lares en el desarrollo de la nueva generaci\u00f3n de los aerogeneradores superconductores. Uno de los aspectos claves en la investigaci\u00f3n actual se centra en producir cables de estos superconductores de alta temperatura de gran eficiencia a precios competitivos. Hay varias compa\u00f1\u00edas actualmente trabajando en el desarrollo de estos aerogeneradores superconductores tales como American Superconductors, Nexans y Sumitomo. China se ha convertido en el consumidor m\u00e1s importante de estos aerogeneradores.<\/em><\/address>\n<address>\u00a0<\/address>\n<address>La <strong>conducci\u00f3n<\/strong> de electricidad por <a href=\"https:\/\/wp.icmm.csic.es\/superconductividad\/?page_id=820\">cables superconductores <\/a>es mucho m\u00e1s eficiente que la realizada por cables convencionales, ya que se evita la p\u00e9rdida de energ\u00eda por calor.El paso de altas densidades de corriente por bobinas de hilo superconductor se puede utilizar para crear campos magn\u00e9ticos intensos que se pueden mantener sin gasto energ\u00e9tico. De esta forma, los superconductores tambi\u00e9n se pueden utilizar para <strong>almacenar<\/strong> energ\u00eda.<\/address>\n<p style=\"text-align: justify;\">\n","protected":false},"excerpt":{"rendered":"<p>Los superconductores suponen una gran promesa para combatir el problema de la demanda energ\u00e9tica: nos pueden permitir generar, conducir y almacenar la electricidad de forma m\u00e1s eficiente. Una forma de generar energ\u00eda es convertir energ\u00eda mec\u00e1nica en el\u00e9ctrica, como en los generadores e\u00f3licos e hidr\u00e1ulicos. El uso de imanes producidos por bobinas superconductoras en estos &hellip; <\/p>\n<p class=\"link-more\"><a href=\"https:\/\/wp.icmm.csic.es\/superconductividad\/aplicaciones\/energia\/\" class=\"more-link\">Continuar leyendo<span class=\"screen-reader-text\"> \u00abEnerg\u00eda\u00bb<\/span><\/a><\/p>\n","protected":false},"author":1,"featured_media":0,"parent":24,"menu_order":4,"comment_status":"closed","ping_status":"closed","template":"","meta":{"ngg_post_thumbnail":0,"footnotes":""},"class_list":["post-77","page","type-page","status-publish","hentry"],"_links":{"self":[{"href":"https:\/\/wp.icmm.csic.es\/superconductividad\/wp-json\/wp\/v2\/pages\/77","targetHints":{"allow":["GET"]}}],"collection":[{"href":"https:\/\/wp.icmm.csic.es\/superconductividad\/wp-json\/wp\/v2\/pages"}],"about":[{"href":"https:\/\/wp.icmm.csic.es\/superconductividad\/wp-json\/wp\/v2\/types\/page"}],"author":[{"embeddable":true,"href":"https:\/\/wp.icmm.csic.es\/superconductividad\/wp-json\/wp\/v2\/users\/1"}],"replies":[{"embeddable":true,"href":"https:\/\/wp.icmm.csic.es\/superconductividad\/wp-json\/wp\/v2\/comments?post=77"}],"version-history":[{"count":3,"href":"https:\/\/wp.icmm.csic.es\/superconductividad\/wp-json\/wp\/v2\/pages\/77\/revisions"}],"predecessor-version":[{"id":1637,"href":"https:\/\/wp.icmm.csic.es\/superconductividad\/wp-json\/wp\/v2\/pages\/77\/revisions\/1637"}],"up":[{"embeddable":true,"href":"https:\/\/wp.icmm.csic.es\/superconductividad\/wp-json\/wp\/v2\/pages\/24"}],"wp:attachment":[{"href":"https:\/\/wp.icmm.csic.es\/superconductividad\/wp-json\/wp\/v2\/media?parent=77"}],"curies":[{"name":"wp","href":"https:\/\/api.w.org\/{rel}","templated":true}]}}