{"id":794,"date":"2014-01-05T19:16:18","date_gmt":"2014-01-05T18:16:18","guid":{"rendered":"http:\/\/www3.icmm.csic.es\/superconductividad\/?page_id=794"},"modified":"2018-04-03T08:21:15","modified_gmt":"2018-04-03T08:21:15","slug":"fenomeno-emergente","status":"publish","type":"page","link":"https:\/\/wp.icmm.csic.es\/superconductividad\/fisica-cuantica-y-transiciones\/temperatura\/fenomeno-emergente\/","title":{"rendered":"Fen\u00f3meno emergente"},"content":{"rendered":"<p style=\"text-align: justify;\">La superconductividad es un ejemplo modelo de fen\u00f3meno emergente. Un fen\u00f3meno emergente es un comportamiento colectivo que se observa en sistemas macrosc\u00f3picos (a escala humana) y no se puede deducir reduci\u00e9ndolo a sus elementos microsc\u00f3picos constituyentes. Aplicado a la superconductividad significa que esta no puede ser comprendida aunque comprendamos perfectamente los electrones individuales. El <a title=\"Orden magn\u00e9tico\" href=\"https:\/\/wp.icmm.csic.es\/superconductividad\/?page_id=1009\">magnetismo<\/a> es otro fen\u00f3meno emergente que se da en f\u00edsica del estado s\u00f3lido. M\u00e1s all\u00e1 de la f\u00edsica se encuentran tambi\u00e9n numerosos ejemplos de fen\u00f3menos emergentes. Algunos de sus ejemplos m\u00e1s emblem\u00e1ticos son:<\/p>\n<ul style=\"text-align: justify;\">\n<li><span class=\"Apple-style-span\" style=\"color: #000000;\">El surgimiento de la vida no se comprende aunque conozcamos perfectamente las mol\u00e9culas de ADN.<\/span><\/li>\n<li><span class=\"Apple-style-span\" style=\"color: #000000;\">La conciencia no se entiende aunque sepamos c\u00f3mo funciona una neurona.<\/span><\/li>\n<li><span class=\"Apple-style-span\" style=\"color: #000000;\">La sociedad es otro fen\u00f3meno emergente que no se puede comprender como una simple suma de ciudadanos.<\/span><\/li>\n<\/ul>\n<p style=\"text-align: justify;\"><span style=\"color: #000000;\"> Estos problemas tan diversos tienen en com\u00fan que el todo es m\u00e1s que la suma de las partes y el comportamiento emergente surge de la interacci\u00f3n de los elementos constituyentes entre ellos y con su entorno.<\/span><\/p>\n<p style=\"text-align: justify;\"><span style=\"color: #000000;\"> La investigaci\u00f3n en biolog\u00eda de estos fen\u00f3menos en este marco est\u00e1 todav\u00eda en un estado primario y es en f\u00edsica donde se han hecho m\u00e1s avances gracias al concepto de <a title=\"Transiciones de fases cl\u00e1sicas\" href=\"https:\/\/wp.icmm.csic.es\/superconductividad\/?page_id=1156\">transiciones de fase<\/a>. <a href=\"https:\/\/wp.icmm.csic.es\/superconductividad\/?page_id=756\">Los sistemas de electrones fuertemente correlacionados<\/a> son un buen caldo de cultivo para encontrar fen\u00f3menos emergentes.<\/span><\/p>\n","protected":false},"excerpt":{"rendered":"<p>La superconductividad es un ejemplo modelo de fen\u00f3meno emergente. Un fen\u00f3meno emergente es un comportamiento colectivo que se observa en sistemas macrosc\u00f3picos (a escala humana) y no se puede deducir reduci\u00e9ndolo a sus elementos microsc\u00f3picos constituyentes. Aplicado a la superconductividad significa que esta no puede ser comprendida aunque comprendamos perfectamente los electrones individuales. El magnetismo &hellip; <\/p>\n<p class=\"link-more\"><a href=\"https:\/\/wp.icmm.csic.es\/superconductividad\/fisica-cuantica-y-transiciones\/temperatura\/fenomeno-emergente\/\" class=\"more-link\">Continuar leyendo<span class=\"screen-reader-text\"> \u00abFen\u00f3meno emergente\u00bb<\/span><\/a><\/p>\n","protected":false},"author":1,"featured_media":0,"parent":69,"menu_order":0,"comment_status":"closed","ping_status":"closed","template":"","meta":{"ngg_post_thumbnail":0,"footnotes":""},"class_list":["post-794","page","type-page","status-publish","hentry"],"_links":{"self":[{"href":"https:\/\/wp.icmm.csic.es\/superconductividad\/wp-json\/wp\/v2\/pages\/794","targetHints":{"allow":["GET"]}}],"collection":[{"href":"https:\/\/wp.icmm.csic.es\/superconductividad\/wp-json\/wp\/v2\/pages"}],"about":[{"href":"https:\/\/wp.icmm.csic.es\/superconductividad\/wp-json\/wp\/v2\/types\/page"}],"author":[{"embeddable":true,"href":"https:\/\/wp.icmm.csic.es\/superconductividad\/wp-json\/wp\/v2\/users\/1"}],"replies":[{"embeddable":true,"href":"https:\/\/wp.icmm.csic.es\/superconductividad\/wp-json\/wp\/v2\/comments?post=794"}],"version-history":[{"count":1,"href":"https:\/\/wp.icmm.csic.es\/superconductividad\/wp-json\/wp\/v2\/pages\/794\/revisions"}],"predecessor-version":[{"id":1686,"href":"https:\/\/wp.icmm.csic.es\/superconductividad\/wp-json\/wp\/v2\/pages\/794\/revisions\/1686"}],"up":[{"embeddable":true,"href":"https:\/\/wp.icmm.csic.es\/superconductividad\/wp-json\/wp\/v2\/pages\/69"}],"wp:attachment":[{"href":"https:\/\/wp.icmm.csic.es\/superconductividad\/wp-json\/wp\/v2\/media?parent=794"}],"curies":[{"name":"wp","href":"https:\/\/api.w.org\/{rel}","templated":true}]}}