{"id":798,"date":"2014-01-05T19:18:37","date_gmt":"2014-01-05T18:18:37","guid":{"rendered":"http:\/\/www3.icmm.csic.es\/superconductividad\/?page_id=798"},"modified":"2018-04-03T08:41:31","modified_gmt":"2018-04-03T08:41:31","slug":"diagrama-de-fases","status":"publish","type":"page","link":"https:\/\/wp.icmm.csic.es\/superconductividad\/fisica-cuantica-y-transiciones\/temperatura\/diagrama-de-fases\/","title":{"rendered":"Diagrama de fases"},"content":{"rendered":"<figure id=\"attachment_1140\" aria-describedby=\"caption-attachment-1140\" style=\"width: 372px\" class=\"wp-caption aligncenter\"><a href=\"https:\/\/wp.icmm.csic.es\/superconductividad\/wp-content\/uploads\/sites\/17\/2014\/01\/diagramafasescupratos.jpg\"><img loading=\"lazy\" decoding=\"async\" class=\"size-full wp-image-1140 \" title=\"diagramafasescupratos\" src=\"https:\/\/wp.icmm.csic.es\/superconductividad\/wp-content\/uploads\/sites\/17\/2014\/01\/diagramafasescupratos.jpg\" alt=\"Diagrama de fases Temperatura-dopaje de los cupratos (superconductores de alta temperatura). AF es la fase antiferromagn\u00e9tica, SC la fase superconductora y PG la misteriosa fase del pseudogap\" width=\"372\" height=\"241\" srcset=\"https:\/\/wp.icmm.csic.es\/superconductividad\/wp-content\/uploads\/sites\/17\/2014\/01\/diagramafasescupratos.jpg 372w, https:\/\/wp.icmm.csic.es\/superconductividad\/wp-content\/uploads\/sites\/17\/2014\/01\/diagramafasescupratos-300x194.jpg 300w\" sizes=\"auto, (max-width: 372px) 100vw, 372px\" \/><\/a><figcaption id=\"caption-attachment-1140\" class=\"wp-caption-text\">Diagrama de fases Temperatura-dopaje de los cupratos (superconductores de alta temperatura). AF es la fase antiferromagn\u00e9tica, SC la fase superconductora y PG la misteriosa fase del pseudogap<\/figcaption><\/figure>\n<p style=\"text-align: justify;\">El diagrama de fases nos muestra de una forma esquem\u00e1tica qu\u00e9 fases existen en un material concreto y a qu\u00e9 temperatura, presi\u00f3n o densidad cr\u00edticas se producen las transiciones de fase.<br \/>\nLas transiciones de fase presentes en los diagramas pueden ocurrir al variar la temperatura y son las <a title=\"Transiciones de fases cl\u00e1sicas\" href=\"https:\/\/wp.icmm.csic.es\/superconductividad\/?page_id=1156\">transiciones de fase cl\u00e1sicas<\/a> o tambi\u00e9n se pueden dar\u00a0<a href=\"https:\/\/wp.icmm.csic.es\/superconductividad\/?page_id=805\">transiciones de fase cu\u00e1nticas<\/a>.<\/p>\n","protected":false},"excerpt":{"rendered":"<p>El diagrama de fases nos muestra de una forma esquem\u00e1tica qu\u00e9 fases existen en un material concreto y a qu\u00e9 temperatura, presi\u00f3n o densidad cr\u00edticas se producen las transiciones de fase. Las transiciones de fase presentes en los diagramas pueden ocurrir al variar la temperatura y son las transiciones de fase cl\u00e1sicas o tambi\u00e9n se &hellip; <\/p>\n<p class=\"link-more\"><a href=\"https:\/\/wp.icmm.csic.es\/superconductividad\/fisica-cuantica-y-transiciones\/temperatura\/diagrama-de-fases\/\" class=\"more-link\">Continuar leyendo<span class=\"screen-reader-text\"> \u00abDiagrama de fases\u00bb<\/span><\/a><\/p>\n","protected":false},"author":1,"featured_media":0,"parent":69,"menu_order":1,"comment_status":"closed","ping_status":"closed","template":"","meta":{"ngg_post_thumbnail":0,"footnotes":""},"class_list":["post-798","page","type-page","status-publish","hentry"],"_links":{"self":[{"href":"https:\/\/wp.icmm.csic.es\/superconductividad\/wp-json\/wp\/v2\/pages\/798","targetHints":{"allow":["GET"]}}],"collection":[{"href":"https:\/\/wp.icmm.csic.es\/superconductividad\/wp-json\/wp\/v2\/pages"}],"about":[{"href":"https:\/\/wp.icmm.csic.es\/superconductividad\/wp-json\/wp\/v2\/types\/page"}],"author":[{"embeddable":true,"href":"https:\/\/wp.icmm.csic.es\/superconductividad\/wp-json\/wp\/v2\/users\/1"}],"replies":[{"embeddable":true,"href":"https:\/\/wp.icmm.csic.es\/superconductividad\/wp-json\/wp\/v2\/comments?post=798"}],"version-history":[{"count":1,"href":"https:\/\/wp.icmm.csic.es\/superconductividad\/wp-json\/wp\/v2\/pages\/798\/revisions"}],"predecessor-version":[{"id":1683,"href":"https:\/\/wp.icmm.csic.es\/superconductividad\/wp-json\/wp\/v2\/pages\/798\/revisions\/1683"}],"up":[{"embeddable":true,"href":"https:\/\/wp.icmm.csic.es\/superconductividad\/wp-json\/wp\/v2\/pages\/69"}],"wp:attachment":[{"href":"https:\/\/wp.icmm.csic.es\/superconductividad\/wp-json\/wp\/v2\/media?parent=798"}],"curies":[{"name":"wp","href":"https:\/\/api.w.org\/{rel}","templated":true}]}}