{"id":805,"date":"2014-01-05T19:24:50","date_gmt":"2014-01-05T18:24:50","guid":{"rendered":"http:\/\/www3.icmm.csic.es\/superconductividad\/?page_id=805"},"modified":"2018-04-03T08:25:04","modified_gmt":"2018-04-03T08:25:04","slug":"transiciones-de-fase-cuanticas","status":"publish","type":"page","link":"https:\/\/wp.icmm.csic.es\/superconductividad\/fisica-cuantica-y-transiciones\/temperatura\/transiciones-de-fase-cuanticas\/","title":{"rendered":"Transiciones de fase cu\u00e1nticas"},"content":{"rendered":"<figure id=\"attachment_853\" aria-describedby=\"caption-attachment-853\" style=\"width: 327px\" class=\"wp-caption alignleft\"><a href=\"https:\/\/wp.icmm.csic.es\/superconductividad\/wp-content\/uploads\/sites\/17\/2014\/01\/Quantum_phase_transition.jpg\"><img loading=\"lazy\" decoding=\"async\" class=\"size-full wp-image-853 \" title=\"Quantum_phase_transition\" src=\"https:\/\/wp.icmm.csic.es\/superconductividad\/wp-content\/uploads\/sites\/17\/2014\/01\/Quantum_phase_transition.jpg\" alt=\"\" width=\"327\" height=\"212\" srcset=\"https:\/\/wp.icmm.csic.es\/superconductividad\/wp-content\/uploads\/sites\/17\/2014\/01\/Quantum_phase_transition.jpg 327w, https:\/\/wp.icmm.csic.es\/superconductividad\/wp-content\/uploads\/sites\/17\/2014\/01\/Quantum_phase_transition-300x194.jpg 300w\" sizes=\"auto, (max-width: 327px) 100vw, 327px\" \/><\/a><figcaption id=\"caption-attachment-853\" class=\"wp-caption-text\">Diagrama de fases Temperatura-delta de una transici\u00f3n de fase cu\u00e1ntica gen\u00e9rica. Delta puede ser dopaje, presi\u00f3n, campo magn\u00e9tico&#8230; Fuente: Research Unit \u00abQuantum Phase Transitions\u00bb, Alemania.<\/figcaption><\/figure>\n<p style=\"text-align: justify;\">Sorprendentemente tambi\u00e9n existen transiciones de fase a temperatura cero entre dos <a title=\"Cuantizaci\u00f3n\" href=\"https:\/\/wp.icmm.csic.es\/superconductividad\/?page_id=730\">estados fundamentales<\/a>. Estas transiciones ocurren\u00a0\u00a0como funci\u00f3n de un par\u00e1metro que no es la temperatura sino la presi\u00f3n, la densidad, el campo magn\u00e9tico, el dopaje (sustituir un elemento qu\u00edmico por otro)&#8230; Estas transiciones se denominan cu\u00e1nticas y son posibles gracias a las vibraciones cu\u00e1nticas debidas al <a href=\"https:\/\/wp.icmm.csic.es\/superconductividad\/?page_id=727\">principio de incertidumbre de Heisenberg<\/a>. Las transiciones de fase cu\u00e1nticas causan efectos muy interesantes a temperaturas distintas de cero tales como metales que no son\u00a0<a title=\"Los s\u00f3lidos cristalinos\" href=\"https:\/\/wp.icmm.csic.es\/superconductividad\/?page_id=749\">l\u00edquidos de Fermi<\/a> (NFL por sus siglas en ingl\u00e9s).<\/p>\n<p style=\"text-align: justify;\">Las transiciones de fase cu\u00e1nticas constituyen un campo de investigaci\u00f3n muy activo especialmente en los <a href=\"https:\/\/wp.icmm.csic.es\/superconductividad\/?page_id=756\">sistemas de electrones fuertemente correlacionados<\/a> que da lugar a muchos fen\u00f3menos emergentes tales como superconductividad no convencional, <a title=\"Orden magn\u00e9tico\" href=\"https:\/\/wp.icmm.csic.es\/superconductividad\/?page_id=1009\">magnetismo <\/a>o nuevas fases de la materia.<\/p>\n","protected":false},"excerpt":{"rendered":"<p>Sorprendentemente tambi\u00e9n existen transiciones de fase a temperatura cero entre dos estados fundamentales. Estas transiciones ocurren\u00a0\u00a0como funci\u00f3n de un par\u00e1metro que no es la temperatura sino la presi\u00f3n, la densidad, el campo magn\u00e9tico, el dopaje (sustituir un elemento qu\u00edmico por otro)&#8230; Estas transiciones se denominan cu\u00e1nticas y son posibles gracias a las vibraciones cu\u00e1nticas debidas &hellip; <\/p>\n<p class=\"link-more\"><a href=\"https:\/\/wp.icmm.csic.es\/superconductividad\/fisica-cuantica-y-transiciones\/temperatura\/transiciones-de-fase-cuanticas\/\" class=\"more-link\">Continuar leyendo<span class=\"screen-reader-text\"> \u00abTransiciones de fase cu\u00e1nticas\u00bb<\/span><\/a><\/p>\n","protected":false},"author":1,"featured_media":0,"parent":69,"menu_order":3,"comment_status":"closed","ping_status":"closed","template":"","meta":{"ngg_post_thumbnail":0,"footnotes":""},"class_list":["post-805","page","type-page","status-publish","hentry"],"_links":{"self":[{"href":"https:\/\/wp.icmm.csic.es\/superconductividad\/wp-json\/wp\/v2\/pages\/805","targetHints":{"allow":["GET"]}}],"collection":[{"href":"https:\/\/wp.icmm.csic.es\/superconductividad\/wp-json\/wp\/v2\/pages"}],"about":[{"href":"https:\/\/wp.icmm.csic.es\/superconductividad\/wp-json\/wp\/v2\/types\/page"}],"author":[{"embeddable":true,"href":"https:\/\/wp.icmm.csic.es\/superconductividad\/wp-json\/wp\/v2\/users\/1"}],"replies":[{"embeddable":true,"href":"https:\/\/wp.icmm.csic.es\/superconductividad\/wp-json\/wp\/v2\/comments?post=805"}],"version-history":[{"count":2,"href":"https:\/\/wp.icmm.csic.es\/superconductividad\/wp-json\/wp\/v2\/pages\/805\/revisions"}],"predecessor-version":[{"id":1690,"href":"https:\/\/wp.icmm.csic.es\/superconductividad\/wp-json\/wp\/v2\/pages\/805\/revisions\/1690"}],"up":[{"embeddable":true,"href":"https:\/\/wp.icmm.csic.es\/superconductividad\/wp-json\/wp\/v2\/pages\/69"}],"wp:attachment":[{"href":"https:\/\/wp.icmm.csic.es\/superconductividad\/wp-json\/wp\/v2\/media?parent=805"}],"curies":[{"name":"wp","href":"https:\/\/api.w.org\/{rel}","templated":true}]}}