{"id":820,"date":"2014-01-09T00:00:30","date_gmt":"2014-01-08T23:00:30","guid":{"rendered":"http:\/\/www3.icmm.csic.es\/superconductividad\/?page_id=820"},"modified":"2014-01-09T00:00:30","modified_gmt":"2014-01-08T23:00:30","slug":"material-electrico","status":"publish","type":"page","link":"https:\/\/wp.icmm.csic.es\/superconductividad\/aplicaciones\/material-electrico\/","title":{"rendered":"Material el\u00e9ctrico"},"content":{"rendered":"<p>Los cables superconductores no s\u00f3lo ahorran energ\u00eda al no producir calor, sino que tambi\u00e9n admiten la transferencia de mucha mayor potencia que un cable de cobre con el mismo voltaje, de vital importancia ante la creciente saturaci\u00f3n de la red el\u00e9ctrica y los consecuentes apagones. Adem\u00e1s no producen altos campos electromagn\u00e9ticos en sus proximidades ni efectos t\u00e9rmicos. Por todo esto los cables se pueden enterrar en v\u00edas subterr\u00e1neas ya existentes.<\/p>\n<p>Actualmente existen proyectos internacionales con participaci\u00f3n espa\u00f1ola (ICMAB-CSIC, UAB y financiaci\u00f3n de Endesa) para el desarrollo de cables superconductores mejores y m\u00e1s baratos, con la demostraci\u00f3n en 2009 del cable superconductor que soporta mayor intensidad de corriente el\u00e9ctrica. Puede leerse la noticia <a href=\"http:\/\/sociedad.elpais.com\/sociedad\/2010\/04\/30\/actualidad\/1272578406_850215.html\">aqu\u00ed<\/a>.<\/p>\n<p><a href=\"https:\/\/wp.icmm.csic.es\/superconductividad\/wp-content\/uploads\/sites\/17\/2014\/01\/Cable_superconductor.jpg\"><img loading=\"lazy\" decoding=\"async\" class=\"alignright size-full wp-image-821\" title=\"Cable superconductor\" src=\"https:\/\/wp.icmm.csic.es\/superconductividad\/wp-content\/uploads\/sites\/17\/2014\/01\/Cable_superconductor.jpg\" alt=\"\" width=\"995\" height=\"666\" srcset=\"https:\/\/wp.icmm.csic.es\/superconductividad\/wp-content\/uploads\/sites\/17\/2014\/01\/Cable_superconductor.jpg 995w, https:\/\/wp.icmm.csic.es\/superconductividad\/wp-content\/uploads\/sites\/17\/2014\/01\/Cable_superconductor-300x201.jpg 300w, https:\/\/wp.icmm.csic.es\/superconductividad\/wp-content\/uploads\/sites\/17\/2014\/01\/Cable_superconductor-768x514.jpg 768w\" sizes=\"auto, (max-width: 767px) 89vw, (max-width: 1000px) 54vw, (max-width: 1071px) 543px, 580px\" \/><\/a><\/p>\n<p><em>De izquierda a derecha, los investigadores \u00c0lvar S\u00e1nchez (UAB), Xavier Granados (ICMAB-CSIC) y Du-Xing Chen (UAB), en las instalaciones de la empresa Nexans en Hann\u00f3ver, donde se realiz\u00f3 el experimento.<\/em><\/p>\n<p>&nbsp;<\/p>\n<p>Los superconductores son tambi\u00e9n limitadores de corriente: los superconductores dejan de serlo cuando se les somete a una corriente demasiado alta, convirti\u00e9ndose en los m\u00e1s r\u00e1pidos limitadores de corriente posibles y evitando las p\u00e9rdidas millonarias debidas a los picos de corriente.<\/p>\n","protected":false},"excerpt":{"rendered":"<p>Los cables superconductores no s\u00f3lo ahorran energ\u00eda al no producir calor, sino que tambi\u00e9n admiten la transferencia de mucha mayor potencia que un cable de cobre con el mismo voltaje, de vital importancia ante la creciente saturaci\u00f3n de la red el\u00e9ctrica y los consecuentes apagones. Adem\u00e1s no producen altos campos electromagn\u00e9ticos en sus proximidades ni &hellip; <\/p>\n<p class=\"link-more\"><a href=\"https:\/\/wp.icmm.csic.es\/superconductividad\/aplicaciones\/material-electrico\/\" class=\"more-link\">Continuar leyendo<span class=\"screen-reader-text\"> \u00abMaterial el\u00e9ctrico\u00bb<\/span><\/a><\/p>\n","protected":false},"author":1,"featured_media":0,"parent":24,"menu_order":1,"comment_status":"closed","ping_status":"closed","template":"","meta":{"ngg_post_thumbnail":0,"footnotes":""},"class_list":["post-820","page","type-page","status-publish","hentry"],"_links":{"self":[{"href":"https:\/\/wp.icmm.csic.es\/superconductividad\/wp-json\/wp\/v2\/pages\/820","targetHints":{"allow":["GET"]}}],"collection":[{"href":"https:\/\/wp.icmm.csic.es\/superconductividad\/wp-json\/wp\/v2\/pages"}],"about":[{"href":"https:\/\/wp.icmm.csic.es\/superconductividad\/wp-json\/wp\/v2\/types\/page"}],"author":[{"embeddable":true,"href":"https:\/\/wp.icmm.csic.es\/superconductividad\/wp-json\/wp\/v2\/users\/1"}],"replies":[{"embeddable":true,"href":"https:\/\/wp.icmm.csic.es\/superconductividad\/wp-json\/wp\/v2\/comments?post=820"}],"version-history":[{"count":1,"href":"https:\/\/wp.icmm.csic.es\/superconductividad\/wp-json\/wp\/v2\/pages\/820\/revisions"}],"predecessor-version":[{"id":1633,"href":"https:\/\/wp.icmm.csic.es\/superconductividad\/wp-json\/wp\/v2\/pages\/820\/revisions\/1633"}],"up":[{"embeddable":true,"href":"https:\/\/wp.icmm.csic.es\/superconductividad\/wp-json\/wp\/v2\/pages\/24"}],"wp:attachment":[{"href":"https:\/\/wp.icmm.csic.es\/superconductividad\/wp-json\/wp\/v2\/media?parent=820"}],"curies":[{"name":"wp","href":"https:\/\/api.w.org\/{rel}","templated":true}]}}