{"id":932,"date":"2014-01-12T20:23:05","date_gmt":"2014-01-12T19:23:05","guid":{"rendered":"http:\/\/www3.icmm.csic.es\/superconductividad\/?page_id=932"},"modified":"2018-02-26T12:40:46","modified_gmt":"2018-02-26T12:40:46","slug":"cupratos","status":"publish","type":"page","link":"https:\/\/wp.icmm.csic.es\/superconductividad\/materiales-superconductores\/superconductores-no-convencionales\/superconductores-de-alta-temperatura\/cupratos\/","title":{"rendered":"Cupratos"},"content":{"rendered":"<p style=\"text-align: justify;\">La estructura de los cupratos est\u00e1 caracterizada por capas de cobre y ox\u00edgeno, que forman una red cuadrada. En los v\u00e9rtices de cada cuadrado se sit\u00faan los \u00e1tomos de cobre mientras que los \u00e1tomos de ox\u00edgeno se encuentran en el punto medio de las aristas. Estas capas at\u00f3micas controlan el comportamiento del material al paso de la corriente el\u00e9ctrica.<\/p>\n<p><a href=\"https:\/\/wp.icmm.csic.es\/superconductividad\/wp-content\/uploads\/sites\/17\/2014\/01\/ybacuo.jpg\"><img loading=\"lazy\" decoding=\"async\" class=\"aligncenter size-full wp-image-1012\" title=\"ybacuo\" src=\"https:\/\/wp.icmm.csic.es\/superconductividad\/wp-content\/uploads\/sites\/17\/2014\/01\/ybacuo.jpg\" alt=\"\" width=\"480\" height=\"360\" srcset=\"https:\/\/wp.icmm.csic.es\/superconductividad\/wp-content\/uploads\/sites\/17\/2014\/01\/ybacuo.jpg 960w, https:\/\/wp.icmm.csic.es\/superconductividad\/wp-content\/uploads\/sites\/17\/2014\/01\/ybacuo-300x225.jpg 300w, https:\/\/wp.icmm.csic.es\/superconductividad\/wp-content\/uploads\/sites\/17\/2014\/01\/ybacuo-768x576.jpg 768w\" sizes=\"auto, (max-width: 480px) 100vw, 480px\" \/><\/a><\/p>\n<p style=\"text-align: justify;\">En los \u00f3xidos de cobre, tambi\u00e9n llamados cupratos, la aparici\u00f3n de la superconductividad est\u00e1 ligada a la cantidad de electrones que se mueven en la capa de cobre-ox\u00edgeno. En los llamados \u201ccompuestos padre\u201d cada \u00e1tomo de cobre aporta un electr\u00f3n a los electrones que se mueven. Los compuestos padre no son superconductores, pero seg\u00fan la teor\u00eda est\u00e1ndar se esperar\u00eda que fueran metales.<\/p>\n<p style=\"text-align: justify;\">En contra de estas expectativas y debido a <a title=\"Sistemas de electrones fuertemente correlacionados\" href=\"https:\/\/wp.icmm.csic.es\/superconductividad\/?page_id=756\">la fuerte correlaci\u00f3n entre los electrones<\/a> los compuestos padre son aislantes, y se les llama aislantes de Mott. En los aislantes de Mott el paso de la corriente el\u00e9ctrica se inhibe para evitar que haya dos electrones en el mismo \u00e1tomo, ya que debido a la fuerte repulsi\u00f3n esto costar\u00eda mucha energ\u00eda. Los electrones localizados se ordenan de forma <a title=\"Orden magn\u00e9tico\" href=\"https:\/\/wp.icmm.csic.es\/superconductividad\/?page_id=1009\">antiferromagn\u00e9tica<\/a>.<\/p>\n<p style=\"text-align: justify;\"><a href=\"https:\/\/wp.icmm.csic.es\/superconductividad\/wp-content\/uploads\/sites\/17\/2014\/01\/ordenafcupratos.jpg\"><img loading=\"lazy\" decoding=\"async\" class=\"aligncenter size-full wp-image-1015\" title=\"ordenafcupratos\" src=\"https:\/\/wp.icmm.csic.es\/superconductividad\/wp-content\/uploads\/sites\/17\/2014\/01\/ordenafcupratos.jpg\" alt=\"\" width=\"240\" height=\"160\" \/><\/a><\/p>\n<p style=\"text-align: justify;\">Al a\u00f1adir o quitar electrones de la capa de cobre-ox\u00edgeno desaparecen el car\u00e1cter aislante y el antiferromagnetismo y aparece la superconductividad. A temperaturas superiores a la cr\u00edtica, el material conduce la electricidad, es decir, es met\u00e1lico. Sin embargo sus propiedades son muy an\u00f3malas debido a la fuerte repulsi\u00f3n entre los electrones. Se cree que esta fuerte repulsi\u00f3n y\/o la tendencia al antiferromagnetismo pueden estar en el origen de la superconductividad de alta temperatura.<\/p>\n","protected":false},"excerpt":{"rendered":"<p>La estructura de los cupratos est\u00e1 caracterizada por capas de cobre y ox\u00edgeno, que forman una red cuadrada. En los v\u00e9rtices de cada cuadrado se sit\u00faan los \u00e1tomos de cobre mientras que los \u00e1tomos de ox\u00edgeno se encuentran en el punto medio de las aristas. Estas capas at\u00f3micas controlan el comportamiento del material al paso &hellip; <\/p>\n<p class=\"link-more\"><a href=\"https:\/\/wp.icmm.csic.es\/superconductividad\/materiales-superconductores\/superconductores-no-convencionales\/superconductores-de-alta-temperatura\/cupratos\/\" class=\"more-link\">Continuar leyendo<span class=\"screen-reader-text\"> \u00abCupratos\u00bb<\/span><\/a><\/p>\n","protected":false},"author":1,"featured_media":0,"parent":929,"menu_order":0,"comment_status":"closed","ping_status":"closed","template":"","meta":{"ngg_post_thumbnail":0,"footnotes":""},"class_list":["post-932","page","type-page","status-publish","hentry"],"_links":{"self":[{"href":"https:\/\/wp.icmm.csic.es\/superconductividad\/wp-json\/wp\/v2\/pages\/932","targetHints":{"allow":["GET"]}}],"collection":[{"href":"https:\/\/wp.icmm.csic.es\/superconductividad\/wp-json\/wp\/v2\/pages"}],"about":[{"href":"https:\/\/wp.icmm.csic.es\/superconductividad\/wp-json\/wp\/v2\/types\/page"}],"author":[{"embeddable":true,"href":"https:\/\/wp.icmm.csic.es\/superconductividad\/wp-json\/wp\/v2\/users\/1"}],"replies":[{"embeddable":true,"href":"https:\/\/wp.icmm.csic.es\/superconductividad\/wp-json\/wp\/v2\/comments?post=932"}],"version-history":[{"count":2,"href":"https:\/\/wp.icmm.csic.es\/superconductividad\/wp-json\/wp\/v2\/pages\/932\/revisions"}],"predecessor-version":[{"id":1626,"href":"https:\/\/wp.icmm.csic.es\/superconductividad\/wp-json\/wp\/v2\/pages\/932\/revisions\/1626"}],"up":[{"embeddable":true,"href":"https:\/\/wp.icmm.csic.es\/superconductividad\/wp-json\/wp\/v2\/pages\/929"}],"wp:attachment":[{"href":"https:\/\/wp.icmm.csic.es\/superconductividad\/wp-json\/wp\/v2\/media?parent=932"}],"curies":[{"name":"wp","href":"https:\/\/api.w.org\/{rel}","templated":true}]}}