{"id":935,"date":"2014-01-12T20:24:19","date_gmt":"2014-01-12T19:24:19","guid":{"rendered":"http:\/\/www3.icmm.csic.es\/superconductividad\/?page_id=935"},"modified":"2018-02-26T12:42:12","modified_gmt":"2018-02-26T12:42:12","slug":"superconductores-de-hierro","status":"publish","type":"page","link":"https:\/\/wp.icmm.csic.es\/superconductividad\/materiales-superconductores\/superconductores-no-convencionales\/superconductores-de-alta-temperatura\/superconductores-de-hierro\/","title":{"rendered":"Superconductores de hierro"},"content":{"rendered":"<p style=\"text-align: justify;\">Al igual que en los <a title=\"Cupratos\" href=\"https:\/\/wp.icmm.csic.es\/superconductividad\/?page_id=932\">\u00f3xidos de cobre<\/a> la estructura at\u00f3mica de los superconductores de hierro est\u00e1 caracterizada por l\u00e1minas bidimensionales, en este caso de hierro y ars\u00e9nico o de hierro y selenio. Los \u00e1tomos de hierro forman una red cuadrada. En el centro de cada cuadrado desplazado hacia arriba o abajo de forma alterna se sit\u00faan los \u00e1tomos de ars\u00e9nico o selenio.<\/p>\n<p><a href=\"https:\/\/wp.icmm.csic.es\/superconductividad\/wp-content\/uploads\/sites\/17\/2014\/01\/latticepnictides.jpg\"><img loading=\"lazy\" decoding=\"async\" class=\"aligncenter size-full wp-image-992\" title=\"Capa de FeAs caracter\u00edstica de la estructura de los superconductores de hierro \" src=\"https:\/\/wp.icmm.csic.es\/superconductividad\/wp-content\/uploads\/sites\/17\/2014\/01\/latticepnictides.jpg\" alt=\"\" width=\"200\" height=\"111\" srcset=\"https:\/\/wp.icmm.csic.es\/superconductividad\/wp-content\/uploads\/sites\/17\/2014\/01\/latticepnictides.jpg 400w, https:\/\/wp.icmm.csic.es\/superconductividad\/wp-content\/uploads\/sites\/17\/2014\/01\/latticepnictides-300x167.jpg 300w\" sizes=\"auto, (max-width: 200px) 100vw, 200px\" \/><\/a><\/p>\n<p style=\"text-align: justify;\">De forma similar a lo que ocurre en los <a title=\"Cupratos\" href=\"https:\/\/wp.icmm.csic.es\/superconductividad\/?page_id=932\">cupratos<\/a>, la aparici\u00f3n de la superconductividad en los superconductores de hierro depende de la cantidad de electrones en la capa que contiene al hierro. En los compuestos padre cada \u00e1tomo de hierro aporta 1.2 electrones (en los cupratos s\u00f3lo es 1). Los compuestos padre son met\u00e1licos y antiferromagn\u00e9ticos. El antiferromagnetismo desaparece al aumentar o disminuir el n\u00famero de electrones o al aplicar presi\u00f3n. En los \u00f3xidos de cobre no se ha observado que desaparezca el antiferromagnetismo por la aplicaci\u00f3n de presi\u00f3n. El orden magn\u00e9tico que presentan los superconductores de hierro es diferente al de los <a title=\"Cupratos\" href=\"https:\/\/wp.icmm.csic.es\/superconductividad\/?page_id=932\">\u00f3xidos de cobre<\/a>. Adem\u00e1s a diferencia de lo que ocurre en el caso de los \u00f3xidos de cobre los compuestos padre son met\u00e1licos. Esta diferencia es importante porque el car\u00e1cter aislante de los \u00f3xidos de cobre evidenciaba la importancia de la repulsi\u00f3n entre electrones. A\u00fan no se conoce c\u00f3mo de fuerte es esta repulsi\u00f3n entre los electrones. Es uno de los temas de estudio.<\/p>\n<p><a href=\"https:\/\/wp.icmm.csic.es\/superconductividad\/wp-content\/uploads\/sites\/17\/2014\/01\/ordenmagnetico.jpg\"><img loading=\"lazy\" decoding=\"async\" class=\"aligncenter size-full wp-image-996\" title=\"ordenmagnetico\" src=\"https:\/\/wp.icmm.csic.es\/superconductividad\/wp-content\/uploads\/sites\/17\/2014\/01\/ordenmagnetico.jpg\" alt=\"\" width=\"250\" height=\"158\" \/><\/a><\/p>\n<p style=\"text-align: justify;\">Como en los <a title=\"Cupratos\" href=\"https:\/\/wp.icmm.csic.es\/superconductividad\/?page_id=932\">\u00f3xidos de cobre<\/a>, en los superconductores de hierro el origen de la superconductividad no est\u00e1 claro. La mayor\u00eda de las teor\u00edas lo relacionan con la repulsi\u00f3n entre los electrones y con la cercan\u00eda del antiferromagnetismo. Sin embargo, algunas teor\u00edas defienden que las interacciones con la red juegan un papel importante en la transici\u00f3n superconductora, si bien diferente al que desempe\u00f1an en el caso de los superconductores convencionales.<\/p>\n","protected":false},"excerpt":{"rendered":"<p>Al igual que en los \u00f3xidos de cobre la estructura at\u00f3mica de los superconductores de hierro est\u00e1 caracterizada por l\u00e1minas bidimensionales, en este caso de hierro y ars\u00e9nico o de hierro y selenio. Los \u00e1tomos de hierro forman una red cuadrada. En el centro de cada cuadrado desplazado hacia arriba o abajo de forma alterna &hellip; <\/p>\n<p class=\"link-more\"><a href=\"https:\/\/wp.icmm.csic.es\/superconductividad\/materiales-superconductores\/superconductores-no-convencionales\/superconductores-de-alta-temperatura\/superconductores-de-hierro\/\" class=\"more-link\">Continuar leyendo<span class=\"screen-reader-text\"> \u00abSuperconductores de hierro\u00bb<\/span><\/a><\/p>\n","protected":false},"author":1,"featured_media":0,"parent":929,"menu_order":1,"comment_status":"closed","ping_status":"closed","template":"","meta":{"ngg_post_thumbnail":0,"footnotes":""},"class_list":["post-935","page","type-page","status-publish","hentry"],"_links":{"self":[{"href":"https:\/\/wp.icmm.csic.es\/superconductividad\/wp-json\/wp\/v2\/pages\/935","targetHints":{"allow":["GET"]}}],"collection":[{"href":"https:\/\/wp.icmm.csic.es\/superconductividad\/wp-json\/wp\/v2\/pages"}],"about":[{"href":"https:\/\/wp.icmm.csic.es\/superconductividad\/wp-json\/wp\/v2\/types\/page"}],"author":[{"embeddable":true,"href":"https:\/\/wp.icmm.csic.es\/superconductividad\/wp-json\/wp\/v2\/users\/1"}],"replies":[{"embeddable":true,"href":"https:\/\/wp.icmm.csic.es\/superconductividad\/wp-json\/wp\/v2\/comments?post=935"}],"version-history":[{"count":3,"href":"https:\/\/wp.icmm.csic.es\/superconductividad\/wp-json\/wp\/v2\/pages\/935\/revisions"}],"predecessor-version":[{"id":1628,"href":"https:\/\/wp.icmm.csic.es\/superconductividad\/wp-json\/wp\/v2\/pages\/935\/revisions\/1628"}],"up":[{"embeddable":true,"href":"https:\/\/wp.icmm.csic.es\/superconductividad\/wp-json\/wp\/v2\/pages\/929"}],"wp:attachment":[{"href":"https:\/\/wp.icmm.csic.es\/superconductividad\/wp-json\/wp\/v2\/media?parent=935"}],"curies":[{"name":"wp","href":"https:\/\/api.w.org\/{rel}","templated":true}]}}