{"id":937,"date":"2014-01-12T20:25:37","date_gmt":"2014-01-12T19:25:37","guid":{"rendered":"http:\/\/www3.icmm.csic.es\/superconductividad\/?page_id=937"},"modified":"2018-02-26T12:42:52","modified_gmt":"2018-02-26T12:42:52","slug":"otros-superconductores-no-convencionales","status":"publish","type":"page","link":"https:\/\/wp.icmm.csic.es\/superconductividad\/materiales-superconductores\/superconductores-no-convencionales\/otros-superconductores-no-convencionales\/","title":{"rendered":"Otros superconductores no-convencionales"},"content":{"rendered":"<p style=\"text-align: justify;\">Junto a los <a title=\"Superconductores de alta temperatura\" href=\"https:\/\/wp.icmm.csic.es\/superconductividad\/?page_id=929\">superconductores de alta temperatura<\/a> hay otros materiales en los que se cree que la superconductividad es de tipo <a title=\"Superconductores No Convencionales\" href=\"https:\/\/wp.icmm.csic.es\/superconductividad\/?page_id=460\">no convencional<\/a>. En estos superconductores la temperatura cr\u00edtica es baja en t\u00e9rminos absolutos aunque no lo es tanto si la comparamos con algunas escalas de temperaturas propias del material. Entre estos materiales se encuentran los superconductores org\u00e1nicos y los llamados fermiones pesados.<br \/>\nAl igual que en <a title=\"Cupratos\" href=\"https:\/\/wp.icmm.csic.es\/superconductividad\/?page_id=932\">los \u00f3xidos de cobre<\/a> y en los <a title=\"Superconductores de hierro\" href=\"https:\/\/wp.icmm.csic.es\/superconductividad\/?page_id=935\">superconductores de hierro<\/a>, al modificar ligeramente las condiciones (n\u00famero de electrones, presi\u00f3n, etc) junto a la superconductividad aparecen otras fases cu\u00e1nticas, generalmente magn\u00e9ticas pero tambi\u00e9n de otros tipos. Algunas de estas fases ni siquiera se sabe bien a qu\u00e9 estado corresponden.<br \/>\nComo en los superconductores de alta temperatura, en estos materiales la interacci\u00f3n entre los electrones es muy alta y se cree que juega un papel fundamental en la superconductividad. En el caso de los fermiones pesados los electrones interaccionan de dos formas diferentes por lo que se dice que hay dos tipos de electrones. Unos son mucho m\u00e1s correlacionados que los otros, y debido a esta correlaci\u00f3n tienden a localizarse. Ambos tipos de electrones se mezclan y la interacci\u00f3n no es completa, aunque se mueven como si fueran muy pesados, de ah\u00ed el nombre.<br \/>\nEn la composici\u00f3n de los fermiones pesados hay tierras raras, como el cerio, el uranio, etc. La superconductividad en estos materiales se lleva estudiando desde 1979 y se cree que tiene muchas caracter\u00edsticas en com\u00fan con la de los superconductores de alta temperatura.<br \/>\nOtros superconductores correlacionados interesantes son los \u00f3xidos de rutenio, en los que las propiedades del par de Cooper son diferentes a las habituales porque tienen momento magn\u00e9tico.<\/p>\n","protected":false},"excerpt":{"rendered":"<p>Junto a los superconductores de alta temperatura hay otros materiales en los que se cree que la superconductividad es de tipo no convencional. En estos superconductores la temperatura cr\u00edtica es baja en t\u00e9rminos absolutos aunque no lo es tanto si la comparamos con algunas escalas de temperaturas propias del material. Entre estos materiales se encuentran &hellip; <\/p>\n<p class=\"link-more\"><a href=\"https:\/\/wp.icmm.csic.es\/superconductividad\/materiales-superconductores\/superconductores-no-convencionales\/otros-superconductores-no-convencionales\/\" class=\"more-link\">Continuar leyendo<span class=\"screen-reader-text\"> \u00abOtros superconductores no-convencionales\u00bb<\/span><\/a><\/p>\n","protected":false},"author":1,"featured_media":0,"parent":460,"menu_order":4,"comment_status":"closed","ping_status":"closed","template":"","meta":{"ngg_post_thumbnail":0,"footnotes":""},"class_list":["post-937","page","type-page","status-publish","hentry"],"_links":{"self":[{"href":"https:\/\/wp.icmm.csic.es\/superconductividad\/wp-json\/wp\/v2\/pages\/937","targetHints":{"allow":["GET"]}}],"collection":[{"href":"https:\/\/wp.icmm.csic.es\/superconductividad\/wp-json\/wp\/v2\/pages"}],"about":[{"href":"https:\/\/wp.icmm.csic.es\/superconductividad\/wp-json\/wp\/v2\/types\/page"}],"author":[{"embeddable":true,"href":"https:\/\/wp.icmm.csic.es\/superconductividad\/wp-json\/wp\/v2\/users\/1"}],"replies":[{"embeddable":true,"href":"https:\/\/wp.icmm.csic.es\/superconductividad\/wp-json\/wp\/v2\/comments?post=937"}],"version-history":[{"count":3,"href":"https:\/\/wp.icmm.csic.es\/superconductividad\/wp-json\/wp\/v2\/pages\/937\/revisions"}],"predecessor-version":[{"id":1630,"href":"https:\/\/wp.icmm.csic.es\/superconductividad\/wp-json\/wp\/v2\/pages\/937\/revisions\/1630"}],"up":[{"embeddable":true,"href":"https:\/\/wp.icmm.csic.es\/superconductividad\/wp-json\/wp\/v2\/pages\/460"}],"wp:attachment":[{"href":"https:\/\/wp.icmm.csic.es\/superconductividad\/wp-json\/wp\/v2\/media?parent=937"}],"curies":[{"name":"wp","href":"https:\/\/api.w.org\/{rel}","templated":true}]}}