{"id":326,"date":"2013-05-08T09:56:40","date_gmt":"2013-05-08T11:56:40","guid":{"rendered":"http:\/\/www.icmm.csic.es\/surfcoat\/?page_id=326"},"modified":"2013-05-08T09:56:40","modified_gmt":"2013-05-08T11:56:40","slug":"projects","status":"publish","type":"page","link":"https:\/\/wp.icmm.csic.es\/surfcoat\/research\/projects\/","title":{"rendered":"Projects"},"content":{"rendered":"<h1><\/h1>\n<h1><strong>R&amp;D P<\/strong>rojects<\/h1>\n<p>Completar Contenido (Nacho J.)<\/p>\n<p style=\"text-align: justify\"><strong>Project: <em>SURFACE FUNCTIONALISATION OF MATERIAL FOR HIGH ADDED VALUE APPLICATIONS<br \/>\n<\/em><\/strong><strong>Financed by:<\/strong>\u00a0\u00a0\u00a0 MINISTERIO DE EDUCACI\u00d3N Y CIENCIA (PROGRAMA CONSOLIDER)<br \/>\n<strong>Duration:\u00a0\u00a0 <\/strong>01\/01\/2009 &#8211;\u00a0 31\/12\/2013<br \/>\n<strong>Main researcher:<\/strong>\u00a0\u00a0 Prof. J.M. Albella (ICMM-CSIC) <strong>Budget:<\/strong>\u00a0 4.5 M\u20ac<\/p>\n<p style=\"text-align: justify\"><strong>Project:\u00a0 <em>NEW SOLAR COLLECTOR CONCEPT FOR HIGH TEMPERATURE OPERATION IN CSP APPLICATIONS (HITECO)<br \/>\n<\/em><\/strong><strong>Financed by:<\/strong>\u00a0\u00a0 FP7 European Comission (FP7-ENERGY-2010-2256830)<br \/>\n<strong>Duration:\u00a0\u00a0 <\/strong>01\/11\/2010 &#8211;\u00a0 31\/10\/2013<br \/>\n<strong>Main researcher:<\/strong>\u00a0\u00a0 Aries Ingenier\u00eda y Sistemas. (Dr. Ram\u00f3n Escobar Galindo from CSIC) <strong>Budget:<\/strong>\u00a0 3.4 M\u20ac<\/p>\n<p style=\"text-align: justify\"><strong>Project: <em>NEW FUNCTIONAL COATINGS FOR MECHANICAL AND BIO-TRIBOLOGICAL APPLICATIONS (RYC-2007-00026)<br \/>\n<\/em><\/strong><strong>Financed by:<\/strong>\u00a0\u00a0 MINISTERIO DE EDUCACI\u00d3N Y CIENCIA (PROGRAMA RAMON Y CAJAL)<br \/>\n<strong>Duration:\u00a0\u00a0 <\/strong>16\/02\/2008 &#8211;\u00a0 15\/02\/2013<br \/>\n<strong>Main researcher:<\/strong>\u00a0\u00a0 <span style=\"text-decoration: underline\">Dr. Ram\u00f3n Escobar Galindo \u00a0<\/span><strong>Budget:<\/strong>\u00a0 15 k\u20ac<strong>\u00a0<\/strong><\/p>\n<p style=\"text-align: justify\"><strong>Project: <em>DEVELOPMENT OF NEW NANOCOMPOSITE METAL-OXIDE FILMS OPTICAL AND \/ OR DECORATIVE\u00a0 APPLICATIONS<br \/>\n<\/em><\/strong><strong>Financed by:<\/strong>\u00a0\u00a0\u00a0\u00a0 MINISTERIO DE EDUCACI\u00d3N Y CIENCIA (PROGRAMA ACCIONES INTEGRADAS)<br \/>\n<strong>Duration:\u00a0\u00a0 <\/strong>01\/01\/2011 &#8211;\u00a0 31\/12\/2012<br \/>\n<strong>Main researcher:<\/strong>\u00a0\u00a0 <span style=\"text-decoration: underline\">Dr. Ram\u00f3n Escobar Galindo <\/span><strong>Budget:<\/strong>\u00a0 5 k\u20ac<\/p>\n<p style=\"text-align: justify\"><strong>Project:<em> DESARROLLO DE PEL\u00cdCULAS DELGADAS DE \u00d3XIDOS MIXTOS CON APLICACIONES ESTRUCTUALES Y\/O FUNCIONALES (MAT2008-06618-C02-02\/MAT)<br \/>\n<\/em><\/strong><strong>Financed by:<\/strong>\u00a0\u00a0\u00a0\u00a0 MINISTERIO DE EDUCACI\u00d3N Y CIENCIA<br \/>\n<strong>Duration:\u00a0\u00a0 <\/strong>\u00a0\u00a001\/12\/2009 &#8211;\u00a0 31\/12\/2011<br \/>\n<strong>Main researcher:<\/strong>\u00a0\u00a0 <span style=\"text-decoration: underline\">\u00a0\u00a0Dr. C. Palacio \u00a0<\/span><strong>Budget:<\/strong><\/p>\n<p style=\"text-align: justify\"><strong>Project:<em>\u00a0 S\u00cdNTESIS Y CARACTERIZACI\u00d3N DE \u00d3XIDOS SEMICONDUCTORES TRANSPARENTES DOPADOS PARA APLICACIONES \u00d3PTICAS<br \/>\n<\/em><\/strong><strong>Financed by:<\/strong>\u00a0\u00a0\u00a0\u00a0 AGENCIA ESPA\u00d1OLA DE COOPERACI\u00d3N INTERNACIONAL PARA EL DESARROLLO (AECID)<br \/>\n<strong>Duration:\u00a0\u00a0 <\/strong>\u00a0\u00a001\/01\/2010 &#8211;\u00a0 31\/12\/2010<br \/>\n<strong>Main researcher:<\/strong>\u00a0\u00a0 <span style=\"text-decoration: underline\">\u00a0\u00a0Dr. Ram\u00f3n Escobar Galindo <\/span><strong>Budget:<\/strong>\u00a0 23 k\u20ac<\/p>\n<p style=\"text-align: justify\"><strong>Project:<em>\u00a0 DEVELOPMENT OF NEW TI-SI-C-NO COATINGS FOR BIOMEDICAL APPLICATIONS<br \/>\n<\/em><\/strong><strong>Financed by:<\/strong>\u00a0\u00a0\u00a0\u00a0 MINISTERIO DE EDUCACI\u00d3N Y CIENCIA (PROGRAMA ACCIONES INTEGRADAS)<br \/>\n<strong>Duration:\u00a0\u00a0 <\/strong>01\/01\/2008 &#8211;\u00a0 30\/06\/2010<br \/>\n<strong>Main researcher:<\/strong>\u00a0\u00a0 <span style=\"text-decoration: underline\">Dr. Ram\u00f3n Escobar Galindo <\/span><strong>Budget:<\/strong>\u00a0 7 k\u20ac<\/p>\n<p style=\"text-align: justify\"><strong>Project:<em>\u00a0\u00a0\u00a0 FULLERENE-BASED OPPORTUNITIES FOR ROBUST ENGINEERING: MAKING OPTIMISED SURFACES FOR TRIBOLOGY -FOREMOST- (NMP3-CT-2005-515840)<br \/>\n<\/em><\/strong><strong>Financed by:<\/strong>\u00a0\u00a0\u00a0\u00a0 \u00a0\u00a0COMISI\u00d3N EUROPEA, VI PROGRAMA MARCO<br \/>\n<strong>Duration:\u00a0\u00a0 <\/strong>01\/09\/2005 &#8211;\u00a0 28\/02\/2010<br \/>\n<strong>Main researcher:<\/strong>\u00a0\u00a0 <span style=\"text-decoration: underline\">\u00a0\u00a0Dr. A. Alberdio (TEKNIKER) <\/span><strong>Budget:<\/strong><\/p>\n<p style=\"text-align: justify\"><strong>Project:<em> S\u00cdNTESIS Y CARACTERIZACI\u00d3N DE COMPUESTOS NANOESTRUCTURADOS PARA APLICACIONES COMO REVESTIMIENTOS DUROS (MAT2005-05669-CO3-01)<br \/>\n<\/em><\/strong><strong>Financed by:<\/strong>\u00a0\u00a0\u00a0\u00a0 MINISTERIO DE EDUCACI\u00d3N Y CIENCIA<br \/>\n<strong>Duration:\u00a0\u00a0 <\/strong>\u00a0\u00a001\/01\/2005 &#8211;\u00a0 31\/12\/2008<br \/>\n<strong>Main researcher:<\/strong>\u00a0\u00a0 <span style=\"text-decoration: underline\">\u00a0\u00a0Dr. C. Palacio \u00a0<\/span><strong>Budget:<\/strong><\/p>\n<p style=\"text-align: justify\"><strong>Project:<em>\u00a0 DEPOSICI\u00d3N POR CO-SPUTTERING MAGNETR\u00d3N DE COMPUESTOS TERNARIOS BASADOS EN TIN (MAT2002-04037-C03-03)<br \/>\n<\/em><\/strong><strong>Financed by:<\/strong>\u00a0\u00a0\u00a0\u00a0 MINISTERIO DE EDUCACI\u00d3N Y CIENCIA<br \/>\n<strong>Duration:\u00a0\u00a0 <\/strong>\u00a0\u00a003\/03\/2003 &#8211;\u00a0 02\/03\/2006<br \/>\n<strong>Main researcher:<\/strong>\u00a0\u00a0 <span style=\"text-decoration: underline\">\u00a0\u00a0Dr. O. Sanchez \u00a0<\/span><strong>Budget:<\/strong><\/p>\n","protected":false},"excerpt":{"rendered":"<p>R&amp;D Projects Completar Contenido (Nacho J.) Project: SURFACE FUNCTIONALISATION OF MATERIAL FOR HIGH ADDED VALUE APPLICATIONS Financed by:\u00a0\u00a0\u00a0 MINISTERIO DE EDUCACI\u00d3N Y CIENCIA (PROGRAMA CONSOLIDER) Duration:\u00a0\u00a0 01\/01\/2009 &#8211;\u00a0 31\/12\/2013 Main researcher:\u00a0\u00a0 Prof. J.M. Albella (ICMM-CSIC) Budget:\u00a0 4.5 M\u20ac Project:\u00a0 NEW SOLAR COLLECTOR CONCEPT FOR HIGH TEMPERATURE OPERATION IN CSP APPLICATIONS&#8230;<\/p>\n<p class=\"continue-reading-button\"> <a class=\"continue-reading-link\" href=\"https:\/\/wp.icmm.csic.es\/surfcoat\/research\/projects\/\">Continue reading<i class=\"crycon-right-dir\"><\/i><\/a><\/p>\n","protected":false},"author":1,"featured_media":0,"parent":84,"menu_order":2,"comment_status":"closed","ping_status":"closed","template":"","meta":{"ngg_post_thumbnail":0,"footnotes":""},"class_list":["post-326","page","type-page","status-publish","hentry"],"_links":{"self":[{"href":"https:\/\/wp.icmm.csic.es\/surfcoat\/wp-json\/wp\/v2\/pages\/326","targetHints":{"allow":["GET"]}}],"collection":[{"href":"https:\/\/wp.icmm.csic.es\/surfcoat\/wp-json\/wp\/v2\/pages"}],"about":[{"href":"https:\/\/wp.icmm.csic.es\/surfcoat\/wp-json\/wp\/v2\/types\/page"}],"author":[{"embeddable":true,"href":"https:\/\/wp.icmm.csic.es\/surfcoat\/wp-json\/wp\/v2\/users\/1"}],"replies":[{"embeddable":true,"href":"https:\/\/wp.icmm.csic.es\/surfcoat\/wp-json\/wp\/v2\/comments?post=326"}],"version-history":[{"count":0,"href":"https:\/\/wp.icmm.csic.es\/surfcoat\/wp-json\/wp\/v2\/pages\/326\/revisions"}],"up":[{"embeddable":true,"href":"https:\/\/wp.icmm.csic.es\/surfcoat\/wp-json\/wp\/v2\/pages\/84"}],"wp:attachment":[{"href":"https:\/\/wp.icmm.csic.es\/surfcoat\/wp-json\/wp\/v2\/media?parent=326"}],"curies":[{"name":"wp","href":"https:\/\/api.w.org\/{rel}","templated":true}]}}