{"id":77,"date":"2012-10-30T12:00:07","date_gmt":"2012-10-30T14:00:07","guid":{"rendered":"http:\/\/www.icmm.csic.es\/surfcoat\/?page_id=77"},"modified":"2024-02-15T08:01:43","modified_gmt":"2024-02-15T08:01:43","slug":"people","status":"publish","type":"page","link":"https:\/\/wp.icmm.csic.es\/surfcoat\/people\/","title":{"rendered":"People"},"content":{"rendered":"<h1>&nbsp;<\/h1>\n<table style=\"width: 95%;\" border=\"0\" cellpadding=\"0\">\n<tbody>\n<tr>\n<td valign=\"top\"><a>Jim\u00e9nez Guerrero, Ignacio<\/a><\/td>\n<td valign=\"top\">Senior Scientist [<a href=\"http:\/\/www.researcherid.com\/rid\/F-7422-2010\" target=\"_blank\" rel=\"noopener\">ResearcherID<\/a>]<\/td>\n<\/tr>\n<tr>\n<td valign=\"top\"><a>Gago Fern\u00e1ndez, Ra\u00fal<\/a><\/td>\n<td valign=\"top\">Scientist [<a href=\"http:\/\/www.researcherid.com\/rid\/C-6762-2008\" target=\"_blank\" rel=\"noopener\">ResearcherID<\/a>]<\/td>\n<\/tr>\n<tr>\n<td valign=\"top\"><a>G\u00f3mez-Aleixandre Fern\u00e1ndez, Cristina<\/a><\/td>\n<td valign=\"top\">Scientist<\/td>\n<\/tr>\n<tr>\n<td valign=\"top\"><a>S\u00e1nchez Garrido, Olga<\/a><\/td>\n<td valign=\"top\">Scientist<\/td>\n<\/tr>\n<tr>\n<td valign=\"top\"><a>Ortiz Alvarez, Javier<\/a><\/td>\n<td valign=\"top\">Technical Engineer<\/td>\n<\/tr>\n<tr>\n<td valign=\"top\"><a>Escobar Galindo, Ram\u00f3n<\/a><\/td>\n<td valign=\"top\">Scientific Contract Ram\u00f3n y Cajal [<a href=\"http:\/\/www.researcherid.com\/rid\/B-1886-2010\" target=\"_blank\" rel=\"noopener\">ResearcherID<\/a>]<\/td>\n<\/tr>\n<tr>\n<td valign=\"top\"><a>Caretti Giangaspro, Ignacio<\/a><\/td>\n<td valign=\"top\">Scientific Contract JAE-DOC<\/td>\n<\/tr>\n<tr>\n<td><a>Mu\u00f1oz G\u00f3mez, Roberto<\/a><\/td>\n<td valign=\"top\">Graduate contract<\/td>\n<\/tr>\n<tr>\n<td valign=\"top\"><a>Mosquera Lozano, Adolfo Alfredo<\/a><\/td>\n<td valign=\"top\">PhD scholarship<\/td>\n<\/tr>\n<tr>\n<td valign=\"top\"><a>Cascales Fern\u00e1ndez, Jos\u00e9<\/a><\/td>\n<td valign=\"top\">PhD scholarship<\/td>\n<\/tr>\n<\/tbody>\n<\/table>\n","protected":false},"excerpt":{"rendered":"<p>&nbsp; Jim\u00e9nez Guerrero, Ignacio Senior Scientist [ResearcherID] Gago Fern\u00e1ndez, Ra\u00fal Scientist [ResearcherID] G\u00f3mez-Aleixandre Fern\u00e1ndez, Cristina Scientist S\u00e1nchez Garrido, Olga Scientist Ortiz Alvarez, Javier Technical Engineer Escobar Galindo, Ram\u00f3n Scientific Contract Ram\u00f3n y Cajal [ResearcherID] Caretti Giangaspro, Ignacio Scientific Contract JAE-DOC Mu\u00f1oz G\u00f3mez, Roberto Graduate contract Mosquera Lozano, Adolfo Alfredo PhD&#8230;<\/p>\n<p class=\"continue-reading-button\"> <a class=\"continue-reading-link\" href=\"https:\/\/wp.icmm.csic.es\/surfcoat\/people\/\">Continue reading<i class=\"crycon-right-dir\"><\/i><\/a><\/p>\n","protected":false},"author":1,"featured_media":0,"parent":0,"menu_order":1,"comment_status":"closed","ping_status":"closed","template":"","meta":{"ngg_post_thumbnail":0,"footnotes":""},"class_list":["post-77","page","type-page","status-publish","hentry"],"_links":{"self":[{"href":"https:\/\/wp.icmm.csic.es\/surfcoat\/wp-json\/wp\/v2\/pages\/77","targetHints":{"allow":["GET"]}}],"collection":[{"href":"https:\/\/wp.icmm.csic.es\/surfcoat\/wp-json\/wp\/v2\/pages"}],"about":[{"href":"https:\/\/wp.icmm.csic.es\/surfcoat\/wp-json\/wp\/v2\/types\/page"}],"author":[{"embeddable":true,"href":"https:\/\/wp.icmm.csic.es\/surfcoat\/wp-json\/wp\/v2\/users\/1"}],"replies":[{"embeddable":true,"href":"https:\/\/wp.icmm.csic.es\/surfcoat\/wp-json\/wp\/v2\/comments?post=77"}],"version-history":[{"count":3,"href":"https:\/\/wp.icmm.csic.es\/surfcoat\/wp-json\/wp\/v2\/pages\/77\/revisions"}],"predecessor-version":[{"id":802,"href":"https:\/\/wp.icmm.csic.es\/surfcoat\/wp-json\/wp\/v2\/pages\/77\/revisions\/802"}],"wp:attachment":[{"href":"https:\/\/wp.icmm.csic.es\/surfcoat\/wp-json\/wp\/v2\/media?parent=77"}],"curies":[{"name":"wp","href":"https:\/\/api.w.org\/{rel}","templated":true}]}}