{"id":84,"date":"2012-10-30T12:01:42","date_gmt":"2012-10-30T14:01:42","guid":{"rendered":"http:\/\/www.icmm.csic.es\/surfcoat\/?page_id=84"},"modified":"2022-03-15T07:32:36","modified_gmt":"2022-03-15T07:32:36","slug":"research","status":"publish","type":"page","link":"https:\/\/wp.icmm.csic.es\/surfcoat\/research\/","title":{"rendered":"Research"},"content":{"rendered":"<p><strong style=\"font-size: 1.5em\">Nuestras Actividades\u2026<\/strong><\/p>\n<p style=\"text-align: justify\">Las actividades cient\u00edficas del grupo de Ingenier\u00eda de Superficies y Recubrimientos Avanzados del Instituto de Ciencia de Materiales de Madrid (ICMM-CSIC) se centran fundamentalmente en el desarrollo de nuevos materiales en forma de l\u00e1mina delgada, utilizando para ello herramientas anal\u00edticas de superficies y t\u00e9cnicas de vac\u00edo. Los aspectos b\u00e1sicos est\u00e1n orientados al conocimiento de los fen\u00f3menos de superficie y su interacci\u00f3n con part\u00edculas generadas en las descargas por plasmas (especies precursoras, iones, etc). El objetivo \u00faltimo es la funcionalizaci\u00f3n de superficies mediante procesado con plasmas o a trav\u00e9s del dep\u00f3sito de capas y recubrimientos nanoestructurados, todo ello con vistas a su utilizaci\u00f3n en diferentes aplicaciones tecnol\u00f3gicas, p.e. de tipo tribomec\u00e1nico (capas duras o lubricantes), electr\u00f3nico (materiales aislantes o semiconductores), \u00f3ptico (pel\u00edculas trasparentes y antirreflectantes) o biom\u00e9dico (mejora de la biocompatibilidad). En los \u00faltimos a\u00f1os, los esfuerzos de investigaci\u00f3n se han centrado en el desarrollo de l\u00e1minas delgadas de compuestos binarios y ternarios de metales de transici\u00f3n (\u00f3xidos, nitruros, y carburos) y en otros materiales basados en compuestos de carbono, boro y nitr\u00f3geno. Tambi\u00e9n se han estudiado procesos de nanoestructuraci\u00f3n auto-organizada de superficies por haces de iones. Aparte de estas actividades, un aspecto importante del trabajo ha sido, as\u00ed mismo, el estudio y la caracterizaci\u00f3n de los materiales y nanoestructuras generadas mediante t\u00e9cnicas anal\u00edticas de superficies y radiaci\u00f3n sincrotr\u00f3n.<\/p>\n","protected":false},"excerpt":{"rendered":"<p>Nuestras Actividades\u2026 Las actividades cient\u00edficas del grupo de Ingenier\u00eda de Superficies y Recubrimientos Avanzados del Instituto de Ciencia de Materiales de Madrid (ICMM-CSIC) se centran fundamentalmente en el desarrollo de nuevos materiales en forma de l\u00e1mina delgada, utilizando para ello herramientas anal\u00edticas de superficies y t\u00e9cnicas de vac\u00edo. Los aspectos&#8230;<\/p>\n<p class=\"continue-reading-button\"> <a class=\"continue-reading-link\" href=\"https:\/\/wp.icmm.csic.es\/surfcoat\/research\/\">Continue reading<i class=\"crycon-right-dir\"><\/i><\/a><\/p>\n","protected":false},"author":1,"featured_media":0,"parent":0,"menu_order":2,"comment_status":"closed","ping_status":"closed","template":"","meta":{"ngg_post_thumbnail":0,"footnotes":""},"class_list":["post-84","page","type-page","status-publish","hentry"],"_links":{"self":[{"href":"https:\/\/wp.icmm.csic.es\/surfcoat\/wp-json\/wp\/v2\/pages\/84","targetHints":{"allow":["GET"]}}],"collection":[{"href":"https:\/\/wp.icmm.csic.es\/surfcoat\/wp-json\/wp\/v2\/pages"}],"about":[{"href":"https:\/\/wp.icmm.csic.es\/surfcoat\/wp-json\/wp\/v2\/types\/page"}],"author":[{"embeddable":true,"href":"https:\/\/wp.icmm.csic.es\/surfcoat\/wp-json\/wp\/v2\/users\/1"}],"replies":[{"embeddable":true,"href":"https:\/\/wp.icmm.csic.es\/surfcoat\/wp-json\/wp\/v2\/comments?post=84"}],"version-history":[{"count":1,"href":"https:\/\/wp.icmm.csic.es\/surfcoat\/wp-json\/wp\/v2\/pages\/84\/revisions"}],"predecessor-version":[{"id":800,"href":"https:\/\/wp.icmm.csic.es\/surfcoat\/wp-json\/wp\/v2\/pages\/84\/revisions\/800"}],"wp:attachment":[{"href":"https:\/\/wp.icmm.csic.es\/surfcoat\/wp-json\/wp\/v2\/media?parent=84"}],"curies":[{"name":"wp","href":"https:\/\/api.w.org\/{rel}","templated":true}]}}