{"id":1548,"date":"2023-01-17T09:17:00","date_gmt":"2023-01-17T09:17:00","guid":{"rendered":"https:\/\/wp.icmm.csic.es\/tqe\/?page_id=1548"},"modified":"2024-09-11T16:03:38","modified_gmt":"2024-09-11T16:03:38","slug":"daniel-michel-pino","status":"publish","type":"page","link":"https:\/\/wp.icmm.csic.es\/tqe\/people\/daniel-michel-pino\/","title":{"rendered":"Daniel Michel Pino"},"content":{"rendered":"<p><img loading=\"lazy\" decoding=\"async\" class=\"alignleft size-medium wp-image-1745\" src=\"https:\/\/wp.icmm.csic.es\/tqe\/wp-content\/uploads\/sites\/23\/2024\/09\/Michel-Pino-225x300.jpg\" alt=\"\" width=\"225\" height=\"300\" srcset=\"https:\/\/wp.icmm.csic.es\/tqe\/wp-content\/uploads\/sites\/23\/2024\/09\/Michel-Pino-225x300.jpg 225w, https:\/\/wp.icmm.csic.es\/tqe\/wp-content\/uploads\/sites\/23\/2024\/09\/Michel-Pino-768x1024.jpg 768w, https:\/\/wp.icmm.csic.es\/tqe\/wp-content\/uploads\/sites\/23\/2024\/09\/Michel-Pino-1152x1536.jpg 1152w, https:\/\/wp.icmm.csic.es\/tqe\/wp-content\/uploads\/sites\/23\/2024\/09\/Michel-Pino-1536x2048.jpg 1536w, https:\/\/wp.icmm.csic.es\/tqe\/wp-content\/uploads\/sites\/23\/2024\/09\/Michel-Pino-scaled.jpg 1920w\" sizes=\"auto, (max-width: 225px) 100vw, 225px\" \/>I am a Ph.D. candidate in Theoretical Condensed Matter and Quantum Computation under the supervision of Ram\u00f3n Aguado and Mar\u00eda Jos\u00e9 Calder\u00f3n. I acquired both my bachelor\u2019s degree in Physics and my master\u2019s degree in Theoretical Physics at the Complutense University of Madrid. Furthermore, I have enjoyed a JAE Intro ICU scholarship at the Materials Science Institute of Madrid under the supervision of Ram\u00f3n Aguado, getting initiated in the research of minimal Kitaev chains and Josephson junctions based on quantum dots. Currently, I am interested in the implementation of such novel hybrid platforms on the development of new superconducting qubits, which exploit the appearance of Majorana bound states with non-Abelian exchange statistics, allowing fault-tolerant quantum information processing.<\/p>\n","protected":false},"excerpt":{"rendered":"<p>I am a Ph.D. candidate in Theoretical Condensed Matter and Quantum Computation under the supervision of Ram\u00f3n Aguado and Mar\u00eda Jos\u00e9 Calder\u00f3n. I acquired both my bachelor\u2019s degree in Physics and my master\u2019s degree in Theoretical Physics at the Complutense University of Madrid. Furthermore, I have enjoyed a JAE Intro ICU scholarship at the Materials &hellip; <a href=\"https:\/\/wp.icmm.csic.es\/tqe\/people\/daniel-michel-pino\/\" class=\"more-link\">Continue reading <span class=\"screen-reader-text\">Daniel Michel Pino<\/span> <span class=\"meta-nav\">&rarr;<\/span><\/a><\/p>\n","protected":false},"author":56,"featured_media":0,"parent":58,"menu_order":0,"comment_status":"closed","ping_status":"closed","template":"","meta":{"footnotes":""},"class_list":["post-1548","page","type-page","status-publish","hentry"],"_links":{"self":[{"href":"https:\/\/wp.icmm.csic.es\/tqe\/wp-json\/wp\/v2\/pages\/1548","targetHints":{"allow":["GET"]}}],"collection":[{"href":"https:\/\/wp.icmm.csic.es\/tqe\/wp-json\/wp\/v2\/pages"}],"about":[{"href":"https:\/\/wp.icmm.csic.es\/tqe\/wp-json\/wp\/v2\/types\/page"}],"author":[{"embeddable":true,"href":"https:\/\/wp.icmm.csic.es\/tqe\/wp-json\/wp\/v2\/users\/56"}],"replies":[{"embeddable":true,"href":"https:\/\/wp.icmm.csic.es\/tqe\/wp-json\/wp\/v2\/comments?post=1548"}],"version-history":[{"count":4,"href":"https:\/\/wp.icmm.csic.es\/tqe\/wp-json\/wp\/v2\/pages\/1548\/revisions"}],"predecessor-version":[{"id":1746,"href":"https:\/\/wp.icmm.csic.es\/tqe\/wp-json\/wp\/v2\/pages\/1548\/revisions\/1746"}],"up":[{"embeddable":true,"href":"https:\/\/wp.icmm.csic.es\/tqe\/wp-json\/wp\/v2\/pages\/58"}],"wp:attachment":[{"href":"https:\/\/wp.icmm.csic.es\/tqe\/wp-json\/wp\/v2\/media?parent=1548"}],"curies":[{"name":"wp","href":"https:\/\/api.w.org\/{rel}","templated":true}]}}