{"id":1766,"date":"2024-10-01T21:12:59","date_gmt":"2024-10-01T21:12:59","guid":{"rendered":"https:\/\/wp.icmm.csic.es\/tqe\/?page_id=1766"},"modified":"2024-10-01T21:12:59","modified_gmt":"2024-10-01T21:12:59","slug":"belen-valenzuela","status":"publish","type":"page","link":"https:\/\/wp.icmm.csic.es\/tqe\/people\/belen-valenzuela\/","title":{"rendered":"Bel\u00e9n Valenzuela"},"content":{"rendered":"<p><img loading=\"lazy\" decoding=\"async\" class=\"alignleft size-medium wp-image-1767\" src=\"https:\/\/wp.icmm.csic.es\/tqe\/wp-content\/uploads\/sites\/23\/2024\/10\/BelenValenzuela-206x300.jpg\" alt=\"\" width=\"206\" height=\"300\" srcset=\"https:\/\/wp.icmm.csic.es\/tqe\/wp-content\/uploads\/sites\/23\/2024\/10\/BelenValenzuela-206x300.jpg 206w, https:\/\/wp.icmm.csic.es\/tqe\/wp-content\/uploads\/sites\/23\/2024\/10\/BelenValenzuela.jpg 262w\" sizes=\"auto, (max-width: 206px) 100vw, 206px\" \/>I am a Senior Scientist with more than 20 years of experience in research. My research interests are Quantum Phases of Matter: Strongly Correlated Electron Systems, High Temperature Superconductivity, Topological Phases, Dirac Matter and recently I have become more attracted to Cognitive Systems and the interrelation between condensed matter, artificial intelligence and natural intelligence.<\/p>\n<h3>Brief CV<\/h3>\n<p>&nbsp;<\/p>\n<ul class=\"ul-0\" data-once=\"body\">\n<li class=\"li-0\" data-once=\"ul\">2021, Senior Scientist (&#8220;investigador cient\u00edfico&#8221;), Instituto de Ciencia de Materiales de Madrid, CSIC.<\/li>\n<li class=\"li-0\" data-once=\"ul\">2009, Tenure Track, Instituto de Ciencia de Materiales de Madrid, CSIC.<\/li>\n<li class=\"li-0\" data-once=\"ul\">2008, Visiting professor, Departamento de F\u00edsica de Materia Condensada, Universidad Aut\u00f3noma de Madrid.<\/li>\n<li class=\"li-0\" data-once=\"ul\">2005-2008, Postdoctoral fellow, Instituto de Ciencia de Materiales de Madrid, CSIC.<\/li>\n<p>Common visitor of the University of Fribourg (Switzerland) in the group of Dionys Baeriswyl.<\/p>\n<li class=\"li-0\" data-once=\"ul\">2003-2005, Postdoctoral fellow at Department of Physics, University of Guelph (Canada) in the superconductivity group of Elisabeth Nicol.<\/li>\n<li class=\"li-0\" data-once=\"ul\">2002, PhD in Physics. Universidad Carlos III de Madrid.<\/li>\n<p>Supervisor: Mar\u00eda Angeles Hern\u00e1ndez Vozmediano. Departamento de Teor\u00eda de la Materia Condensada (Instituto de Ciencias Materiales de Madrid). Title: Strongly correlated electron systems in low dimensions<\/p>\n<li class=\"li-0\" data-once=\"ul\">1995: Graduate in Science, Theoretical Physics. Universidad Aut\u00f3noma de Madrid.<\/li>\n<\/ul>\n","protected":false},"excerpt":{"rendered":"<p>I am a Senior Scientist with more than 20 years of experience in research. My research interests are Quantum Phases of Matter: Strongly Correlated Electron Systems, High Temperature Superconductivity, Topological Phases, Dirac Matter and recently I have become more attracted to Cognitive Systems and the interrelation between condensed matter, artificial intelligence and natural intelligence. Brief &hellip; <a href=\"https:\/\/wp.icmm.csic.es\/tqe\/people\/belen-valenzuela\/\" class=\"more-link\">Continue reading <span class=\"screen-reader-text\">Bel\u00e9n Valenzuela<\/span> <span class=\"meta-nav\">&rarr;<\/span><\/a><\/p>\n","protected":false},"author":44,"featured_media":0,"parent":58,"menu_order":12,"comment_status":"closed","ping_status":"closed","template":"","meta":{"footnotes":""},"class_list":["post-1766","page","type-page","status-publish","hentry"],"_links":{"self":[{"href":"https:\/\/wp.icmm.csic.es\/tqe\/wp-json\/wp\/v2\/pages\/1766","targetHints":{"allow":["GET"]}}],"collection":[{"href":"https:\/\/wp.icmm.csic.es\/tqe\/wp-json\/wp\/v2\/pages"}],"about":[{"href":"https:\/\/wp.icmm.csic.es\/tqe\/wp-json\/wp\/v2\/types\/page"}],"author":[{"embeddable":true,"href":"https:\/\/wp.icmm.csic.es\/tqe\/wp-json\/wp\/v2\/users\/44"}],"replies":[{"embeddable":true,"href":"https:\/\/wp.icmm.csic.es\/tqe\/wp-json\/wp\/v2\/comments?post=1766"}],"version-history":[{"count":1,"href":"https:\/\/wp.icmm.csic.es\/tqe\/wp-json\/wp\/v2\/pages\/1766\/revisions"}],"predecessor-version":[{"id":1768,"href":"https:\/\/wp.icmm.csic.es\/tqe\/wp-json\/wp\/v2\/pages\/1766\/revisions\/1768"}],"up":[{"embeddable":true,"href":"https:\/\/wp.icmm.csic.es\/tqe\/wp-json\/wp\/v2\/pages\/58"}],"wp:attachment":[{"href":"https:\/\/wp.icmm.csic.es\/tqe\/wp-json\/wp\/v2\/media?parent=1766"}],"curies":[{"name":"wp","href":"https:\/\/api.w.org\/{rel}","templated":true}]}}