{"id":211,"date":"2014-01-13T21:41:55","date_gmt":"2014-01-13T21:41:55","guid":{"rendered":"http:\/\/www.icmm.csic.es\/tqe\/?page_id=211"},"modified":"2022-09-26T10:39:03","modified_gmt":"2022-09-26T10:39:03","slug":"outreach","status":"publish","type":"page","link":"https:\/\/wp.icmm.csic.es\/tqe\/outreach\/","title":{"rendered":"Outreach"},"content":{"rendered":"<ul>\n<li style=\"text-align: justify\"><a href=\"https:\/\/wp.icmm.csic.es\/superconductividad\/quienes-somos\/actividades\/\">Science Week<\/a> every November since 2011 (we reach around 400 people\/year).<\/li>\n<li style=\"text-align: justify\">Participation in the <a href=\"http:\/\/www.icmm.csic.es\/outreach\/guided-tours.php\" target=\"_blank\" rel=\"noopener noreferrer\">guided visits to the ICMM<\/a> .<\/li>\n<li>Webpage on <a href=\"https:\/\/wp.icmm.csic.es\/superconductividad\">superconductivity<\/a>\u00a0for the general public.<\/li>\n<li><a href=\"https:\/\/twitter.com\/supercond_icmm\" target=\"_blank\" rel=\"noopener noreferrer\">Twitter account @supercond_icmm<\/a><\/li>\n<li>Videos (in Spanish)\n<ul>\n<li>\u00a0<a href=\"https:\/\/www.youtube.com\/user\/superconductividad\" target=\"_blank\" rel=\"noopener noreferrer\">Superconductivity YouTube channel.<\/a><\/li>\n<li><a href=\"https:\/\/www.youtube.com\/watch?v=t9JF8LAIcxA\">\u00bfQu\u00e9 es un superconductor? <\/a>Canal Date un Voltio.<\/li>\n<li><a href=\"https:\/\/www.youtube.com\/watch?v=MkuT7NShdiQ\">Superconductividad de alta temperatura. <\/a>Canal Date un Vlog.<\/li>\n<li><a href=\"https:\/\/www.youtube.com\/watch?v=XN_UOoACLq0\">Taller de superconductividad.<\/a><\/li>\n<\/ul>\n<\/li>\n<li>Coordination and participation in the <a href=\"http:\/\/11defebrero.org\"><em>11 de Febrero <\/em><\/a>initiative.<\/li>\n<li>Participation in Ciencia a la carta.<\/li>\n<li>Participation in the <a href=\"https:\/\/www.icmm.csic.es\/Noche-Investigadores\/index.php\">European Researchers Night<\/a>, every year since 2019.<\/li>\n<li>Participation <a href=\"https:\/\/www.madrimasd.org\/feriamadridcienciainnovacion\">Feria de la Ciencia y la Innovaci\u00f3n<\/a> 2019.<\/li>\n<li><a href=\"http:\/\/madeinzaragoza.es\/blog\/ciencia-en-la-calle-la-superconductividad-a-escena\/\">Science in the street: superconductivity on stage<\/a>, July 2019<\/li>\n<li>Talks in Naukas Bilbao 2015 and 2017.<\/li>\n<li>Collaboration with the TV program &#8220;\u00d3rbita Laika&#8221; <a href=\"http:\/\/www.rtve.es\/alacarta\/videos\/orbita-laika\/orbita-laika-superconductores\/2983836\/\">2015<\/a> and <a href=\"http:\/\/www.rtve.es\/alacarta\/videos\/orbita-laika\/orbita-laika-futuro-quimica\/5266170\/\">2019<\/a>.<\/li>\n<li>Participation in the course &#8220;\u201cMateriales Avanzados y Nanotecnolog\u00eda: La Nueva Revoluci\u00f3n Industrial\u201d for high school teachers since 2015.<\/li>\n<li>Participation in <a href=\"http:\/\/10alamenos9.es\/es\/congreso-de-nanotecnologia\/\">10alamenos9<\/a> since 2017.<\/li>\n<li>Organization of two workshops in MUNCYT.<\/li>\n<li>Outreach articles:\n<ul>\n<li><a href=\"https:\/\/cienciayelazarrelativo.blogspot.com\/2021\/05\/el-mundo-cuantico-de-los-materiales.html\">El mundo cu\u00e1ntico de los materiales.<\/a> Chapter in Ciencia y el &#8220;azar relativo&#8221;.<\/li>\n<li><a href=\"http:\/\/www.investigacionyciencia.es\/revistas\/investigacion-y-ciencia\/numeros\/2015\/1\/materiales-topolgicos-12741\" target=\"_blank\" rel=\"noopener noreferrer\">Topological Materials,\u00a0<\/a> Investigaci\u00f3n y Ciencia (the\u00a0Spanish version of Scientific American) .<\/li>\n<li><a href=\"http:\/\/www.fundacionareces.es\/fundacionareces\/portal.do?IDM=146&amp;NM=2&amp;TR=C&amp;IDR=1886\">Premio Nobel de F\u00edsica 2016<\/a>. Chapter in a book published by Fundaci\u00f3n Ram\u00f3n Areces.<\/li>\n<li>&#8220;<a href=\"http:\/\/blogs.20minutos.es\/ciencia-para-llevar-csic\/2015\/04\/08\/superconductividad-fisica-cuantica-que-puedes-ver\/\" target=\"_blank\" rel=\"noopener noreferrer\">Superconductividad: f\u00edsica cu\u00e1ntica que puedes ver<\/a>&#8221;\u00a0 CSIC blog (<em>Ciencia para llevar<\/em>) .<\/li>\n<li>&#8220;<a href=\"http:\/\/blogs.20minutos.es\/ciencia-para-llevar-csic\/2016\/01\/27\/superconductividad-de-alta-temperatura-el-enigma-que-desafia-a-los-cientificos\/\" target=\"_blank\" rel=\"noopener noreferrer\">Superconductividad de alta temperatura, el enigma que desaf\u00eda a los cient\u00edficos&#8221;<\/a>.\u00a0 CSIC blog (<em>Ciencia para llevar<\/em>) .<\/li>\n<li><a href=\"http:\/\/revistadefisica.es\/index.php\/ref\/article\/view\/2227\">Premio Nobel de F\u00edsica 2016: Revoluci\u00f3n topol\u00f3gica en materia condensada.\u00a0<\/a>Revista Espa\u00f1ola de F\u00edsica.<\/li>\n<li><a href=\"http:\/\/revistadefisica.es\/index.php\/ref\/article\/view\/2316\">F\u00edsica de la Materia Condensada, una mirada diferente al universo.\u00a0<\/a>Revista Espa\u00f1ola de F\u00edsica.<\/li>\n<li><a href=\"http:\/\/revistadefisica.es\/index.php\/ref\/article\/view\/2322\">Materiales 2D.<\/a> Revista Espa\u00f1ola de F\u00edsica.<\/li>\n<li>In the <a href=\"http:\/\/www.gefes-rsef.org\" target=\"_blank\" rel=\"noopener noreferrer\">GEFES webpage<\/a> (in Spanish). Find the full list <a href=\"https:\/\/gefes-rsef.org\/tag\/tqe\/\">here<\/a>.<\/li>\n<\/ul>\n<\/li>\n<\/ul>\n<ul>\n<li style=\"list-style-type: none\"><\/li>\n<\/ul>\n","protected":false},"excerpt":{"rendered":"<p>Science Week every November since 2011 (we reach around 400 people\/year). Participation in the guided visits to the ICMM . Webpage on superconductivity\u00a0for the general public. Twitter account @supercond_icmm Videos (in Spanish) \u00a0Superconductivity YouTube channel. \u00bfQu\u00e9 es un superconductor? Canal Date un Voltio. Superconductividad de alta temperatura. Canal Date un Vlog. Taller de superconductividad. Coordination &hellip; <a href=\"https:\/\/wp.icmm.csic.es\/tqe\/outreach\/\" class=\"more-link\">Continue reading <span class=\"screen-reader-text\">Outreach<\/span> <span class=\"meta-nav\">&rarr;<\/span><\/a><\/p>\n","protected":false},"author":1,"featured_media":0,"parent":0,"menu_order":0,"comment_status":"closed","ping_status":"closed","template":"","meta":{"footnotes":""},"class_list":["post-211","page","type-page","status-publish","hentry"],"_links":{"self":[{"href":"https:\/\/wp.icmm.csic.es\/tqe\/wp-json\/wp\/v2\/pages\/211","targetHints":{"allow":["GET"]}}],"collection":[{"href":"https:\/\/wp.icmm.csic.es\/tqe\/wp-json\/wp\/v2\/pages"}],"about":[{"href":"https:\/\/wp.icmm.csic.es\/tqe\/wp-json\/wp\/v2\/types\/page"}],"author":[{"embeddable":true,"href":"https:\/\/wp.icmm.csic.es\/tqe\/wp-json\/wp\/v2\/users\/1"}],"replies":[{"embeddable":true,"href":"https:\/\/wp.icmm.csic.es\/tqe\/wp-json\/wp\/v2\/comments?post=211"}],"version-history":[{"count":9,"href":"https:\/\/wp.icmm.csic.es\/tqe\/wp-json\/wp\/v2\/pages\/211\/revisions"}],"predecessor-version":[{"id":1528,"href":"https:\/\/wp.icmm.csic.es\/tqe\/wp-json\/wp\/v2\/pages\/211\/revisions\/1528"}],"wp:attachment":[{"href":"https:\/\/wp.icmm.csic.es\/tqe\/wp-json\/wp\/v2\/media?parent=211"}],"curies":[{"name":"wp","href":"https:\/\/api.w.org\/{rel}","templated":true}]}}