{"id":271,"date":"2014-01-29T19:00:26","date_gmt":"2014-01-29T19:00:26","guid":{"rendered":"http:\/\/www.icmm.csic.es\/tqe\/?page_id=271"},"modified":"2014-01-29T19:00:26","modified_gmt":"2014-01-29T19:00:26","slug":"topological-superconductors-and-majorana-fermions","status":"publish","type":"page","link":"https:\/\/wp.icmm.csic.es\/tqe\/research-interests\/topological-superconductors-and-majorana-fermions\/","title":{"rendered":"Topological materials and Majorana Fermions"},"content":{"rendered":"<p style=\"text-align: justify\">The exotic edge states in topological materials have an even broader appeal in the superconducting case owing to their Majorana fermion character. Zero-energy Majorana bound states (MBS) are particularly interesting due to their non-Abelian braiding properties, which are potentially relevant for topological quantum computation. It has been known for years that MBS excitations may appear in many condensed matter systems (such as e. g. exotic quantum Hall states and superconductors), but the real breakthrough came with proposals to engineer topological superconductors based on conventional s-wave superconductors coupled to a topological insulator, or a semiconductor with strong spin-orbit coupling. The possibility of obtaining topological superconductivity using these realistic materials spurred a race towards detecting Majorana fermions in solid state devices.<\/p>\n<p style=\"text-align: justify\">In fact, recent experiments have reported measurements in InSb nanowires coupled to superconductors that show signatures, an emergent zero bias anomaly (ZBA) in the electrical conductance as a magnetic field is increased, consistent with MBS. Similar ZBA features have been also reported in subsequent experiments. However, alternative physical explanations, ranging from Kondo physics to non-trivial magnetic dependence of Andreev levels, cannot be ruled out in most of these experiments. Thus the field is in need of \u201dsmoking gun&#8221; experiments beyond this first ZBA generation.<\/p>\n<p><strong>Selected publications<\/strong><\/p>\n<p><a href=\"http:\/\/journals.aps.org\/prl\/abstract\/10.1103\/PhysRevLett.112.137001\">Mapping the topological phase diagram of multiband semiconductors with supercurrents<\/a><br \/>\nPablo San-Jose, Elsa Prada, Ram\u00f3n Aguado (PRL, in press)<br \/>\nPhysical Review Letters 112, 137001 (2014),\u00a0<a title=\"Abstract\" href=\"http:\/\/arxiv.org\/abs\/1309.2239\" target=\"_blank\">arXiv:1309.2239<\/a><\/p>\n<address><a href=\"http:\/\/journals.aps.org\/prb\/abstract\/10.1103\/PhysRevB.86.180503\" target=\"_blank\">Transport spectroscopy of\u00a0NS\u00a0nanowire junctions with Majorana fermions<\/a><br \/>\nElsa Prada, Pablo San-Jose, and Ram\u00f3n Aguado<br \/>\nPhys. Rev. B 86, 180503(R)<\/address>\n<address><a href=\"http:\/\/journals.aps.org\/prl\/abstract\/10.1103\/PhysRevLett.109.186802\">Zero-Bias Anomaly in a Nanowire Quantum Dot Coupled to Superconductors<\/a><br \/>\nEduardo J. H. Lee, Xiaocheng Jiang, Ram\u00f3n Aguado, Georgios Katsaros, Charles M. Lieber, and Silvano De Franceschi<br \/>\nPhys. Rev. Lett. 109, 186802<\/address>\n<p><a href=\"http:\/\/journals.aps.org\/prb\/abstract\/10.1103\/PhysRevB.86.121103\">Magnetic-field instability of Majorana modes in multiband semiconductor wires<\/a><br \/>\nJong Soo Lim, Lloren\u00e7 Serra, Rosa L\u00f3pez, and Ram\u00f3n Aguado<br \/>\nPhys. Rev. B 86, 121103(R)<\/p>\n<p><a href=\"http:\/\/journals.aps.org\/prl\/abstract\/10.1103\/PhysRevLett.108.257001\">ac Josephson Effect in Finite-Length Nanowire Junctions with Majorana Modes<\/a><br \/>\nPablo San-Jose, Elsa Prada, and Ram\u00f3n Aguado<br \/>\nPhys. Rev. Lett. 108, 257001<\/p>\n","protected":false},"excerpt":{"rendered":"<p>The exotic edge states in topological materials have an even broader appeal in the superconducting case owing to their Majorana fermion character. Zero-energy Majorana bound states (MBS) are particularly interesting due to their non-Abelian braiding properties, which are potentially relevant for topological quantum computation. It has been known for years that MBS excitations may appear &hellip; <a href=\"https:\/\/wp.icmm.csic.es\/tqe\/research-interests\/topological-superconductors-and-majorana-fermions\/\" class=\"more-link\">Continue reading <span class=\"screen-reader-text\">Topological materials and Majorana Fermions<\/span> <span class=\"meta-nav\">&rarr;<\/span><\/a><\/p>\n","protected":false},"author":1,"featured_media":0,"parent":18,"menu_order":6,"comment_status":"closed","ping_status":"closed","template":"","meta":{"footnotes":""},"class_list":["post-271","page","type-page","status-publish","hentry"],"_links":{"self":[{"href":"https:\/\/wp.icmm.csic.es\/tqe\/wp-json\/wp\/v2\/pages\/271","targetHints":{"allow":["GET"]}}],"collection":[{"href":"https:\/\/wp.icmm.csic.es\/tqe\/wp-json\/wp\/v2\/pages"}],"about":[{"href":"https:\/\/wp.icmm.csic.es\/tqe\/wp-json\/wp\/v2\/types\/page"}],"author":[{"embeddable":true,"href":"https:\/\/wp.icmm.csic.es\/tqe\/wp-json\/wp\/v2\/users\/1"}],"replies":[{"embeddable":true,"href":"https:\/\/wp.icmm.csic.es\/tqe\/wp-json\/wp\/v2\/comments?post=271"}],"version-history":[{"count":0,"href":"https:\/\/wp.icmm.csic.es\/tqe\/wp-json\/wp\/v2\/pages\/271\/revisions"}],"up":[{"embeddable":true,"href":"https:\/\/wp.icmm.csic.es\/tqe\/wp-json\/wp\/v2\/pages\/18"}],"wp:attachment":[{"href":"https:\/\/wp.icmm.csic.es\/tqe\/wp-json\/wp\/v2\/media?parent=271"}],"curies":[{"name":"wp","href":"https:\/\/api.w.org\/{rel}","templated":true}]}}