{"id":561,"date":"2014-12-08T19:46:36","date_gmt":"2014-12-08T19:46:36","guid":{"rendered":"http:\/\/www.icmm.csic.es\/tqe\/?page_id=561"},"modified":"2025-04-20T18:40:08","modified_gmt":"2025-04-20T18:40:08","slug":"publications","status":"publish","type":"page","link":"https:\/\/wp.icmm.csic.es\/tqe\/people\/leni-bascones\/publications\/","title":{"rendered":"Leni Bascones: Publications"},"content":{"rendered":"<p>Ver art\u00edculos en <a href=\"https:\/\/arxiv.org\/search\/cond-mat?query=bascones&amp;searchtype=author&amp;abstracts=show&amp;order=-announced_date_first&amp;size=50\">arXiv<\/a><\/p>\n<h2>Strongly Correlated Electron <span style=\"color: #000000\">Systems <\/span>and Bulk Superconductors<\/h2>\n<h4><span style=\"color: #0000ff\">Graphene based moir\u00e9 systems <\/span><\/h4>\n<ul>\n<li style=\"list-style-type: none\">\n<ul>\n<li style=\"list-style-type: none\">\n<ul>\n<li><a href=\"https:\/\/arxiv.org\/abs\/2412.20855\">Cascades in transport and optical conductivity of twisted bilayer graphene<\/a>. M.J. Calder\u00f3n, A. Camjayi, A. Datta and E. Bascones, <a href=\"https:\/\/arxiv.org\/abs\/2412.20855\">arXiv:2412.20855<\/a> (2024)<\/li>\n<li><a href=\"https:\/\/iopscience.iop.org\/article\/10.1088\/2053-1583\/ad3b0c\">Moir\u00e9 enabled topological superconductivity in twisted bilayer graphene<\/a><a href=\"https:\/\/arxiv.org\/abs\/2307.04605\">.<\/a> M. Khosravian, E. Bascones and J.L. Lado. \u00a02D materials 11, 035012\u00a0 (2024).<\/li>\n<li><a href=\"https:\/\/opg.optica.org\/optica\/fulltext.cfm?uri=optica-11-2-171&amp;id=546107\">High-harmonic generation with a twist: all optical characterization of magic angle twisted bilayer graphene.<\/a> B. Molinero, A. Datta, M.J. Calder\u00f3n, E. Bascones, R.E.F. Silva, Optica 11, 171 (2024).<\/li>\n<li><a href=\"https:\/\/www.nature.com\/articles\/s41467-023-40754-4\">Heavy quasiparticles and cascades without symmetry breaking in twisted bilayer graphene.<\/a> A.Datta, M.J. Calder\u00f3n, A. Camjayi and E. Bascones, Nature Communications 14, 5036 (2023).<\/li>\n<li><a href=\"https:\/\/iopscience.iop.org\/article\/10.1088\/2053-1583\/ac97f2\/meta\">Twisted bilayered graphenes at magic angles and Casimir interactions.<\/a> Rodr\u00edguez, D-N Le, M.J. Calder\u00f3n, E. Bascones and L. Woods, 2D Materials 10, 014006 (2022).<\/li>\n<li><a href=\"https:\/\/journals.aps.org\/prb\/abstract\/10.1103\/PhysRevB.106.L081123\">Mott correlations in ABC graphene trilayer aligned with hBN<\/a>, Phys. Rev. B 106-Letter, L08112 (2022).<\/li>\n<li><a href=\"https:\/\/journals.aps.org\/prb\/abstract\/10.1103\/PhysRevB.102.155149\">Interactions in the 8 orbital model for twisted bilayer graphene<\/a>. M.J. Calder\u00f3n and E. Bascones,\u00a0 PRB 102, 155149 (2020).<\/li>\n<li><a href=\"https:\/\/arxiv.org\/abs\/1912.09935\">Correlated states in magic angle twisted bilayer graphene under the optical conductivity scrutiny<\/a>. M.J. Calder\u00f3n and E. Bascones,\u00a0 NPJ Quantum Materials,\u00a0 5, 57 (2020).<\/li>\n<li><a href=\"https:\/\/iopscience.iop.org\/article\/10.1088\/2399-6528\/ab0fa9\">The nature of correlations in the insulating states of twisted bilayer graphene<\/a>. J.M. Pizarro, M.J. Calder\u00f3n and E. Bascones, Journal of Physics Communications 3, 035024 (2019).<\/li>\n<\/ul>\n<\/li>\n<\/ul>\n<\/li>\n<\/ul>\n<h4><span style=\"color: #0000ff\">Iron based superconductors <\/span><\/h4>\n<ul>\n<li style=\"list-style-type: none\">\n<ul>\n<li style=\"list-style-type: none\">\n<ul>\n<li><a href=\"https:\/\/journals.aps.org\/prmaterials\/abstract\/10.1103\/PhysRevMaterials.3.014801\">Strong electronic correlations and Fermi surface reconstruction in the quasi-one dimensional iron superconductor<\/a> BaFe2S3. J.M. Pizarro and E. Bascones, Phys. Rev. Mat. 3, 014801 (2019).<\/li>\n<li><a href=\"https:\/\/arxiv.org\/abs\/1609.06672\" target=\"_blank\" rel=\"noopener noreferrer\">Nematicity at the Hund&#8217;s metal crossover<\/a>. L. Fanfarillo, G. Giovanetti, M. Capone and E. Bascones, Phys. Rev. B 95, 144511 (2017).<\/li>\n<li><a href=\"https:\/\/arxiv.org\/abs\/1610.08626\">Non trivial role of interlayer cation states in iron-based superconductors<\/a>. D. Guterding, H.O. Jeschke, I.I. Mazin, J.K. Glasbrenner, E. Bascones and R. Valenti, Phys. Rev. Lett. 118, 017204 (2017).<\/li>\n<li><a href=\"https:\/\/arxiv.org\/abs\/1610.09560\">Strong correlations and the search for high-Tc superconductivity in chromium pnictides and chalcogenides<\/a>. J.M. Pizarro, M.J. Calder\u00f3n, J. Liu, M.C. Mu\u00f1oz and E. Bascones, Phys. Rev. B 95, 075115 (2017)<\/li>\n<li><a href=\"http:\/\/arxiv.org\/abs\/1503.04223\" target=\"_blank\" rel=\"noopener noreferrer\"><span style=\"color: #800000\">Review article<\/span>. Magnetic interactions in iron superconductors: a review. E. Bascones, <\/a>B. Valenzuela, M.J. Calder\u00f3n. Comptes Rendus Physique, 17, 36 (2016).<\/li>\n<li><a href=\"http:\/\/arxiv.org\/abs\/1501.04607\" target=\"_blank\" rel=\"noopener noreferrer\">Electronic correlations in Hund metals.<\/a>\u00a0 L. Fanfarillo and E. Bascones.\u00a0 \u00a0Phys. Rev. B, 92, 075136 (2015).<\/li>\n<li><a href=\"http:\/\/arxiv.org\/abs\/1407.6935\" target=\"_blank\" rel=\"noopener noreferrer\">Correlation, doping and interband effects on the optical conductivity of iron superconductors. <\/a>M.J. Calder\u00f3n, L. de&#8217; Medici, B. Valenzuela and E. Bascones. Phys. Rev. B, 90, 115128 (2014)<\/li>\n<li><a href=\"http:\/\/arxiv.org\/pdf\/1307.7065.pdf\">Coupling of the A1g-As phonon to magnetism in iron pnictides. <\/a>N. Garc\u00eda-Mart\u00ednez, B. Valenzuela, S. Ciuchi, E. Cappelluti, M.J. Calder\u00f3n, G. Le\u00f3n and E. Bascones. \u00a0Phys. Rev. B, 88, 165106 (2013).<\/li>\n<li><a href=\"http:\/\/www.icmm.csic.es\/lenibascones\/opticalyraman.pdf\">Optical conductivity and Raman scattering of iron superconductors. \u00a0<\/a>B. Valenzuela, M.J. Calder\u00f3n, G. Le\u00f3n and E. Bascones. Phys. Rev. B 87, 075136 (2013).<\/li>\n<li><a href=\"http:\/\/www.icmm.csic.es\/lenibascones\/orbitaldifferentiation.pdf\">Orbital differentiation and the role of orbital ordering in the magnetic state of iron superconductors. <\/a><br \/>\nE. Bascones, B. Valenzuela and M.J. Calder\u00f3n.<br \/>\nPhys. Rev. B 86, 174508 (2012).<\/li>\n<li><a href=\"http:\/\/www.icmm.csic.es\/lenibascones\/strongcoupling.pdf\">Magnetic interactions in iron superconductors revisited. <\/a><br \/>\nM.J. Calder\u00f3n, G. Le\u00f3n, B. Valenzuela and E. Bascones.<br \/>\nPhys. Rev. B 86, 104514 (2012).<\/li>\n<li><a href=\"http:\/\/www.icmm.csic.es\/lenibascones\/pnictidesanisotropy.pdf\">Conductivity anisotropy in the antiferromagnetic state of iron pnictides. \u00a0<\/a>B. Valenzuela, E. Bascones and M.J. Calder\u00f3n. Phys. Rev. Lett. 105, 207202 (2010).<\/li>\n<li><a href=\"http:\/\/www.icmm.csic.es\/lenibascones\/pnictideslowmoment.pdf\">Low magnetization and anisotropy in the antiferromagnetic state of undoped pnictides. <\/a>E. Bascones, M.J. Calder\u00f3n and B. Valenzuela.\u00a0Phys. Rev. Lett. 104, 227201 (2010).<\/li>\n<li><a href=\"http:\/\/www.icmm.csic.es\/lenibascones\/tightbindingprb.pdf\">Tight binding model for iron pnictides. <\/a>M.J. Calder\u00f3n, B. Valenzuela and E. Bascones.\u00a0Phys. Rev. B 80, 094531 (2009).<\/li>\n<li><a href=\"http:\/\/www.icmm.csic.es\/lenibascones\/pnictidestwoband.pdf\">Effect of the tetrahedral distortion on the electronic properties of iron-pnictides. <\/a>M.J. Calder\u00f3n, B. Valenzuela and E. Bascones,\u00a0New. Journal of Physics 11, 013051 (2009).<\/li>\n<\/ul>\n<\/li>\n<\/ul>\n<\/li>\n<\/ul>\n<p>&nbsp;<\/p>\n<ul>\n<li>\n<h4><span style=\"color: #0000ff\">Cuprate superconductors<\/span><\/h4>\n<ul>\n<li><a href=\"http:\/\/www.icmm.csic.es\/lenibascones\/escalascupratos_prb.pdf\">Energy scales in the Raman spectrum of electron- and hole-doped cuprates within competing scenarios. <\/a>B. Valenzuela and E. Bascones, Phys. Rev. B 78, 174522 (2008).<\/li>\n<li><a href=\"http:\/\/www.icmm.csic.es\/lenibascones\/acarpes.pdf\">Yang-Rice-Zhang description of checkerboard pattern and autocorrelation of<br \/>\nphotoemission data in high temperature superconductors. <\/a>E. Bascones and B. Valenzuela, Phys. Rev. B 77, 024527 (2008).<\/li>\n<li><a href=\"http:\/\/www.icmm.csic.es\/lenibascones\/escalascupratosprl.pdf\">Phenomenological Description of the Two Energy Scales in Underdoped Cuprate Superconductors.<\/a>B. Valenzuela and E. Bascones. Phys. Rev. Lett. 98, 227002 (2007).<\/li>\n<li><a href=\"http:\/\/www.icmm.csic.es\/lenibascones\/neutronesorthoII.pdf\">Sp\u00ecn susceptibility of underdoped cuprates. The case of ortho-II YBa2Cu3O6.5.<\/a>E. Bascones and T.M. Rice. Phys. Rev. B 74, 134501 (2006) .<\/li>\n<li><a href=\"http:\/\/www.icmm.csic.es\/lenibascones\/opticalorthoII.pdf\">Optical conductivity of ortho-II YBa2Cu3O6.5.<\/a>E. Bascones,T.M. Rice, A.O. Shorikov, A.V. Lukoyanov and V.I. Anisimov,\u00a0Phys. Rev. B 71, 012505 (2005) .<\/li>\n<\/ul>\n<p>&nbsp;<\/li>\n<li>\n<h4><span style=\"color: #0000ff\">Other correlated and superconducting materials<br \/>\n<\/span><\/h4>\n<ul>\n<li><a href=\"http:\/\/www.icmm.csic.es\/lenibascones\/excitonic.pdf\">Theory of Ferromagnetism in Doped Excitonic Condensates.<\/a>E. Bascones, A.A. Burkov and A.H. MacDonald, Phys. Rev. Lett. 89, 086401 (2002) .<\/li>\n<li><a href=\"http:\/\/www.icmm.csic.es\/lenibascones\/mgb2.pdf\">Surface effects in two-band superconductors: Application to MgB2.<\/a>E. Bascones and F. Guinea, Phys. Rev. B 64, 214508 (2001) .<\/li>\n<\/ul>\n<\/li>\n<\/ul>\n<p>&nbsp;<\/p>\n<h3>Mesoscopic Systems<\/h3>\n<ul>\n<li>\n<h4><span style=\"color: #0000ff\">Nanoparticle arrays and Coulomb blockade systems<\/span><\/h4>\n<ul>\n<li><a href=\"http:\/\/www.icmm.csic.es\/lenibascones\/robustness.pdf\">Robustness of the magnetoresistance of nanoparticle arrays. <\/a>V. Est\u00e9vez and E. Bascones. Phys. Rev. B. 84, 075441 (2011).<\/li>\n<li><a href=\"http:\/\/www.icmm.csic.es\/lenibascones\/tmr1.pdf\">Huge enhancement of the magnetoresistance and negative differential conductance in nanoparticle arrays<\/a>V. Est\u00e9vez E. Bascones.\u00a0Phys. Rev. B 83, 020408, Rapid Comm. (2011).<\/li>\n<li><a href=\"http:\/\/www.icmm.csic.es\/lenibascones\/nanoparticles1d.pdf\">Electronic correlations and disorder in transport through one-dimensional nanoparticle arrays. <\/a>E. Bascones, V. Est\u00e9vez, J.A. Trinidad and A.H. MacDonald,\u00a0Phys. Rev. B 77, 245422 (2008).<\/li>\n<li><a href=\"http:\/\/www.icmm.csic.es\/lenibascones\/nonequilibrium.pdf\">Nonequilibrium effects in transport through quantum dots <\/a>E. Bascones, C.P. Herrero, F. Guinea and G. Schon, Phys. Rev. B 61, 16778 (2000).<\/li>\n<\/ul>\n<p>&nbsp;<\/li>\n<li>\n<h4><span style=\"color: #0000ff\">Nanocontacts and Mesoscopic superconductors<\/span><\/h4>\n<ul>\n<li><span style=\"color: #800000\">Review article<\/span>: <span style=\"color: #008000\"><a style=\"color: #008000\" href=\"http:\/\/www.icmm.csic.es\/lenibascones\/reviewcuellos.pdf\">Superconducting nanostructures fabricated with the scanning tunnelling microscope<\/a>\u00a0<\/span>J.G. Rodrigo, H. Suderow, S. Vieira, E. Bascones and F. Guinea,\u00a0J. Phys. Condens. Matter<\/li>\n<li><a href=\"http:\/\/www.icmm.csic.es\/lenibascones\/minigap_pb.pdf\">Minigap in a superconductor-normal metal junction with paramagnetic impurities<\/a>B. Crouzy, E. Bascones and D.A. Ivanov.\u00a0Phys. Rev. B 72, 092501 (2005).<\/li>\n<li><a href=\"http:\/\/www.icmm.csic.es\/lenibascones\/goldcontacts.pdf\">Single-channel transmission in gold one-atom contacts and chains<\/a>G. Rubio-Bollinger, C. de las Heras, E. Bascones, N. Agrait, F. Guinea and S. Vieira,<br \/>\nPhys. Rev. B 67, 121407, Rapid. Comm. (2003).<\/li>\n<li><a href=\"http:\/\/www.icmm.csic.es\/lenibascones\/twobarrier.pdf\">Direct current through a superconducting two-barrier system<\/a>E. Bascones and F. Guinea, Phys. Rev. B 65, 174505 (2002).<\/li>\n<li><a href=\"http:\/\/www.icmm.csic.es\/lenibascones\/cuellostunel.pdf\">Proximity effect and strong-coupling superconductivity in nanostructures built with an STM<\/a>H. Suderow, E. Bascones, A. Izquierdo, f. Guinea and S. Vieira,<br \/>\nPhys. Rev. B 65, 100519 Rapid. Comm. (2002).<\/li>\n<li><a href=\"http:\/\/www.icmm.csic.es\/lenibascones\/cuellosepl.pdf\">Andreev scattering in nanoscopic junctions in a magnetic field <\/a>H. Suderow, E. Bascones, W. Belzig, F. Guinea and S. Vieira,<br \/>\nEurophys. Lett. 50, 749 (2000).<\/li>\n<li><a href=\"http:\/\/www.icmm.csic.es\/lenibascones\/nanosized.pdf\">Nanosized superconducting constrictions <\/a>M. Poza, E. Bascones, J.G. Rodrigo, N. Agrait, S. Vieira and F. Guinea,<br \/>\nPhys. Rev. B 58, 11173 (1998).<\/li>\n<li><a href=\"http:\/\/www.icmm.csic.es\/lenibascones\/statisticalcq.pdf\">Statistical significance of conductance quantization <\/a>E. Bascones, G. G\u00f3mez Santos and J.J. Sa\u00e9nz Phys. Rev. B 57, 2541 (1998).<\/li>\n<\/ul>\n<p>&nbsp;<\/li>\n<li>\n<h4><span style=\"color: #0000ff\">Related topics<\/span><\/h4>\n<ul>\n<li><span style=\"color: #800000\">Review article.<\/span> <span style=\"color: #008000\"><a style=\"color: #008000\" href=\"http:\/\/www.icmm.csic.es\/lenibascones\/dissipativeQS.pdf\">Dissipative Quantum Systems<\/a><\/span>\u00a0F. Guinea, E. Bascones and M.J. Calder\u00f3n,\u00a0Proceedings of II training course in the physics of correlated systems and high Tc superconductors.<br \/>\nIIASS. Vietri sul Mare (SA). Published by the American Institute of Physics, June 1998.\u00a0Ed. F. Mancini.<\/li>\n<li><a href=\"http:\/\/www.icmm.csic.es\/lenibascones\/backscattering.pdf\">Backscattering from perfectly reflective random media <\/a>E. Bascones, M.J. Caldero\u00b4n, D. Castelo, T. L&amp;oacutepez and J.J. Sa\u00e9nz.\u00a0Phys. Rev. B 55, R11911 Rapid comm. (1997).<\/li>\n<\/ul>\n<\/li>\n<\/ul>\n","protected":false},"excerpt":{"rendered":"<p>Ver art\u00edculos en arXiv Strongly Correlated Electron Systems and Bulk Superconductors Graphene based moir\u00e9 systems Cascades in transport and optical conductivity of twisted bilayer graphene. M.J. Calder\u00f3n, A. Camjayi, A. Datta and E. Bascones, arXiv:2412.20855 (2024) Moir\u00e9 enabled topological superconductivity in twisted bilayer graphene. M. Khosravian, E. Bascones and J.L. Lado. \u00a02D materials 11, 035012\u00a0 &hellip; <a href=\"https:\/\/wp.icmm.csic.es\/tqe\/people\/leni-bascones\/publications\/\" class=\"more-link\">Continue reading <span class=\"screen-reader-text\">Leni Bascones: Publications<\/span> <span class=\"meta-nav\">&rarr;<\/span><\/a><\/p>\n","protected":false},"author":42,"featured_media":0,"parent":63,"menu_order":2,"comment_status":"closed","ping_status":"closed","template":"page-templates\/full-width.php","meta":{"footnotes":""},"class_list":["post-561","page","type-page","status-publish","hentry"],"_links":{"self":[{"href":"https:\/\/wp.icmm.csic.es\/tqe\/wp-json\/wp\/v2\/pages\/561","targetHints":{"allow":["GET"]}}],"collection":[{"href":"https:\/\/wp.icmm.csic.es\/tqe\/wp-json\/wp\/v2\/pages"}],"about":[{"href":"https:\/\/wp.icmm.csic.es\/tqe\/wp-json\/wp\/v2\/types\/page"}],"author":[{"embeddable":true,"href":"https:\/\/wp.icmm.csic.es\/tqe\/wp-json\/wp\/v2\/users\/42"}],"replies":[{"embeddable":true,"href":"https:\/\/wp.icmm.csic.es\/tqe\/wp-json\/wp\/v2\/comments?post=561"}],"version-history":[{"count":14,"href":"https:\/\/wp.icmm.csic.es\/tqe\/wp-json\/wp\/v2\/pages\/561\/revisions"}],"predecessor-version":[{"id":1826,"href":"https:\/\/wp.icmm.csic.es\/tqe\/wp-json\/wp\/v2\/pages\/561\/revisions\/1826"}],"up":[{"embeddable":true,"href":"https:\/\/wp.icmm.csic.es\/tqe\/wp-json\/wp\/v2\/pages\/63"}],"wp:attachment":[{"href":"https:\/\/wp.icmm.csic.es\/tqe\/wp-json\/wp\/v2\/media?parent=561"}],"curies":[{"name":"wp","href":"https:\/\/api.w.org\/{rel}","templated":true}]}}