{"id":626,"date":"2015-02-16T21:00:17","date_gmt":"2015-02-16T21:00:17","guid":{"rendered":"http:\/\/www.icmm.csic.es\/tqe\/?page_id=626"},"modified":"2025-04-20T20:23:56","modified_gmt":"2025-04-20T20:23:56","slug":"leni-bascones-brief-cv","status":"publish","type":"page","link":"https:\/\/wp.icmm.csic.es\/tqe\/people\/leni-bascones\/leni-bascones-brief-cv\/","title":{"rendered":"Leni Bascones:  CV"},"content":{"rendered":"<p>Below you can find some info on the institutions where I have worked or where I have spent some time as a visiting scientists, the conferences that I have organized, the Phd thesis that I have supervised and some highlighted Editorial activity.<\/p>\n<p>Follow the links if you want to know more about <a title=\"Leni Bascones: Publications\" href=\"https:\/\/wp.icmm.csic.es\/tqe\/people\/leni-bascones\/publications\/\" target=\"_blank\" rel=\"noopener noreferrer\">my publications<\/a>, <a title=\"Leni Bascones: Talks\" href=\"https:\/\/wp.icmm.csic.es\/tqe\/people\/leni-bascones\/leni-bascones-talks\/\" target=\"_blank\" rel=\"noopener noreferrer\">the\u00a0talks that I have presented<\/a>\u00a0, my activity in <a title=\"Leni Bascones: Outreach\" href=\"https:\/\/wp.icmm.csic.es\/tqe\/people\/leni-bascones\/leni-bascones-outreach\/\">outreach<\/a>,<\/p>\n<h4><span style=\"color: #800000\">Brief Vita<\/span><\/h4>\n<ul>\n<li>From September 2009, Tenured Scientist, <a href=\"http:\/\/www.icmm.csic.es\/\"><span style=\"text-decoration: underline\"><span style=\"color: #000080\"> Instituto de Ciencia de Materiales de Madrid<\/span><\/span><\/a>, <a href=\"http:\/\/www.csic.es\/\"><span style=\"text-decoration: underline\"><span style=\"color: #000080\"> (ICMM-CSIC,Spain)<\/span><\/span><\/a>.<\/li>\n<li>April 2005-September 2009, Ram\u00f3n y Cajal fellow, <a href=\"http:\/\/www.icmm.csic.es\/\"><span style=\"text-decoration: underline\"><span style=\"color: #000080\"> Instituto de Ciencia de Materiales de Madrid<\/span><\/span><\/a>, <a href=\"http:\/\/www.csic.es\/\"><span style=\"text-decoration: underline\"><span style=\"color: #000080\"> (ICMM-CSIC,Spain)<\/span><\/span><\/a>.<\/li>\n<li>September 2002- March 2005, Postdoctoral fellow at the <a href=\"http:\/\/www.itp.phys.ethz.ch\/\"><span style=\"text-decoration: underline\"><span style=\"color: #000080\"> Institute for Theoretical Physics ETH-Zurich <\/span><\/span><\/a> (Switzerland).<\/li>\n<li>March 2001- August 2002, Postdoctoral fellow at the Department of Physics, University of Texas in Austin (USA)<\/li>\n<li>December 2000, PhD in Physics by <a href=\"http:\/\/www.uam.es\/\"><span style=\"text-decoration: underline\"><span style=\"color: #000080\">Universidad Aut\u00f3noma de Madrid<\/span><\/span><\/a>.<\/li>\n<li>July 1996: Graduate in Science, Theoretical Physics. <a href=\"http:\/\/www.uam.es\/\"><span style=\"text-decoration: underline\"><span style=\"color: #000080\"> Universidad Aut\u00f3noma de Madrid.<\/span><\/span><\/a> (Spain)<\/li>\n<\/ul>\n<h4><span style=\"color: #800000\">Member of Editorial Boards and Guest Editor of Special Issues<\/span><\/h4>\n<ul>\n<li><a href=\"https:\/\/www.sciencedirect.com\/journal\/physica-c-superconductivity-and-its-applications\">Physica C. Superconductivity and its Applications.<\/a> Member of the Editorial Board. Since 2023.<\/li>\n<li><a href=\"https:\/\/www.epletters.net\">EPL<\/a>. Co-editor. 2020-2023<\/li>\n<li><a href=\"https:\/\/iopscience.iop.org\/journal\/2515-7639\/page\/focus-womens-perspectives-quantum-materials\">Women Perspectives in Quantum Materials<\/a>. Special Issue in J. Phys. Materials. IOP: Guest editor together with Hae Young Kee and Maia G. Vergniory. 2021-2023.<\/li>\n<\/ul>\n<h4><span style=\"color: #800000\">Conferences and Schools organized<\/span><\/h4>\n<ul>\n<li><a href=\"https:\/\/wp.icmm.csic.es\/emergence\/\">Emergence of Quantum Phases in Novel Materials.<\/a> Since 2013, every 2 years I organize this school at ICMM (Madrid). The next edition will be in October 2025.<\/li>\n<li><a href=\"https:\/\/indico.ictp.it\/event\/10859\/overview\">Advances in Quantum Matter. Pushing the Boundaries<\/a> Joint ICTP-WE Heraeus School and Workshop. August, 4-15, 2025. Trieste (Italy). Co-organized with Natalia Perkins, Hae-Young Kee, Premi Chandra, Lucile Savary, Roser Valenti.<\/li>\n<li><a href=\"https:\/\/qpmh.dipc.org\">Quantum Phenomena in Multilayers and Heterostructures<\/a>. September 2-6, 2024. San Sebastian (Spain). Co-organized with Mar\u00eda N. Gastiasoro, Ali Yazdani and Paula Mellado.<\/li>\n<li>\n<div><span lang=\"EN-US\"><a href=\"https:\/\/www.we-heraeus-stiftung.de\/veranstaltungen\/correlations-and-topology-in-quantum-materials\/\">Correlations and topology in Quantum Materials<\/a>. Spanish-German Heraeus Workshop, January 2024. Bad-Honnef (Germany), coorganized with Roser Valenti and Hermann Suderow<\/span><\/div>\n<\/li>\n<li><a href=\"https:\/\/www.cmd2020gefes.eu\/_files\/_event\/_28512\/_editorFiles\/file\/44680.pdf\">Moir\u00e9 Flat Bands<\/a>. September 2020 (Madrid-online).\u00a0 Symposium organized together with Dmitri Efetov and Johannes Lischner. at <a href=\"http:\/\/www.cmd2020gefes.eu\/28512\/detail\/2020-joint-conference-of-the-condensed-matter-divisions-of-eps-cmd-and-rsef-gefes.html\">CMD2020GEFES<\/a> in September 2020.<\/li>\n<li><a href=\"https:\/\/www.inc.uam.es\/summer-school-2019\/\">Towards Room Temperature Superconductivity with Electronic. Interactions.<\/a> September 2020. Miraflores-Madrid (Spain). Nicol\u00e1s Cabrera Summer School coorganized with Isabel Guillam\u00f3n and Hermann Suderow.<\/li>\n<li><a href=\"http:\/\/eventos.unizar.es\/20274\/section\/15719\/bienalrsef2019.html\">Superconducting materials<\/a>. July 2019. Zaragoza (Spain). Symposium organized with Teresa Puig at the Biennial Meeting of the Royal Spanish Physical Society.<\/li>\n<li><a href=\"http:\/\/cmd25jmc14.sciencesconf.org\/browse\/session?sessionid=6993\" target=\"_blank\" rel=\"noopener noreferrer\">Fe-based superconductors<\/a>. August 2014. Symposium organized together with F. Rullier-Albenque, Yann Gallais and Luca de Medici at the Conference Condensed Matter in Paris.<\/li>\n<li><span style=\"text-decoration: underline\"><span style=\"color: #000080\">The Next Generation in Strongly Correlated Electron Systems <\/span><\/span>, 1st Edition.\u00a0June 2010, Lanzarote, Canary Islands, Spain.<br \/>\nConference organized together with Bel\u00e9n Valenzuela and Andr\u00e9s Santander-Syro<\/li>\n<li><a href=\"http:\/\/www.mpipks-dresden.mpg.de\/~equam10\/\"><span style=\"text-decoration: underline\"><span style=\"color: #000080\"> Emergent Quantum States in Complex Correlated Matter <\/span><\/span><\/a>,<br \/>\nAugust 2010, Dresden, Germany. Conference organized together with Ilya Eremin and Andrey Chubukov<\/li>\n<\/ul>\n<h4><span style=\"color: #800000\">Phd supervised<\/span><\/h4>\n<ul>\n<li><a href=\"https:\/\/arxiv.org\/abs\/1912.04141\"><strong>Electronic correlations in multi-orbital systems<\/strong><\/a> by Jos\u00e9 Mar\u00eda Pizarro. Presented at Universidad Aut\u00f3noma de Madrid in May 2019.<\/li>\n<li><strong>Transport Properties of Nanoparticle Arrays<\/strong>, by Virginia Estevez. Presented at Universidad Aut\u00f3noma de Madrid in April 2011<\/li>\n<\/ul>\n<h4><span style=\"color: #800000\">Visiting scientist in research institutions <\/span><span style=\"color: #800000\">(one month or longer)<\/span><\/h4>\n<ul>\n<li>September-October 2014. Visiting scientist at KITP Kavli Institute of Theoretical Physics, in University of Santa Barbara (California-USA) .<\/li>\n<li>April 2013. Research guest at Ecole Superieur de Physique et Chimie Industrielle, ESPCI, Paris (France),<\/li>\n<li>March 2008-July 2008. Research guest at Ecole Superieur de Physique et Chimie Industrielle, ESPCI, Paris (France),<\/li>\n<li>January 2008-February 2008. Research guest at ETH-Zurich,<\/li>\n<li>September 1999-December 1999. Research guest at Theoretical Physics Institute. University of Minnesota,<\/li>\n<li>April-May 1999 and November 1998. Research guest at TFP Institute, Karslruhe University,<\/li>\n<\/ul>\n<p>&nbsp;<\/p>\n<p>&nbsp;<\/p>\n","protected":false},"excerpt":{"rendered":"<p>Below you can find some info on the institutions where I have worked or where I have spent some time as a visiting scientists, the conferences that I have organized, the Phd thesis that I have supervised and some highlighted Editorial activity. Follow the links if you want to know more about my publications, the\u00a0talks &hellip; <a href=\"https:\/\/wp.icmm.csic.es\/tqe\/people\/leni-bascones\/leni-bascones-brief-cv\/\" class=\"more-link\">Continue reading <span class=\"screen-reader-text\">Leni Bascones:  CV<\/span> <span class=\"meta-nav\">&rarr;<\/span><\/a><\/p>\n","protected":false},"author":42,"featured_media":0,"parent":63,"menu_order":1,"comment_status":"closed","ping_status":"closed","template":"page-templates\/full-width.php","meta":{"footnotes":""},"class_list":["post-626","page","type-page","status-publish","hentry"],"_links":{"self":[{"href":"https:\/\/wp.icmm.csic.es\/tqe\/wp-json\/wp\/v2\/pages\/626","targetHints":{"allow":["GET"]}}],"collection":[{"href":"https:\/\/wp.icmm.csic.es\/tqe\/wp-json\/wp\/v2\/pages"}],"about":[{"href":"https:\/\/wp.icmm.csic.es\/tqe\/wp-json\/wp\/v2\/types\/page"}],"author":[{"embeddable":true,"href":"https:\/\/wp.icmm.csic.es\/tqe\/wp-json\/wp\/v2\/users\/42"}],"replies":[{"embeddable":true,"href":"https:\/\/wp.icmm.csic.es\/tqe\/wp-json\/wp\/v2\/comments?post=626"}],"version-history":[{"count":19,"href":"https:\/\/wp.icmm.csic.es\/tqe\/wp-json\/wp\/v2\/pages\/626\/revisions"}],"predecessor-version":[{"id":1833,"href":"https:\/\/wp.icmm.csic.es\/tqe\/wp-json\/wp\/v2\/pages\/626\/revisions\/1833"}],"up":[{"embeddable":true,"href":"https:\/\/wp.icmm.csic.es\/tqe\/wp-json\/wp\/v2\/pages\/63"}],"wp:attachment":[{"href":"https:\/\/wp.icmm.csic.es\/tqe\/wp-json\/wp\/v2\/media?parent=626"}],"curies":[{"name":"wp","href":"https:\/\/api.w.org\/{rel}","templated":true}]}}