{"id":68,"date":"2013-12-29T20:50:41","date_gmt":"2013-12-29T20:50:41","guid":{"rendered":"http:\/\/www.icmm.csic.es\/tqe\/?page_id=68"},"modified":"2025-02-27T21:13:08","modified_gmt":"2025-02-27T21:13:08","slug":"maria-jose-calderon","status":"publish","type":"page","link":"https:\/\/wp.icmm.csic.es\/tqe\/people\/maria-jose-calderon\/","title":{"rendered":"Mar\u00eda Jos\u00e9 Calder\u00f3n"},"content":{"rendered":"<p><img loading=\"lazy\" decoding=\"async\" class=\"alignleft size-medium wp-image-1521\" src=\"https:\/\/wp.icmm.csic.es\/tqe\/wp-content\/uploads\/sites\/23\/2022\/08\/MJ-web-245x300.jpg\" alt=\"\" width=\"245\" height=\"300\" srcset=\"https:\/\/wp.icmm.csic.es\/tqe\/wp-content\/uploads\/sites\/23\/2022\/08\/MJ-web-245x300.jpg 245w, https:\/\/wp.icmm.csic.es\/tqe\/wp-content\/uploads\/sites\/23\/2022\/08\/MJ-web-835x1024.jpg 835w, https:\/\/wp.icmm.csic.es\/tqe\/wp-content\/uploads\/sites\/23\/2022\/08\/MJ-web-768x942.jpg 768w, https:\/\/wp.icmm.csic.es\/tqe\/wp-content\/uploads\/sites\/23\/2022\/08\/MJ-web-1252x1536.jpg 1252w, https:\/\/wp.icmm.csic.es\/tqe\/wp-content\/uploads\/sites\/23\/2022\/08\/MJ-web.jpg 1434w\" sizes=\"auto, (max-width: 245px) 100vw, 245px\" \/>My research interests range from electronic correlations in novel superconductors, like twisted bilayer graphene, to the study of nanostructures (quantum dots, dopants in Si, and semiconductor-superconductor hybrids) for quantum computing.<\/p>\n<p style=\"text-align: left\">In the past I also worked on the bulk properties of colossal magnetoresistance materials, oxide heterostructures,\u00a0 Fe based superconductors and diluted magnetic semiconductors. Find a list of my publications <a href=\"https:\/\/wp.icmm.csic.es\/tqe\/people\/maria-jose-calderon\/maria-jose-calderon-publications\/\">here<\/a>.<\/p>\n<p style=\"text-align: left\"><span style=\"line-height: 1.5\">I work at ICMM-<\/span><span style=\"line-height: 1.5\"><span style=\"line-height: 1.5\">CSIC since 2007, got tenure on March 2011 and promoted to Senior Scientist in 2023. Previously I spent 3+ years at the <\/span><a style=\"line-height: 1.5\" href=\"http:\/\/www.tcm.phy.cam.ac.uk\">Theory \u00a0of Condensed Matter group<\/a><span style=\"line-height: 1.5\"> in the Cavendish Laboratory, University of Cambridge, as a postdoctoral Junior Research Fellow of <\/span><a style=\"line-height: 1.5\" href=\"http:\/\/www.chu.cam.ac.uk\">Churchill College<\/a><span style=\"line-height: 1.5\">, and two years as a research associate at the\u00a0<\/span><a style=\"line-height: 1.5\" href=\"http:\/\/www.physics.umd.edu\/cmtc\">Condensed Matter Theory Center<\/a><span style=\"line-height: 1.5\">, University of Maryland.\u00a0<\/span><\/span><\/p>\n<p><a href=\"https:\/\/qtep.csic.es\/master-quantum-tech\"><img loading=\"lazy\" decoding=\"async\" class=\"alignleft size-medium wp-image-1678\" src=\"https:\/\/wp.icmm.csic.es\/tqe\/wp-content\/uploads\/sites\/23\/2024\/04\/ColorBlack-300x69.png\" alt=\"\" width=\"300\" height=\"69\" srcset=\"https:\/\/wp.icmm.csic.es\/tqe\/wp-content\/uploads\/sites\/23\/2024\/04\/ColorBlack-300x69.png 300w, https:\/\/wp.icmm.csic.es\/tqe\/wp-content\/uploads\/sites\/23\/2024\/04\/ColorBlack-1024x235.png 1024w, https:\/\/wp.icmm.csic.es\/tqe\/wp-content\/uploads\/sites\/23\/2024\/04\/ColorBlack-768x176.png 768w, https:\/\/wp.icmm.csic.es\/tqe\/wp-content\/uploads\/sites\/23\/2024\/04\/ColorBlack.png 1342w\" sizes=\"auto, (max-width: 300px) 100vw, 300px\" \/><\/a><\/p>\n<p>I am the director of the <a href=\"https:\/\/qtep.csic.es\/master-quantum-tech\">Master&#8217;s Degree in Quantum Technologies<\/a> created by the <a href=\"https:\/\/qtep.csic.es\/\">Quantum Technologies CSIC platform<\/a> in collaboration with Universidad Internacional Men\u00e9ndez Pelayo and other 9 leading institutions in Spain.<\/p>\n<p style=\"text-align: left\">I have been in the management team of &#8220;Physics and its applications&#8221; at the Agencia Estatal de Investigaci\u00f3n (the Spanish funding agency) in the period July 2018 &#8211; November 2021.<\/p>\n<p style=\"text-align: left\">I was vice-president (Jan 2014-Jan 2016) and president (Jan 2016-Oct 2020) of the <a href=\"http:\/\/www.gefes-rsef.org\">Condensed Matter Physics Division-GEFES<\/a> of the Spanish Royal Physics Society. Since January 2021 I am an elected member of the <a href=\"https:\/\/www.eps.org\/group\/CMD\">EPS-CMD <\/a>board.<\/p>\n<p>October 2018-September 2024 I was\u00a0 a member of the <a href=\"https:\/\/journals.aps.org\/prb\/staff\">Editorial Board of Physical Review B.\u00a0<\/a><\/p>\n<p>I am currently\u00a0 deputy coordinator for the CSIC Global Area of MATERIA.<\/p>\n<p style=\"text-align: left\"><a style=\"line-height: 1.5\" title=\"Publications\" href=\"https:\/\/wp.icmm.csic.es\/tqe\/people\/maria-jose-calderon\/maria-jose-calderon-publications\/\">Full list of PUBLICATIONS<\/a><span style=\"line-height: 1.5\">\u00a0 \u00a0 \u00a0 \u00a0 <\/span><\/p>\n<p style=\"text-align: left\"><span style=\"line-height: 1.5\">You can also find my publications in:<\/span><\/p>\n<p style=\"text-align: left\"><a href=\"https:\/\/arxiv.org\/a\/calderon_m_1.html\">The arXiv<\/a><br \/>\n<a href=\"http:\/\/scholar.google.es\/citations?hl=es&amp;user=LSG5Jz8AAAAJ\">Google Scholar<\/a><br \/>\n<a href=\"http:\/\/www.researcherid.com\/rid\/A-4888-2009\" target=\"_blank\" rel=\"noopener noreferrer\">Researcher ID:\u00a0A-4888-2009<\/a><br \/>\n<a href=\"http:\/\/orcid.org\/0000-0001-5827-4731\" target=\"_blank\" rel=\"noopener noreferrer\">ORCID<\/a><\/p>\n<p style=\"text-align: left\">contact: mariaj.calderon(at)csic.es<\/p>\n","protected":false},"excerpt":{"rendered":"<p>My research interests range from electronic correlations in novel superconductors, like twisted bilayer graphene, to the study of nanostructures (quantum dots, dopants in Si, and semiconductor-superconductor hybrids) for quantum computing. In the past I also worked on the bulk properties of colossal magnetoresistance materials, oxide heterostructures,\u00a0 Fe based superconductors and diluted magnetic semiconductors. Find a &hellip; <a href=\"https:\/\/wp.icmm.csic.es\/tqe\/people\/maria-jose-calderon\/\" class=\"more-link\">Continue reading <span class=\"screen-reader-text\">Mar\u00eda Jos\u00e9 Calder\u00f3n<\/span> <span class=\"meta-nav\">&rarr;<\/span><\/a><\/p>\n","protected":false},"author":1,"featured_media":0,"parent":58,"menu_order":4,"comment_status":"closed","ping_status":"closed","template":"page-templates\/full-width.php","meta":{"footnotes":""},"class_list":["post-68","page","type-page","status-publish","hentry"],"_links":{"self":[{"href":"https:\/\/wp.icmm.csic.es\/tqe\/wp-json\/wp\/v2\/pages\/68","targetHints":{"allow":["GET"]}}],"collection":[{"href":"https:\/\/wp.icmm.csic.es\/tqe\/wp-json\/wp\/v2\/pages"}],"about":[{"href":"https:\/\/wp.icmm.csic.es\/tqe\/wp-json\/wp\/v2\/types\/page"}],"author":[{"embeddable":true,"href":"https:\/\/wp.icmm.csic.es\/tqe\/wp-json\/wp\/v2\/users\/1"}],"replies":[{"embeddable":true,"href":"https:\/\/wp.icmm.csic.es\/tqe\/wp-json\/wp\/v2\/comments?post=68"}],"version-history":[{"count":31,"href":"https:\/\/wp.icmm.csic.es\/tqe\/wp-json\/wp\/v2\/pages\/68\/revisions"}],"predecessor-version":[{"id":1798,"href":"https:\/\/wp.icmm.csic.es\/tqe\/wp-json\/wp\/v2\/pages\/68\/revisions\/1798"}],"up":[{"embeddable":true,"href":"https:\/\/wp.icmm.csic.es\/tqe\/wp-json\/wp\/v2\/pages\/58"}],"wp:attachment":[{"href":"https:\/\/wp.icmm.csic.es\/tqe\/wp-json\/wp\/v2\/media?parent=68"}],"curies":[{"name":"wp","href":"https:\/\/api.w.org\/{rel}","templated":true}]}}